{"id":7767,"date":"2019-09-04T23:08:48","date_gmt":"2019-09-04T23:08:48","guid":{"rendered":"https:\/\/www.activepatient.ca\/?page_id=7767"},"modified":"2019-09-04T23:49:28","modified_gmt":"2019-09-04T23:49:28","slug":"glycemic-index","status":"publish","type":"page","link":"https:\/\/www.activepatient.ca\/fr\/glycemic-index\/","title":{"rendered":"L\u2019indice glyc\u00e9mique"},"content":{"rendered":"\t\t<div data-elementor-type=\"wp-post\" data-elementor-id=\"7767\" class=\"elementor elementor-7767 elementor-4555 elementor-bc-flex-widget\">\n\t\t\t\t\t\t<section class=\"elementor-section elementor-top-section elementor-element elementor-element-ede7bb3 elementor-section-boxed elementor-section-height-default elementor-section-height-default\" data-id=\"ede7bb3\" data-element_type=\"section\">\n\t\t\t\t\t\t<div class=\"elementor-container elementor-column-gap-default\">\n\t\t\t\t\t<div class=\"elementor-column elementor-col-100 elementor-top-column elementor-element elementor-element-9bc5dff\" data-id=\"9bc5dff\" data-element_type=\"column\">\n\t\t\t<div class=\"elementor-widget-wrap elementor-element-populated\">\n\t\t\t\t\t\t<div class=\"elementor-element elementor-element-f8ce112 elementor-widget elementor-widget-menu-anchor\" data-id=\"f8ce112\" data-element_type=\"widget\" data-widget_type=\"menu-anchor.default\">\n\t\t\t\t<div class=\"elementor-widget-container\">\n\t\t\t\t\t\t\t<div class=\"elementor-menu-anchor\" id=\"GlycemicIndex\"><\/div>\n\t\t\t\t\t\t<\/div>\n\t\t\t\t<\/div>\n\t\t\t\t<section class=\"elementor-section elementor-inner-section elementor-element elementor-element-9a270bf elementor-section-boxed elementor-section-height-default elementor-section-height-default\" data-id=\"9a270bf\" data-element_type=\"section\">\n\t\t\t\t\t\t<div class=\"elementor-container elementor-column-gap-default\">\n\t\t\t\t\t<div class=\"elementor-column elementor-col-100 elementor-inner-column elementor-element elementor-element-3cda47f\" data-id=\"3cda47f\" data-element_type=\"column\">\n\t\t\t<div class=\"elementor-widget-wrap elementor-element-populated\">\n\t\t\t\t\t\t<div class=\"elementor-element elementor-element-59ab829 elementor-widget elementor-widget-text-editor\" data-id=\"59ab829\" data-element_type=\"widget\" data-widget_type=\"text-editor.default\">\n\t\t\t\t<div class=\"elementor-widget-container\">\n\t\t\t\t\t\t\t\t\t<p><a name=\"gi\"><\/a><\/p>\n<h6><a href=\"https:\/\/www.activepatient.ca\/fr\/glucides-intelligents\/\">&lt;&lt; Retour aux glucides intelligents<\/a><\/h6>\n<p>L&rsquo;indice glyc\u00e9mique (IG) est une \u00e9chelle allant de 0 \u00e0 100. Les aliments avec un IG plus \u00e9lev\u00e9 sont dig\u00e9r\u00e9s et absorb\u00e9s plus rapidement, ce qui entra\u00eene un taux de sucre dans le sang plus \u00e9lev\u00e9.<\/p>\n<p>Il est pr\u00e9f\u00e9rable de choisir des aliments ayant des IG plus faibles.<\/p>\n<p>Faible signifie moins de 55.<\/p>\n<p>\u00c9lev\u00e9 signifie plus de 70.<\/p>\n<p>Parfois, diff\u00e9rents groupes proposent diff\u00e9rents valeurs d&rsquo;IG. Quelques exemples se trouvent ci-dessous.<\/p>\t\t\t\t\t\t\t\t<\/div>\n\t\t\t\t<\/div>\n\t\t\t\t<div class=\"elementor-element elementor-element-8476ff7 elementor-widget elementor-widget-image\" data-id=\"8476ff7\" data-element_type=\"widget\" data-widget_type=\"image.default\">\n\t\t\t\t<div class=\"elementor-widget-container\">\n\t\t\t\t\t\t\t\t\t\t\t\t\t\t\t<img fetchpriority=\"high\" decoding=\"async\" width=\"624\" height=\"445\" src=\"https:\/\/www.activepatient.ca\/wp-content\/uploads\/2019\/09\/GlycemicGraph-FR.png\" class=\"attachment-large size-large wp-image-7777\" alt=\"\" srcset=\"https:\/\/www.activepatient.ca\/wp-content\/uploads\/2019\/09\/GlycemicGraph-FR.png 624w, https:\/\/www.activepatient.ca\/wp-content\/uploads\/2019\/09\/GlycemicGraph-FR-150x107.png 150w, https:\/\/www.activepatient.ca\/wp-content\/uploads\/2019\/09\/GlycemicGraph-FR-600x428.png 600w\" sizes=\"(max-width: 624px) 100vw, 624px\" \/>\t\t\t\t\t\t\t\t\t\t\t\t\t\t\t<\/div>\n\t\t\t\t<\/div>\n\t\t\t\t\t<\/div>\n\t\t<\/div>\n\t\t\t\t\t<\/div>\n\t\t<\/section>\n\t\t\t\t<section class=\"elementor-section elementor-inner-section elementor-element elementor-element-f94826a elementor-section-boxed elementor-section-height-default elementor-section-height-default\" data-id=\"f94826a\" data-element_type=\"section\">\n\t\t\t\t\t\t<div class=\"elementor-container elementor-column-gap-default\">\n\t\t\t\t\t<div class=\"elementor-column elementor-col-33 elementor-inner-column elementor-element elementor-element-3884531\" data-id=\"3884531\" data-element_type=\"column\" data-settings=\"{&quot;background_background&quot;:&quot;classic&quot;}\">\n\t\t\t<div class=\"elementor-widget-wrap elementor-element-populated\">\n\t\t\t\t\t\t<div class=\"elementor-element elementor-element-23b5959 elementor-widget elementor-widget-text-editor\" data-id=\"23b5959\" data-element_type=\"widget\" data-widget_type=\"text-editor.default\">\n\t\t\t\t<div class=\"elementor-widget-container\">\n\t\t\t\t\t\t\t\t\t<p><strong>Aliments ayant un faible IG (0-54) <\/strong><br \/>\n<strong> Recommand\u00e9<\/strong><\/p>\n<p>Pains:<br \/>\nPains \u00e0 grains lourds m\u00e9lang\u00e9s <br \/>\nGrains entiers <br \/>\nTortilla Pain de seigle noir <br \/>\n<br \/>\nC\u00e9r\u00e9ales &amp; produits c\u00e9r\u00e9aliers: <br \/>\nAvoine (coup\u00e9e \u00e0 la lame d\u2019acier) <br \/>\nSon d&rsquo;avoine <br \/>\nAll-Bran Original <br \/>\nRiz (converti, \u00e9tuv\u00e9) <br \/>\nOrge <br \/>\nSarrasin <br \/>\nKasha <br \/>\nBoulgour <br \/>\nQuinoa <br \/>\n<br \/>\nProduits laitiers: <br \/>\nYogourt Lait <br \/>\nLait de soya <br \/>\n<br \/>\nProt\u00e9ines v\u00e9g\u00e9tales: <br \/>\nPatate douce \/ igname <br \/>\nPois chiches <br \/>\nHaricots rouges <br \/>\nGraines de soya (Edamame) <br \/>\nHaricots cuits au four <br \/>\nLentilles <br \/>\n<br \/>\nFruits: <br \/>\nPomme <br \/>\nBanane <br \/>\nPamplemousse <br \/>\nKiwi <br \/>\nOrange <br \/>\nP\u00eache <br \/>\nPoire <br \/>\n<\/p>\t\t\t\t\t\t\t\t<\/div>\n\t\t\t\t<\/div>\n\t\t\t\t\t<\/div>\n\t\t<\/div>\n\t\t\t\t<div class=\"elementor-column elementor-col-33 elementor-inner-column elementor-element elementor-element-f27779d\" data-id=\"f27779d\" data-element_type=\"column\" data-settings=\"{&quot;background_background&quot;:&quot;classic&quot;}\">\n\t\t\t<div class=\"elementor-widget-wrap elementor-element-populated\">\n\t\t\t\t\t\t<div class=\"elementor-element elementor-element-be6539d elementor-widget elementor-widget-text-editor\" data-id=\"be6539d\" data-element_type=\"widget\" data-widget_type=\"text-editor.default\">\n\t\t\t\t<div class=\"elementor-widget-container\">\n\t\t\t\t\t\t\t\t\t<p><strong> Aliments ayant un IG moyen (55-69) <\/strong><br \/><strong>Recommand\u00e9<\/strong><\/p>\n<p>Pains: <br \/>Pain de grains entiers <br \/>Pain de seigle <br \/>Pain pita <br \/><br \/>C\u00e9r\u00e9ales &amp; produits c\u00e9r\u00e9aliers: <br \/>Cr\u00e8me de bl\u00e9 <br \/>Avoine instantan\u00e9e <br \/>Bl\u00e9 souffl\u00e9 <br \/>Riz basmati <br \/>Riz brun <br \/>Semoule de ma\u00efs <br \/>Couscous <br \/><br \/>L\u00e9gumes: <br \/>Ma\u00efs <br \/>Ma\u00efs souffl\u00e9 <br \/><br \/>Fruits: <br \/>Raisins secs <br \/>Sultanas <br \/>Abricots crus et en conserve <br \/>Mangue <br \/>Paw Paw <br \/>Ananas <br \/>Cantaloup <br \/><br \/>Autres aliments: <br \/>Miel<\/p>\t\t\t\t\t\t\t\t<\/div>\n\t\t\t\t<\/div>\n\t\t\t\t\t<\/div>\n\t\t<\/div>\n\t\t\t\t<div class=\"elementor-column elementor-col-33 elementor-inner-column elementor-element elementor-element-1068d44\" data-id=\"1068d44\" data-element_type=\"column\" data-settings=\"{&quot;background_background&quot;:&quot;classic&quot;}\">\n\t\t\t<div class=\"elementor-widget-wrap elementor-element-populated\">\n\t\t\t\t\t\t<div class=\"elementor-element elementor-element-887d857 elementor-widget elementor-widget-text-editor\" data-id=\"887d857\" data-element_type=\"widget\" data-widget_type=\"text-editor.default\">\n\t\t\t\t<div class=\"elementor-widget-container\">\n\t\t\t\t\t\t\t\t\t<p><strong>Aliments ayant un IG \u00e9lev\u00e9 (70-100) <\/strong><br \/><strong>Non recommand\u00e9<\/strong><\/p>\n<p>Pains: <br \/>Rouleau Kaiser <br \/>Mantou (pain chinois cuit \u00e0 la vapeur) <br \/>Pain blanc <br \/>Bagel blanc <br \/><br \/>C\u00e9r\u00e9ales &amp; produits c\u00e9r\u00e9aliers: <br \/>Flocons de son <br \/>Flocons de ma\u00efs <br \/>Rice Krispies \u2122 <br \/>Cr\u00e8me de bl\u00e9 instantan\u00e9e <br \/>Riz glutineux <br \/>Riz blanc (instantan\u00e9) <br \/>Millet <br \/><br \/>Produits laitiers: <br \/>Lait de riz <br \/><br \/>L\u00e9gumes: <br \/>Pommes de terre blanches <br \/>Pur\u00e9e de pommes de terre instantan\u00e9e <br \/>Frites <br \/><br \/>Fruits: <br \/>Melon d\u2019eau <br \/>Banane (trop m\u00fbre) <br \/>Litchi Dattes s\u00e9ch\u00e9es <br \/><br \/>Autres aliments: <br \/>Sucre de table <br \/>Sirop de ma\u00efs<\/p>\t\t\t\t\t\t\t\t<\/div>\n\t\t\t\t<\/div>\n\t\t\t\t\t<\/div>\n\t\t<\/div>\n\t\t\t\t\t<\/div>\n\t\t<\/section>\n\t\t\t\t<section class=\"elementor-section elementor-inner-section elementor-element elementor-element-ccbc4ea elementor-section-boxed elementor-section-height-default elementor-section-height-default\" data-id=\"ccbc4ea\" data-element_type=\"section\">\n\t\t\t\t\t\t<div class=\"elementor-container elementor-column-gap-default\">\n\t\t\t\t\t<div class=\"elementor-column elementor-col-100 elementor-inner-column elementor-element elementor-element-f3dca7c\" data-id=\"f3dca7c\" data-element_type=\"column\">\n\t\t\t<div class=\"elementor-widget-wrap elementor-element-populated\">\n\t\t\t\t\t\t<div class=\"elementor-element elementor-element-d885aeb elementor-widget elementor-widget-text-editor\" data-id=\"d885aeb\" data-element_type=\"widget\" data-widget_type=\"text-editor.default\">\n\t\t\t\t<div class=\"elementor-widget-container\">\n\t\t\t\t\t\t\t\t\t<p>Pour r\u00e9duire les fluctuations du taux de sucre dans votre sang, les l\u00e9gumes non f\u00e9culents tels que les l\u00e9gumes feuillus (exemples: laitue, \u00e9pinard, chou fris\u00e9 et bette \u00e0 carde) et les l\u00e9gumes crucif\u00e8res (exemples: chou, chou-fleur, chou de Bruxelles et brocoli) ont un IG faible et tr\u00e8s peu d\u2019impact sur le taux de sucre dans le sang. Par contre, certains l\u00e9gumes f\u00e9culents, comme les pommes de terre, ont un IG plus \u00e9lev\u00e9 et doivent \u00eatre pris en compte dans les choix alimentaires. N&rsquo;oubliez pas que les f\u00e9culents (l\u00e9gumes f\u00e9culents, riz, pain, etc.) ne doivent pas repr\u00e9senter plus du quart de ce que vous mangez au cours d&rsquo;un repas. Les l\u00e9gumineuses telles que les haricots et les lentilles, le riz basmati et les grains entiers sont des aliments nourrissants dont l&rsquo;indice glyc\u00e9mique est faible, et sont pr\u00e9f\u00e9r\u00e9es aux l\u00e9gumes f\u00e9culents, au riz blanc et aux c\u00e9r\u00e9ales raffin\u00e9es. D&rsquo;autre part, les l\u00e9gumes verts feuillus et les l\u00e9gumes crucif\u00e8res peuvent repr\u00e9senter la moiti\u00e9 de ce que vous mangez.<\/p>\n<p>Les fruits, d\u00e9pendamment de leur type, ont g\u00e9n\u00e9ralement un indice glyc\u00e9mique faible \u00e0 moyen. Il est pr\u00e9f\u00e9rable de les consommer comme \u00abdessert\u00bb apr\u00e8s un repas ou en combinaison avec une source de prot\u00e9ines (lien vers les informations sur les collations). Cela diminue leur \u00abcharge glyc\u00e9mique\u00bb, car les prot\u00e9ines ralentissent la digestion.<\/p>\n<h3>Plus de conseils sur l\u2019indice glyc\u00e9mique<\/h3>\n<ul>\n<li>Consommez une vari\u00e9t\u00e9 d&rsquo;aliments \u00e0 chaque repas. Manger de grandes quantit\u00e9s de glucides, m\u00eame si les aliments ont un IG faible, peut toujours rendre la glyc\u00e9mie trop \u00e9lev\u00e9e. Vous devez donc toujours suivre les principes des proportions de l\u2019assiette saine.<\/li>\n<li>Limitez l&rsquo;utilisation d&rsquo;aliments transform\u00e9s. Les produits les plus transform\u00e9s ont g\u00e9n\u00e9ralement un IG plus \u00e9lev\u00e9.<\/li>\n<li>\u00c9vitez de trop cuire: plus un aliment f\u00e9culent est cuit, plus il se d\u00e9compose facilement en glucose et augmente plus rapidement le taux de sucre dans le sang.<\/li>\n<li>Les p\u00e2tes cuites al dente (fermes) ont un IG plus faible que celui des p\u00e2tes molles cuites.\u00a0<\/li>\n<li>Les carottes moyennement cuites ont un IG plus faible que celui des carottes enti\u00e8rement cuites.<\/li>\n<li>Bien que les fruits et le yogourt soient des glucides simples, ils sont dig\u00e9r\u00e9s plus lentement lorsqu&rsquo;ils sont consomm\u00e9s au cours du repas, ce qui emp\u00eache les pics rapides de glyc\u00e9mie.<\/li>\n<li>Faites des choix de glucides \u00abintelligents\u00bb en choisissant des aliments ayant un faible IG dans vos repas et collations afin de vous permettre de mieux contr\u00f4ler votre glyc\u00e9mie.<\/li>\n<\/ul>\n<p>\u00a0<\/p>\n<h6 style=\"font-style: normal;\"><a href=\"https:\/\/www.activepatient.ca\/fr\/glucides-intelligents\/\">&lt;&lt; Retour aux glucides intelligents<\/a><\/h6>\t\t\t\t\t\t\t\t<\/div>\n\t\t\t\t<\/div>\n\t\t\t\t\t<\/div>\n\t\t<\/div>\n\t\t\t\t\t<\/div>\n\t\t<\/section>\n\t\t\t\t\t<\/div>\n\t\t<\/div>\n\t\t\t\t\t<\/div>\n\t\t<\/section>\n\t\t\t\t<\/div>\n\t\t","protected":false},"excerpt":{"rendered":"<p>&lt;&lt; Retour aux glucides intelligents L&rsquo;indice glyc\u00e9mique (IG) est une \u00e9chelle allant de 0 \u00e0 100. Les aliments avec un IG plus \u00e9lev\u00e9 sont dig\u00e9r\u00e9s et absorb\u00e9s plus rapidement, ce qui entra\u00eene un taux de sucre dans le sang plus \u00e9lev\u00e9. Il est pr\u00e9f\u00e9rable de choisir des aliments ayant des IG plus faibles. Faible signifie &#8230; <a title=\"L\u2019indice glyc\u00e9mique\" class=\"read-more\" href=\"https:\/\/www.activepatient.ca\/fr\/glycemic-index\/\">Lire la suite <span class=\"screen-reader-text\">L\u2019indice glyc\u00e9mique<\/span><\/a><\/p>\n","protected":false},"author":1,"featured_media":0,"parent":0,"menu_order":0,"comment_status":"closed","ping_status":"closed","template":"","meta":{"_acf_changed":false,"ngg_post_thumbnail":0,"h5ap_radio_sources":[],"footnotes":""},"class_list":["post-7767","page","type-page","status-publish"],"acf":[],"_links":{"self":[{"href":"https:\/\/www.activepatient.ca\/fr\/wp-json\/wp\/v2\/pages\/7767","targetHints":{"allow":["GET"]}}],"collection":[{"href":"https:\/\/www.activepatient.ca\/fr\/wp-json\/wp\/v2\/pages"}],"about":[{"href":"https:\/\/www.activepatient.ca\/fr\/wp-json\/wp\/v2\/types\/page"}],"author":[{"embeddable":true,"href":"https:\/\/www.activepatient.ca\/fr\/wp-json\/wp\/v2\/users\/1"}],"replies":[{"embeddable":true,"href":"https:\/\/www.activepatient.ca\/fr\/wp-json\/wp\/v2\/comments?post=7767"}],"version-history":[{"count":0,"href":"https:\/\/www.activepatient.ca\/fr\/wp-json\/wp\/v2\/pages\/7767\/revisions"}],"wp:attachment":[{"href":"https:\/\/www.activepatient.ca\/fr\/wp-json\/wp\/v2\/media?parent=7767"}],"curies":[{"name":"wp","href":"https:\/\/api.w.org\/{rel}","templated":true}]}}