{"id":7706,"date":"2019-08-30T02:18:39","date_gmt":"2019-08-30T02:18:39","guid":{"rendered":"https:\/\/www.activepatient.ca\/?page_id=7706"},"modified":"2019-09-04T23:51:00","modified_gmt":"2019-09-04T23:51:00","slug":"carb-counting","status":"publish","type":"page","link":"https:\/\/www.activepatient.ca\/fr\/carb-counting\/","title":{"rendered":"Le calcul des glucides"},"content":{"rendered":"\t\t<div data-elementor-type=\"wp-post\" data-elementor-id=\"7706\" class=\"elementor elementor-7706 elementor-4556\">\n\t\t\t\t\t\t<section class=\"elementor-section elementor-top-section elementor-element elementor-element-a06cb2e elementor-section-boxed elementor-section-height-default elementor-section-height-default\" data-id=\"a06cb2e\" data-element_type=\"section\">\n\t\t\t\t\t\t<div class=\"elementor-container elementor-column-gap-default\">\n\t\t\t\t\t<div class=\"elementor-column elementor-col-100 elementor-top-column elementor-element elementor-element-8fb1f6b\" data-id=\"8fb1f6b\" data-element_type=\"column\">\n\t\t\t<div class=\"elementor-widget-wrap elementor-element-populated\">\n\t\t\t\t\t\t<div class=\"elementor-element elementor-element-00636d4 elementor-widget elementor-widget-menu-anchor\" data-id=\"00636d4\" data-element_type=\"widget\" data-widget_type=\"menu-anchor.default\">\n\t\t\t\t<div class=\"elementor-widget-container\">\n\t\t\t\t\t\t\t<div class=\"elementor-menu-anchor\" id=\"ccb\"><\/div>\n\t\t\t\t\t\t<\/div>\n\t\t\t\t<\/div>\n\t\t\t\t<section class=\"elementor-section elementor-inner-section elementor-element elementor-element-12d863c elementor-section-boxed elementor-section-height-default elementor-section-height-default\" data-id=\"12d863c\" data-element_type=\"section\">\n\t\t\t\t\t\t<div class=\"elementor-container elementor-column-gap-default\">\n\t\t\t\t\t<div class=\"elementor-column elementor-col-100 elementor-inner-column elementor-element elementor-element-a5d665c\" data-id=\"a5d665c\" data-element_type=\"column\">\n\t\t\t<div class=\"elementor-widget-wrap elementor-element-populated\">\n\t\t\t\t\t\t<div class=\"elementor-element elementor-element-58a44de elementor-widget elementor-widget-text-editor\" data-id=\"58a44de\" data-element_type=\"widget\" data-widget_type=\"text-editor.default\">\n\t\t\t\t<div class=\"elementor-widget-container\">\n\t\t\t\t\t\t\t\t\t<h6><a href=\"https:\/\/www.activepatient.ca\/fr\/glucides-intelligents\/\">&lt;&lt; Retour aux glucides intelligents <\/a><\/h6>\n<p>Le calcul des glucides est un outil pratique que vous pouvez utiliser pour vous aider avec la planification des repas.<\/p>\n<ul>\n\t<li>Il peut vous aider \u00e0 surveiller de pr\u00e8s la quantit\u00e9 de glucides que vous consommez.<\/li>\n\t<li>Il peut vous aider \u00e0 g\u00e9rer votre glyc\u00e9mie.<\/li>\n\t<li>Certaines personnes aiment \u00e7a et d\u2019autres n\u2019aiment pas.<\/li>\n<\/ul>\n<p>L&rsquo;id\u00e9e est de compter les portions de glucides. Une portion \u00e9quivaut \u00e0 15 grammes de glucides. Les listes de calcul des glucides vous permettent de d\u00e9terminer quelle quantit\u00e9 d\u2019aliments contenant des glucides repr\u00e9sente 15 grammes de glucides.<\/p>\n<ul>\n\t<li>Par exemple, une demi-tasse de p\u00e2tes cuites \u00e9quivaut \u00e0 une portion (15 grammes de glucides). La r\u00e8gle g\u00e9n\u00e9rale est 1-2 \u00abportion\u00bb ou \u00ab\u00e9change de glucides\u00bb au d\u00e9jeuner et deux \u00e0 trois au d\u00eener et au souper. Et 1 portion aux collations.<\/li>\n\t<li>Il est pr\u00e9f\u00e9rable de consulter votre \u00e9quipe de soins de sant\u00e9 pour savoir si le calcul des glucides vous convient et combien de portions de glucides vous devriez viser. Voici quelques exemples de quantit\u00e9s d&rsquo;aliments \u00e9quivalant \u00e0 15 grammes de glucides.<\/li>\n<\/ul>\n<h5 style=\"font-style: normal;\">\u00a0<\/h5>\t\t\t\t\t\t\t\t<\/div>\n\t\t\t\t<\/div>\n\t\t\t\t\t<\/div>\n\t\t<\/div>\n\t\t\t\t\t<\/div>\n\t\t<\/section>\n\t\t\t\t<section class=\"elementor-section elementor-inner-section elementor-element elementor-element-637d545 elementor-section-boxed elementor-section-height-default elementor-section-height-default\" data-id=\"637d545\" data-element_type=\"section\">\n\t\t\t\t\t\t<div class=\"elementor-container elementor-column-gap-default\">\n\t\t\t\t\t<div class=\"elementor-column elementor-col-100 elementor-inner-column elementor-element elementor-element-89e7790\" data-id=\"89e7790\" data-element_type=\"column\" data-settings=\"{&quot;background_background&quot;:&quot;classic&quot;}\">\n\t\t\t<div class=\"elementor-widget-wrap elementor-element-populated\">\n\t\t\t\t\t\t<div class=\"elementor-element elementor-element-a3d56d1 elementor-widget elementor-widget-text-editor\" data-id=\"a3d56d1\" data-element_type=\"widget\" data-widget_type=\"text-editor.default\">\n\t\t\t\t<div class=\"elementor-widget-container\">\n\t\t\t\t\t\t\t\t\t<table border=\"1\">\n<tbody>\n<tr>\n<td colspan=\"2\"><center><b>Produits c\u00e9r\u00e9aliers et f\u00e9culents<br \/><\/b><\/center><\/td>\n<\/tr>\n<tr>\n<td width=\"50%\"><strong>Produits<\/strong> c\u00e9r\u00e9aliers\/F\u00e9culents<\/td>\n<td width=\"50%\"><strong>Taille de la portion<\/strong> contenant 15 g de glucides<\/td>\n<\/tr>\n<tr>\n<td>P\u00e2tes<\/td>\n<td>\u2153 tasse (cuit)<\/td>\n<\/tr>\n<tr>\n<td>Orge, couscous, millet ou riz<\/td>\n<td>\u2153 tasse (cuit)<\/td>\n<\/tr>\n<tr>\n<td>Boulgour<\/td>\n<td>\u00bd tasse (cuite)<\/td>\n<\/tr>\n<tr>\n<td>Nouilles chinoises<\/td>\n<td>\u00bd tasse (cuite)<\/td>\n<\/tr>\n<tr>\n<td>Rouleau de salade<\/td>\n<td>1 rouleau<\/td>\n<\/tr>\n<tr>\n<td>Beignet<\/td>\n<td>\u2153 beignet<\/td>\n<\/tr>\n<tr>\n<td>Pain, blanc, bl\u00e9 entier, multigrain<\/td>\n<td>1 tranche<\/td>\n<\/tr>\n<tr>\n<td>Croissant<\/td>\n<td>\u00bd croissant moyen<\/td>\n<\/tr>\n<tr>\n<td>Pita, muffin anglais, pain \u00e0 hot dog<\/td>\n<td>\u00bd<\/td>\n<\/tr>\n<tr>\n<td>Ma\u00efs<\/td>\n<td>\u00bd \u00e9pi<\/td>\n<\/tr>\n<tr>\n<td>Pomme de terre<\/td>\n<td>1 petite pomme de terre bouillie\/cuite au four<br \/>\u00bd tasse de pur\u00e9e de pomme de terre<\/td>\n<\/tr>\n<tr>\n<td>Pois chiches<\/td>\n<td>\u2153 tasse<\/td>\n<\/tr>\n<tr>\n<td>Haricots (noirs, rouges, blancs, pinto) ou lentilles<\/td>\n<td>\u00bd tasse<\/td>\n<\/tr>\n<tr>\n<td>Gruau instantan\u00e9<\/td>\n<td>\u00bd paquet<\/td>\n<\/tr>\n<tr>\n<td>Flocons de ma\u00efs<\/td>\n<td>\u00be tasse<\/td>\n<\/tr>\n<\/tbody>\n<\/table>\t\t\t\t\t\t\t\t<\/div>\n\t\t\t\t<\/div>\n\t\t\t\t<div class=\"elementor-element elementor-element-122017b elementor-widget elementor-widget-text-editor\" data-id=\"122017b\" data-element_type=\"widget\" data-widget_type=\"text-editor.default\">\n\t\t\t\t<div class=\"elementor-widget-container\">\n\t\t\t\t\t\t\t\t\t<p><em>Conseil: Choisissez plus souvent les grains\/bl\u00e9 entiers, car ils contiennent plus de fibres que leurs alternatives blanches\/raffin\u00e9es. <\/em><\/p>\n<p>&nbsp;<\/p>\t\t\t\t\t\t\t\t<\/div>\n\t\t\t\t<\/div>\n\t\t\t\t\t<\/div>\n\t\t<\/div>\n\t\t\t\t\t<\/div>\n\t\t<\/section>\n\t\t\t\t<section class=\"elementor-section elementor-inner-section elementor-element elementor-element-050e493 elementor-section-boxed elementor-section-height-default elementor-section-height-default\" data-id=\"050e493\" data-element_type=\"section\">\n\t\t\t\t\t\t<div class=\"elementor-container elementor-column-gap-default\">\n\t\t\t\t\t<div class=\"elementor-column elementor-col-100 elementor-inner-column elementor-element elementor-element-780d735\" data-id=\"780d735\" data-element_type=\"column\" data-settings=\"{&quot;background_background&quot;:&quot;classic&quot;}\">\n\t\t\t<div class=\"elementor-widget-wrap elementor-element-populated\">\n\t\t\t\t\t\t<div class=\"elementor-element elementor-element-b82ece7 elementor-widget elementor-widget-text-editor\" data-id=\"b82ece7\" data-element_type=\"widget\" data-widget_type=\"text-editor.default\">\n\t\t\t\t<div class=\"elementor-widget-container\">\n\t\t\t\t\t\t\t\t\t<table border=\"1\">\n<tbody>\n<tr>\n<td colspan=\"2\"><center><b>Fruits<\/b><\/center><\/td>\n<\/tr>\n<tr>\n<td width=\"50%\"><strong>Fruit<\/strong><\/td>\n<td width=\"50%\"><strong>Taille de la portion<\/strong> contenant 15 g de glucides<\/td>\n<\/tr>\n<tr>\n<td>Pomme<\/td>\n<td>1 pomme moyenne<\/td>\n<\/tr>\n<tr>\n<td>Banane<\/td>\n<td>1 petite ou \u00bd grosse banane<\/td>\n<\/tr>\n<tr>\n<td>M\u00fbres<\/td>\n<td>1 tasse<\/td>\n<\/tr>\n<tr>\n<td>Bleuets<\/td>\n<td>\u00be tasse<\/td>\n<\/tr>\n<tr>\n<td>Canneberges<\/td>\n<td>2 tasses<\/td>\n<\/tr>\n<tr>\n<td>Dattes<\/td>\n<td>3 dattes<\/td>\n<\/tr>\n<tr>\n<td>Pamplemousse<\/td>\n<td>1 petit ou \u00bd grand<\/td>\n<\/tr>\n<tr>\n<td>Kiwi<\/td>\n<td>2 petits<\/td>\n<\/tr>\n<tr>\n<td>Mangue<\/td>\n<td>\u00bd moyen<\/td>\n<\/tr>\n<tr>\n<td>Orange<\/td>\n<td>1 orange<\/td>\n<\/tr>\n<tr>\n<td>P\u00eache<\/td>\n<td>1 grande p\u00eache<\/td>\n<\/tr>\n<tr>\n<td>Poire<\/td>\n<td>1 petite poire<\/td>\n<\/tr>\n<tr>\n<td>Ananas<\/td>\n<td>2 tranches<\/td>\n<\/tr>\n<tr>\n<td>Prunes<\/td>\n<td>3 prunes moyens<\/td>\n<\/tr>\n<tr>\n<td>Framboises<\/td>\n<td>1\u00bd tasse<\/td>\n<\/tr>\n<tr>\n<td>Fraises<\/td>\n<td>2 tasses<\/td>\n<\/tr>\n<tr>\n<td>Melon d\u2019eau<\/td>\n<td>\u00bd tranche<\/td>\n<\/tr>\n<tr>\n<td>Jus de fruit<\/td>\n<td>\u00bd tasse<\/td>\n<\/tr>\n<\/tbody>\n<\/table>\t\t\t\t\t\t\t\t<\/div>\n\t\t\t\t<\/div>\n\t\t\t\t<div class=\"elementor-element elementor-element-c5093d9 elementor-widget elementor-widget-text-editor\" data-id=\"c5093d9\" data-element_type=\"widget\" data-widget_type=\"text-editor.default\">\n\t\t\t\t<div class=\"elementor-widget-container\">\n\t\t\t\t\t\t\t\t\t<p>Conseil: choisissez des fruits frais, congel\u00e9s ou en conserve plut\u00f4t que des jus de fruits.<\/p>\n<ul>\n<li>Une tasse de jus de fruits contient probablement les m\u00eames glucides que 3 \u00e0 4 portions de fruits.<\/li>\n<li>Manger un fruit entier avec sa pelure (lorsque cela est possible) fournit \u00e0 votre corps plus de vitamines, de min\u00e9raux et de fibres qui ont probablement \u00e9t\u00e9 perdus lors de la fabrication du jus de fruit.<\/li>\n<\/ul>\t\t\t\t\t\t\t\t<\/div>\n\t\t\t\t<\/div>\n\t\t\t\t\t<\/div>\n\t\t<\/div>\n\t\t\t\t\t<\/div>\n\t\t<\/section>\n\t\t\t\t<section class=\"elementor-section elementor-inner-section elementor-element elementor-element-f760366 elementor-section-boxed elementor-section-height-default elementor-section-height-default\" data-id=\"f760366\" data-element_type=\"section\">\n\t\t\t\t\t\t<div class=\"elementor-container elementor-column-gap-default\">\n\t\t\t\t\t<div class=\"elementor-column elementor-col-100 elementor-inner-column elementor-element elementor-element-05048ed\" data-id=\"05048ed\" data-element_type=\"column\" data-settings=\"{&quot;background_background&quot;:&quot;classic&quot;}\">\n\t\t\t<div class=\"elementor-widget-wrap elementor-element-populated\">\n\t\t\t\t\t\t<div class=\"elementor-element elementor-element-f3287e4 elementor-widget elementor-widget-text-editor\" data-id=\"f3287e4\" data-element_type=\"widget\" data-widget_type=\"text-editor.default\">\n\t\t\t\t<div class=\"elementor-widget-container\">\n\t\t\t\t\t\t\t\t\t<table border=\"1\">\n<tbody>\n<tr>\n<td colspan=\"2\"><center><b>Lait et substituts<br \/>\n<\/b><\/center><\/td>\n<\/tr>\n<tr>\n<td width=\"50%\"><strong>Lait \/ substituts<\/strong><\/td>\n<td width=\"50%\"><strong>Taille de la portion<\/strong> contenant 15 g de glucides<\/td>\n<\/tr>\n<tr>\n<td>\nLait \u00e9cr\u00e9m\u00e9, 1%, 2% ou 3,25%<\/td><td>1 tasse<\/td><\/tr>\n<tr><td>\nYogourt nature<\/td><td>\u00be tasse<\/td><\/tr>\n<tr><td>\nYogourt \u00e0 boire<\/td><td>1 bouteille<\/td><\/tr>\n<tr><td>\nYogourt aux fruits<\/td><td>\u00bd tasse<\/td><\/tr>\n<tr><td>\nK\u00e9fir nature<\/td><td>1\u00be tasse<\/td><\/tr>\n<\/tbody>\n<\/table>\t\t\t\t\t\t\t\t<\/div>\n\t\t\t\t<\/div>\n\t\t\t\t\t<\/div>\n\t\t<\/div>\n\t\t\t\t\t<\/div>\n\t\t<\/section>\n\t\t\t\t<section class=\"elementor-section elementor-inner-section elementor-element elementor-element-0ef6a3d elementor-section-boxed elementor-section-height-default elementor-section-height-default\" data-id=\"0ef6a3d\" data-element_type=\"section\">\n\t\t\t\t\t\t<div class=\"elementor-container elementor-column-gap-default\">\n\t\t\t\t\t<div class=\"elementor-column elementor-col-100 elementor-inner-column elementor-element elementor-element-52fb40b\" data-id=\"52fb40b\" data-element_type=\"column\" data-settings=\"{&quot;background_background&quot;:&quot;classic&quot;}\">\n\t\t\t<div class=\"elementor-widget-wrap elementor-element-populated\">\n\t\t\t\t\t\t<div class=\"elementor-element elementor-element-b8c6a91 elementor-widget elementor-widget-text-editor\" data-id=\"b8c6a91\" data-element_type=\"widget\" data-widget_type=\"text-editor.default\">\n\t\t\t\t<div class=\"elementor-widget-container\">\n\t\t\t\t\t\t\t\t\t<table border=\"1\">\n<tbody>\n<tr>\n<td colspan=\"2\"><center><b>Autres aliments<br \/>\n<\/b><\/center><\/td>\n<\/tr>\n<tr>\n<td width=\"50%\"><strong>Autres aliments<\/strong><\/td>\n<td width=\"50%\"><strong>Taille de la portion<\/strong> contenant 15 g de glucides<\/td>\n<\/tr>\n<tr>\n<td>\nBoisson non alcoolis\u00e9e, r\u00e9guli\u00e8re <\/td><td>\u00bd tasse<\/td><\/tr>\n<tr><td>\nLait au chocolat<\/td><td>\u00bd tasse<\/td><\/tr>\n<tr><td>\nSauces sucr\u00e9es (canneberges, aigre-douce)<\/td><td>1 c. \u00e0 table<\/td><\/tr>\n<tr><td>\nCr\u00e8me glac\u00e9e<\/td><td>\u00bd tasse<\/td><\/tr>\n<tr><td>\nBonbon dur<\/td><td>3 pi\u00e8ces<\/td><\/tr>\n<tr><td>\nConfiture<\/td><td>1 c. \u00e0 table<\/td><\/tr>\n<tr><td>\nSucre blanc ou brun<\/td><td>1 c. \u00e0 table<\/td><\/tr>\n<tr><td>\nMiel ou sirop<\/td><td>1 c. \u00e0 table<\/td><\/tr>\n<tr><td>\nBarre de c\u00e9r\u00e9ales<\/td><td>1 barre<\/td><\/tr>\n<tr><td>\nTarte aux pommes<\/td><td> \u2159 tarte<\/td><\/tr>\n<tr><td>\nBiscuit aux p\u00e9pites de chocolat<\/td><td>2 biscuits moyens\n<\/td>\n<\/tr>\n<\/tbody>\n<\/table>\t\t\t\t\t\t\t\t<\/div>\n\t\t\t\t<\/div>\n\t\t\t\t<div class=\"elementor-element elementor-element-ecefcb5 elementor-widget elementor-widget-text-editor\" data-id=\"ecefcb5\" data-element_type=\"widget\" data-widget_type=\"text-editor.default\">\n\t\t\t\t<div class=\"elementor-widget-container\">\n\t\t\t\t\t\t\t\t\t<p><strong>Conseil:<\/strong> essayez de choisir des aliments riches en nutriments et qui vous fournissent les vitamines, min\u00e9raux et fibres essentiels dont votre corps a besoin (fruits ou noix comme collation au lieu de croustilles ou de biscuits).<\/p>\t\t\t\t\t\t\t\t<\/div>\n\t\t\t\t<\/div>\n\t\t\t\t\t<\/div>\n\t\t<\/div>\n\t\t\t\t\t<\/div>\n\t\t<\/section>\n\t\t\t\t<section class=\"elementor-section elementor-inner-section elementor-element elementor-element-e3d5429 elementor-section-boxed elementor-section-height-default elementor-section-height-default\" data-id=\"e3d5429\" data-element_type=\"section\">\n\t\t\t\t\t\t<div class=\"elementor-container elementor-column-gap-default\">\n\t\t\t\t\t<div class=\"elementor-column elementor-col-100 elementor-inner-column elementor-element elementor-element-baeb564\" data-id=\"baeb564\" data-element_type=\"column\" data-settings=\"{&quot;background_background&quot;:&quot;classic&quot;}\">\n\t\t\t<div class=\"elementor-widget-wrap elementor-element-populated\">\n\t\t\t\t\t\t<div class=\"elementor-element elementor-element-6c761dd elementor-widget elementor-widget-text-editor\" data-id=\"6c761dd\" data-element_type=\"widget\" data-widget_type=\"text-editor.default\">\n\t\t\t\t<div class=\"elementor-widget-container\">\n\t\t\t\t\t\t\t\t\t<p style=\"text-align: center;\"><b>Aliments \u00e0 faible teneur en glucides\n<\/b><\/p>\n<p>Outre les aliments contenant des glucides mentionn\u00e9s ci-dessus (produits c\u00e9r\u00e9aliers et f\u00e9culents, fruits, lait et substituts et autres aliments), certains groupes d&rsquo;aliments sont tr\u00e8s pauvres en glucides et peuvent \u00eatre consomm\u00e9s sans vous pr\u00e9occuper de votre glyc\u00e9mie. Les exemples incluent l&rsquo;eau contenant des l\u00e9gumes ainsi que les viandes et substituts.\n<\/p>\n<p> Exemples d&rsquo;aliments contenant peu de glucides: <\/p>\t\t\t\t\t\t\t\t<\/div>\n\t\t\t\t<\/div>\n\t\t\t\t\t<\/div>\n\t\t<\/div>\n\t\t\t\t\t<\/div>\n\t\t<\/section>\n\t\t\t\t<section class=\"elementor-section elementor-inner-section elementor-element elementor-element-ed1ffaa elementor-section-boxed elementor-section-height-default elementor-section-height-default\" data-id=\"ed1ffaa\" data-element_type=\"section\">\n\t\t\t\t\t\t<div class=\"elementor-container elementor-column-gap-default\">\n\t\t\t\t\t<div class=\"elementor-column elementor-col-33 elementor-inner-column elementor-element elementor-element-785e5c0\" data-id=\"785e5c0\" data-element_type=\"column\" data-settings=\"{&quot;background_background&quot;:&quot;classic&quot;}\">\n\t\t\t<div class=\"elementor-widget-wrap elementor-element-populated\">\n\t\t\t\t\t\t<div class=\"elementor-element elementor-element-b11b56a elementor-widget elementor-widget-text-editor\" data-id=\"b11b56a\" data-element_type=\"widget\" data-widget_type=\"text-editor.default\">\n\t\t\t\t<div class=\"elementor-widget-container\">\n\t\t\t\t\t\t\t\t\t<p>Asperges<br \/>\nArtichaut<br \/>\nHaricots (jaunes ou verts)<br \/>\nBrocoli<br \/>\nChoux de Bruxelles<br \/>\nChou (chinois, vert ou rouge)<br \/>\nChou-fleur <\/p>\t\t\t\t\t\t\t\t<\/div>\n\t\t\t\t<\/div>\n\t\t\t\t\t<\/div>\n\t\t<\/div>\n\t\t\t\t<div class=\"elementor-column elementor-col-33 elementor-inner-column elementor-element elementor-element-6ba8d8d\" data-id=\"6ba8d8d\" data-element_type=\"column\" data-settings=\"{&quot;background_background&quot;:&quot;classic&quot;}\">\n\t\t\t<div class=\"elementor-widget-wrap elementor-element-populated\">\n\t\t\t\t\t\t<div class=\"elementor-element elementor-element-98b29d6 elementor-widget elementor-widget-text-editor\" data-id=\"98b29d6\" data-element_type=\"widget\" data-widget_type=\"text-editor.default\">\n\t\t\t\t<div class=\"elementor-widget-container\">\n\t\t\t\t\t\t\t\t\t<p>Bettes<br \/>\nConcombre<br \/>\nAubergine<br \/>\nChou fris\u00e9<br \/>\nPoireaux<br \/>\nLaitue<br \/>\nChampignons<br \/>\nGombo<br \/>\nOignons\n<\/p>\t\t\t\t\t\t\t\t<\/div>\n\t\t\t\t<\/div>\n\t\t\t\t\t<\/div>\n\t\t<\/div>\n\t\t\t\t<div class=\"elementor-column elementor-col-33 elementor-inner-column elementor-element elementor-element-d62580c\" data-id=\"d62580c\" data-element_type=\"column\" data-settings=\"{&quot;background_background&quot;:&quot;classic&quot;}\">\n\t\t\t<div class=\"elementor-widget-wrap elementor-element-populated\">\n\t\t\t\t\t\t<div class=\"elementor-element elementor-element-2b47469 elementor-widget elementor-widget-text-editor\" data-id=\"2b47469\" data-element_type=\"widget\" data-widget_type=\"text-editor.default\">\n\t\t\t\t<div class=\"elementor-widget-container\">\n\t\t\t\t\t\t\t\t\t<p>Pois (mange-tout)<br \/>\nPoivrons<br \/>\nCitrouille<br \/>\nRadis<br \/>\n\u00c9chalotes<br \/>\n\u00c9pinard<br \/>\nTomate (sauce, en conserve)<br \/>\nNavet<br \/>\nZucchini\n<\/p>\t\t\t\t\t\t\t\t<\/div>\n\t\t\t\t<\/div>\n\t\t\t\t\t<\/div>\n\t\t<\/div>\n\t\t\t\t\t<\/div>\n\t\t<\/section>\n\t\t\t\t<section class=\"elementor-section elementor-inner-section elementor-element elementor-element-31875e0 elementor-section-boxed elementor-section-height-default elementor-section-height-default\" data-id=\"31875e0\" data-element_type=\"section\">\n\t\t\t\t\t\t<div class=\"elementor-container elementor-column-gap-default\">\n\t\t\t\t\t<div class=\"elementor-column elementor-col-100 elementor-inner-column elementor-element elementor-element-df5a63c\" data-id=\"df5a63c\" data-element_type=\"column\" data-settings=\"{&quot;background_background&quot;:&quot;classic&quot;}\">\n\t\t\t<div class=\"elementor-widget-wrap elementor-element-populated\">\n\t\t\t\t\t\t<div class=\"elementor-element elementor-element-7b51504 elementor-widget elementor-widget-text-editor\" data-id=\"7b51504\" data-element_type=\"widget\" data-widget_type=\"text-editor.default\">\n\t\t\t\t<div class=\"elementor-widget-container\">\n\t\t\t\t\t\t\t\t\t<h3>Calculs plus pr\u00e9cis \u00e0 l&rsquo;aide d&rsquo;\u00e9tiquettes d&rsquo;aliments<\/h3>\n<p>N&rsquo;oubliez pas que, bien que les fibres soient consid\u00e9r\u00e9es comme un glucide, elles ralentissent la lib\u00e9ration de sucre dans le sang, emp\u00eachant ainsi les pics rapides de la glyc\u00e9mie. Vous pouvez utiliser le tableau de la valeur nutritive situ\u00e9 \u00e0 l&rsquo;arri\u00e8re d&rsquo;un produit alimentaire pour calculer avec pr\u00e9cision vos portions de glucides sans inclure les fibres.<\/p>\n<p>Pour estimer le nombre de portions de glucides contenues dans un produit alimentaire, suivez les \u00e9tapes d\u00e9crites dans cet exemple:<\/p>\t\t\t\t\t\t\t\t<\/div>\n\t\t\t\t<\/div>\n\t\t\t\t<div class=\"elementor-element elementor-element-497f072 elementor-widget elementor-widget-image\" data-id=\"497f072\" data-element_type=\"widget\" data-widget_type=\"image.default\">\n\t\t\t\t<div class=\"elementor-widget-container\">\n\t\t\t\t\t\t\t\t\t\t\t\t\t\t\t<img fetchpriority=\"high\" decoding=\"async\" width=\"800\" height=\"800\" src=\"https:\/\/www.activepatient.ca\/wp-content\/uploads\/2019\/09\/CHO-nutri.png\" class=\"attachment-large size-large wp-image-7758\" alt=\"\" srcset=\"https:\/\/www.activepatient.ca\/wp-content\/uploads\/2019\/09\/CHO-nutri.png 800w, https:\/\/www.activepatient.ca\/wp-content\/uploads\/2019\/09\/CHO-nutri-150x150.png 150w, https:\/\/www.activepatient.ca\/wp-content\/uploads\/2019\/09\/CHO-nutri-768x768.png 768w, https:\/\/www.activepatient.ca\/wp-content\/uploads\/2019\/09\/CHO-nutri-600x600.png 600w\" sizes=\"(max-width: 800px) 100vw, 800px\" \/>\t\t\t\t\t\t\t\t\t\t\t\t\t\t\t<\/div>\n\t\t\t\t<\/div>\n\t\t\t\t<div class=\"elementor-element elementor-element-a0eec58 elementor-widget elementor-widget-text-editor\" data-id=\"a0eec58\" data-element_type=\"widget\" data-widget_type=\"text-editor.default\">\n\t\t\t\t<div class=\"elementor-widget-container\">\n\t\t\t\t\t\t\t\t\t<h6 style=\"font-style: normal;\"><a href=\"https:\/\/www.activepatient.ca\/fr\/glucides-intelligents\/\">&lt;&lt; Retour aux glucides intelligents<\/a><\/h6>\n<div>\u00a0<\/div>\t\t\t\t\t\t\t\t<\/div>\n\t\t\t\t<\/div>\n\t\t\t\t\t<\/div>\n\t\t<\/div>\n\t\t\t\t\t<\/div>\n\t\t<\/section>\n\t\t\t\t\t<\/div>\n\t\t<\/div>\n\t\t\t\t\t<\/div>\n\t\t<\/section>\n\t\t\t\t<\/div>\n\t\t","protected":false},"excerpt":{"rendered":"<p>&lt;&lt; Retour aux glucides intelligents Le calcul des glucides est un outil pratique que vous pouvez utiliser pour vous aider avec la planification des repas. Il peut vous aider \u00e0 surveiller de pr\u00e8s la quantit\u00e9 de glucides que vous consommez. Il peut vous aider \u00e0 g\u00e9rer votre glyc\u00e9mie. Certaines personnes aiment \u00e7a et d\u2019autres n\u2019aiment &#8230; <a title=\"Le calcul des glucides\" class=\"read-more\" href=\"https:\/\/www.activepatient.ca\/fr\/carb-counting\/\">Lire la suite <span class=\"screen-reader-text\">Le calcul des glucides<\/span><\/a><\/p>\n","protected":false},"author":1,"featured_media":0,"parent":0,"menu_order":0,"comment_status":"closed","ping_status":"closed","template":"","meta":{"_acf_changed":false,"ngg_post_thumbnail":0,"h5ap_radio_sources":[],"footnotes":""},"class_list":["post-7706","page","type-page","status-publish"],"acf":[],"_links":{"self":[{"href":"https:\/\/www.activepatient.ca\/fr\/wp-json\/wp\/v2\/pages\/7706","targetHints":{"allow":["GET"]}}],"collection":[{"href":"https:\/\/www.activepatient.ca\/fr\/wp-json\/wp\/v2\/pages"}],"about":[{"href":"https:\/\/www.activepatient.ca\/fr\/wp-json\/wp\/v2\/types\/page"}],"author":[{"embeddable":true,"href":"https:\/\/www.activepatient.ca\/fr\/wp-json\/wp\/v2\/users\/1"}],"replies":[{"embeddable":true,"href":"https:\/\/www.activepatient.ca\/fr\/wp-json\/wp\/v2\/comments?post=7706"}],"version-history":[{"count":0,"href":"https:\/\/www.activepatient.ca\/fr\/wp-json\/wp\/v2\/pages\/7706\/revisions"}],"wp:attachment":[{"href":"https:\/\/www.activepatient.ca\/fr\/wp-json\/wp\/v2\/media?parent=7706"}],"curies":[{"name":"wp","href":"https:\/\/api.w.org\/{rel}","templated":true}]}}