{"id":7068,"date":"2019-07-02T13:08:17","date_gmt":"2019-07-02T13:08:17","guid":{"rendered":"https:\/\/www.activepatient.ca\/?page_id=7068"},"modified":"2019-08-28T00:49:46","modified_gmt":"2019-08-28T00:49:46","slug":"conseils-de-securite-pour-lactivite-physique","status":"publish","type":"page","link":"https:\/\/www.activepatient.ca\/fr\/conseils-de-securite-pour-lactivite-physique\/","title":{"rendered":"Conseils de s\u00e9curit\u00e9 pour l&rsquo;activit\u00e9 physique"},"content":{"rendered":"\t\t<div data-elementor-type=\"wp-post\" data-elementor-id=\"7068\" class=\"elementor elementor-7068 elementor-4644 elementor-bc-flex-widget\">\n\t\t\t\t\t\t<section class=\"elementor-section elementor-top-section elementor-element elementor-element-29865bbd elementor-section-full_width elementor-section-height-default elementor-section-height-default\" data-id=\"29865bbd\" data-element_type=\"section\" data-settings=\"{&quot;background_background&quot;:&quot;classic&quot;}\">\n\t\t\t\t\t\t<div class=\"elementor-container elementor-column-gap-wide\">\n\t\t\t\t\t<div class=\"elementor-column elementor-col-50 elementor-top-column elementor-element elementor-element-3b69f71d\" data-id=\"3b69f71d\" data-element_type=\"column\">\n\t\t\t<div class=\"elementor-widget-wrap elementor-element-populated\">\n\t\t\t\t\t\t<div class=\"elementor-element elementor-element-70f706e0 elementor-widget elementor-widget-video\" data-id=\"70f706e0\" data-element_type=\"widget\" data-settings=\"{&quot;youtube_url&quot;:&quot;https:\\\/\\\/youtu.be\\\/vsn2iNY6_wc&quot;,&quot;video_type&quot;:&quot;youtube&quot;,&quot;controls&quot;:&quot;yes&quot;}\" data-widget_type=\"video.default\">\n\t\t\t\t<div class=\"elementor-widget-container\">\n\t\t\t\t\t\t\t<div class=\"elementor-wrapper elementor-open-inline\">\n\t\t\t<div class=\"elementor-video\"><\/div>\t\t<\/div>\n\t\t\t\t\t\t<\/div>\n\t\t\t\t<\/div>\n\t\t\t\t\t<\/div>\n\t\t<\/div>\n\t\t\t\t<div class=\"elementor-column elementor-col-50 elementor-top-column elementor-element elementor-element-70c47870\" data-id=\"70c47870\" data-element_type=\"column\">\n\t\t\t<div class=\"elementor-widget-wrap elementor-element-populated\">\n\t\t\t\t\t\t<div class=\"elementor-element elementor-element-5b27e46f elementor-widget elementor-widget-text-editor\" data-id=\"5b27e46f\" data-element_type=\"widget\" data-widget_type=\"text-editor.default\">\n\t\t\t\t<div class=\"elementor-widget-container\">\n\t\t\t\t\t\t\t\t\t<p>Nous allons maintenant passer en revue certains changements de votre corps et la mani\u00e8re dont cela n\u00e9cessitera de modifier vos exercices&#8230;<\/p>\t\t\t\t\t\t\t\t<\/div>\n\t\t\t\t<\/div>\n\t\t\t\t<section class=\"elementor-section elementor-inner-section elementor-element elementor-element-7c6e3784 elementor-section-boxed elementor-section-height-default elementor-section-height-default\" data-id=\"7c6e3784\" data-element_type=\"section\">\n\t\t\t\t\t\t<div class=\"elementor-container elementor-column-gap-default\">\n\t\t\t\t\t<div class=\"elementor-column elementor-col-50 elementor-inner-column elementor-element elementor-element-1570e444\" data-id=\"1570e444\" data-element_type=\"column\">\n\t\t\t<div class=\"elementor-widget-wrap elementor-element-populated\">\n\t\t\t\t\t\t<div class=\"elementor-element elementor-element-17af098e elementor-position-top elementor-widget elementor-widget-image-box\" data-id=\"17af098e\" data-element_type=\"widget\" data-widget_type=\"image-box.default\">\n\t\t\t\t<div class=\"elementor-widget-container\">\n\t\t\t\t\t<div class=\"elementor-image-box-wrapper\"><figure class=\"elementor-image-box-img\"><img decoding=\"async\" width=\"200\" height=\"200\" src=\"https:\/\/www.activepatient.ca\/wp-content\/uploads\/2018\/03\/headphoneIcon.png\" class=\"attachment-full size-full wp-image-5557\" alt=\"\" srcset=\"https:\/\/www.activepatient.ca\/wp-content\/uploads\/2018\/03\/headphoneIcon.png 200w, https:\/\/www.activepatient.ca\/wp-content\/uploads\/2018\/03\/headphoneIcon-150x150.png 150w\" sizes=\"(max-width: 200px) 100vw, 200px\" \/><\/figure><div class=\"elementor-image-box-content\"><h5 class=\"elementor-image-box-title\">Audio Only<\/h5><p class=\"elementor-image-box-description\"><div\n    id=\"h5ap-player-1\"\n    data-id=\"h5ap-player-1\"\n    data-attributes=\"{&quot;uniqueId&quot;:&quot;player7001&quot;,&quot;clientId&quot;:&quot;&quot;,&quot;align&quot;:&quot;&quot;,&quot;alignment&quot;:&quot;left&quot;,&quot;color&quot;:&quot;#fff&quot;,&quot;textColor&quot;:&quot;#fff&quot;,&quot;primaryColor&quot;:&quot;#195FF5&quot;,&quot;hoverColor&quot;:&quot;#00B3FF&quot;,&quot;controlColor&quot;:&quot;#4a5464&quot;,&quot;bgColor&quot;:&quot;#f2f2f2&quot;,&quot;skin&quot;:&quot;Default&quot;,&quot;repeat&quot;:false,&quot;autoplay&quot;:false,&quot;isSticky&quot;:false,&quot;muted&quot;:false,&quot;loader&quot;:false,&quot;saveState&quot;:false,&quot;disablePause&quot;:false,&quot;seekTime&quot;:10,&quot;startTime&quot;:0,&quot;preload&quot;:&quot;metadata&quot;,&quot;download&quot;:false,&quot;width&quot;:&quot;100%&quot;,&quot;radius&quot;:&quot;5px&quot;,&quot;controls&quot;:{&quot;play&quot;:true,&quot;progress&quot;:true,&quot;current-time&quot;:true,&quot;duration&quot;:true,&quot;mute&quot;:true,&quot;volume&quot;:true},&quot;CSS&quot;:&quot;&quot;,&quot;i18n&quot;:{&quot;restart&quot;:&quot;Restart&quot;,&quot;rewind&quot;:&quot;Rewind {seektime}s&quot;,&quot;play&quot;:&quot;Play&quot;,&quot;pause&quot;:&quot;Pause&quot;,&quot;fastForward:&quot;:&quot;Forward {seektime}s&quot;,&quot;seek&quot;:&quot;Seek&quot;,&quot;seekLabel&quot;:&quot;{currentTime} of {duration}&quot;,&quot;played&quot;:&quot;Played&quot;,&quot;buffered&quot;:&quot;Buffered&quot;,&quot;currentTime:&quot;:&quot;Current time&quot;,&quot;duration&quot;:&quot;Duration&quot;,&quot;volume&quot;:&quot;Volume&quot;,&quot;mute&quot;:&quot;Mute&quot;,&quot;unmute&quot;:&quot;Unmute&quot;,&quot;enableCaptions&quot;:&quot;Enable captions&quot;,&quot;disableCaptions&quot;:&quot;Disable captions&quot;,&quot;download&quot;:&quot;Download&quot;,&quot;enterFullscreen&quot;:&quot;Enter fullscreen&quot;,&quot;exitFullscreen&quot;:&quot;Exit fullscreen&quot;,&quot;frameTitle&quot;:&quot;Player for {title}&quot;,&quot;captions&quot;:&quot;Captions&quot;,&quot;settings&quot;:&quot;Settings&quot;,&quot;pip&quot;:&quot;PIP&quot;,&quot;menuBack&quot;:&quot;Go back to previous menu&quot;,&quot;speed&quot;:&quot;Speed&quot;,&quot;normal&quot;:&quot;Normal&quot;,&quot;quality&quot;:&quot;Quality&quot;,&quot;loop&quot;:&quot;Loop&quot;,&quot;start&quot;:&quot;Start&quot;,&quot;end&quot;:&quot;End&quot;,&quot;all&quot;:&quot;All&quot;,&quot;reset&quot;:&quot;Reset&quot;,&quot;disabled&quot;:&quot;Disabled&quot;,&quot;enabled&quot;:&quot;Enabled&quot;,&quot;advertisement&quot;:&quot;Ad&quot;,&quot;qualityBadge&quot;:{&quot;2160&quot;:&quot;4K&quot;,&quot;1440&quot;:&quot;HD&quot;,&quot;1080&quot;:&quot;HD&quot;,&quot;720&quot;:&quot;HD&quot;,&quot;576&quot;:&quot;SD&quot;,&quot;480&quot;:&quot;SD&quot;}},&quot;source&quot;:&quot;&quot;,&quot;poster&quot;:&quot;&quot;,&quot;title&quot;:&quot;audio title&quot;,&quot;artist&quot;:&quot;&quot;,&quot;speed&quot;:{&quot;selected&quot;:1,&quot;speed&quot;:[&quot;0.5&quot;,&quot; 0.75&quot;,&quot; 1&quot;,&quot; 1.25&quot;,&quot; 1.5&quot;,&quot; 1.75&quot;,&quot; 2&quot;,&quot; 4&quot;,&quot; 8&quot;]},&quot;multiple_audio&quot;:false,&quot;defaultValue&quot;:{&quot;Default&quot;:{&quot;primaryColor&quot;:&quot;#4A5464&quot;,&quot;controlColor&quot;:&quot;#4A5464&quot;,&quot;bgColor&quot;:&quot;#F5F5F5&quot;},&quot;Fusion&quot;:{&quot;primaryColor&quot;:&quot;#fff&quot;,&quot;bgColor&quot;:&quot;#161616&quot;,&quot;controlColor&quot;:&quot;#fff&quot;},&quot;Stamp&quot;:{&quot;controlColor&quot;:&quot;#fff&quot;,&quot;bgColor&quot;:&quot;#161616&quot;},&quot;Wave&quot;:{&quot;primaryColor&quot;:&quot;#fff&quot;,&quot;controlColor&quot;:&quot;#fff&quot;,&quot;bgColor&quot;:&quot;#161616&quot;,&quot;textColor&quot;:&quot;#fff&quot;},&quot;Card-1&quot;:{&quot;primaryColor&quot;:&quot;#fff&quot;,&quot;controlColor&quot;:&quot;#161616&quot;,&quot;bgColor&quot;:&quot;#161616&quot;,&quot;textColor&quot;:&quot;#fff&quot;},&quot;Card-2&quot;:{&quot;primaryColor&quot;:&quot;#00FBF3&quot;,&quot;controlColor&quot;:&quot;#fff&quot;,&quot;bgColor&quot;:&quot;#161616&quot;,&quot;textColor&quot;:&quot;#fff&quot;},&quot;Simple-1&quot;:{&quot;primaryColor&quot;:&quot;#00dcff&quot;,&quot;controlColor&quot;:&quot;#fff&quot;,&quot;bgColor&quot;:&quot;#161616&quot;,&quot;textColor&quot;:&quot;#00dcff&quot;},&quot;Simple-2&quot;:{&quot;primaryColor&quot;:&quot;#06F7FF00&quot;,&quot;controlColor&quot;:&quot;#fff&quot;,&quot;bgColor&quot;:&quot;#161616&quot;},&quot;Player9&quot;:{&quot;primaryColor&quot;:&quot;#195FF6&quot;,&quot;controlColor&quot;:&quot;#fff&quot;,&quot;bgColor&quot;:&quot;#161616&quot;,&quot;textColor&quot;:&quot;#EDEFF2&quot;},&quot;Player10&quot;:{&quot;primaryColor&quot;:&quot;#195FF6&quot;,&quot;controlColor&quot;:&quot;#fff&quot;,&quot;bgColor&quot;:&quot;#161616&quot;,&quot;textColor&quot;:&quot;#EDEFF2&quot;},&quot;Player11&quot;:{&quot;primaryColor&quot;:&quot;#195FF6&quot;,&quot;controlColor&quot;:&quot;#fff&quot;,&quot;bgColor&quot;:&quot;#161616&quot;,&quot;textColor&quot;:&quot;#fff&quot;}}}\"\n    class=\"wp-block-h5ap-tailwind wp-block-h5ap-audioplayer\">\n    <\/div><\/p><\/div><\/div>\t\t\t\t<\/div>\n\t\t\t\t<\/div>\n\t\t\t\t\t<\/div>\n\t\t<\/div>\n\t\t\t\t<div class=\"elementor-column elementor-col-50 elementor-inner-column elementor-element elementor-element-19a7a625\" data-id=\"19a7a625\" data-element_type=\"column\">\n\t\t\t<div class=\"elementor-widget-wrap elementor-element-populated\">\n\t\t\t\t\t\t<div class=\"elementor-element elementor-element-62368f66 elementor-position-top elementor-widget elementor-widget-image-box\" data-id=\"62368f66\" data-element_type=\"widget\" data-widget_type=\"image-box.default\">\n\t\t\t\t<div class=\"elementor-widget-container\">\n\t\t\t\t\t<div class=\"elementor-image-box-wrapper\"><figure class=\"elementor-image-box-img\"><a href=\"https:\/\/www.activepatient.ca\/wp-content\/uploads\/2019\/07\/Conseils-de-se\u0301curite\u0301-pour-lactivite\u0301-physique-1.pdf\" tabindex=\"-1\"><img fetchpriority=\"high\" decoding=\"async\" width=\"507\" height=\"512\" src=\"https:\/\/www.activepatient.ca\/wp-content\/uploads\/2018\/03\/PDF_icon.png\" class=\"attachment-full size-full wp-image-5559\" alt=\"\" srcset=\"https:\/\/www.activepatient.ca\/wp-content\/uploads\/2018\/03\/PDF_icon.png 507w, https:\/\/www.activepatient.ca\/wp-content\/uploads\/2018\/03\/PDF_icon-150x150.png 150w, https:\/\/www.activepatient.ca\/wp-content\/uploads\/2018\/03\/PDF_icon-297x300.png 297w\" sizes=\"(max-width: 507px) 100vw, 507px\" \/><\/a><\/figure><div class=\"elementor-image-box-content\"><p class=\"elementor-image-box-title\"><a href=\"https:\/\/www.activepatient.ca\/wp-content\/uploads\/2019\/07\/Conseils-de-se\u0301curite\u0301-pour-lactivite\u0301-physique-1.pdf\">PDF<\/a><\/p><\/div><\/div>\t\t\t\t<\/div>\n\t\t\t\t<\/div>\n\t\t\t\t\t<\/div>\n\t\t<\/div>\n\t\t\t\t\t<\/div>\n\t\t<\/section>\n\t\t\t\t\t<\/div>\n\t\t<\/div>\n\t\t\t\t\t<\/div>\n\t\t<\/section>\n\t\t\t\t<section class=\"elementor-section elementor-top-section elementor-element elementor-element-c5f2921 elementor-section-boxed elementor-section-height-default elementor-section-height-default\" data-id=\"c5f2921\" data-element_type=\"section\">\n\t\t\t\t\t\t<div class=\"elementor-container elementor-column-gap-default\">\n\t\t\t\t\t<div class=\"elementor-column elementor-col-100 elementor-top-column elementor-element elementor-element-23a25a7\" data-id=\"23a25a7\" data-element_type=\"column\">\n\t\t\t<div class=\"elementor-widget-wrap elementor-element-populated\">\n\t\t\t\t\t\t<div class=\"elementor-element elementor-element-af4dd09 elementor-widget elementor-widget-text-editor\" data-id=\"af4dd09\" data-element_type=\"widget\" data-widget_type=\"text-editor.default\">\n\t\t\t\t<div class=\"elementor-widget-container\">\n\t\t\t\t\t\t\t\t\t<p>&nbsp;<\/p>\n<h3>Conseils de s\u00e9curit\u00e9 pour l&rsquo;activit\u00e9 physique <\/h3>\n<p>(version texte de la video)<\/p>\n<p><span style=\"font-weight: 400;\">R\u00e9fl\u00e9chissons \u00e0 votre environnement dans lequel vous effectuez vos exercices. Au Canada, nous avons des temp\u00e9ratures extr\u00eames. Vous voulez \u00e9viter de faire de l&rsquo;exercice par temps chaud et humide et par temps froid. Alors, par temps chaud, pensez peut-\u00eatre \u00e0 marcher \u00e0 l&rsquo;int\u00e9rieur, \u00e0 rester \u00e0 l&rsquo;ombre ou \u00e0 porter un chapeau \u00e0 larges bords. Par temps froid, pensez \u00e0 faire de l&rsquo;exercice \u00e0 l&rsquo;int\u00e9rieur ou si vous \u00eates \u00e0 l&rsquo;ext\u00e9rieur, habillez-vous avec plusieurs couches et portez des chaussures bien adh\u00e9rentes dans des conditions glac\u00e9es ou glissantes.\u00a0<\/span><\/p>\n<p><span style=\"font-weight: 400;\">Nous allons maintenant passer en revue certains changements de votre corps et la mani\u00e8re dont cela n\u00e9cessitera de modifier vos exercices. Pendant la grossesse, vos articulations peuvent \u00eatre plus rel\u00e2ch\u00e9es qu&rsquo;avant. Cela signifie que vous devez \u00e9viter les efforts excessifs, les exercices n\u00e9cessitant des changements de direction rapides et les activit\u00e9s augmentant les risques de chute, comme le ski alpin ou le soccer.<\/span><\/p>\n<p><span style=\"font-weight: 400;\">Apr\u00e8s votre premier trimestre, vous devez \u00e9galement \u00e9viter les exercices \u00e0 plat sur le dos, car cela peut entra\u00eener une pression suppl\u00e9mentaire sur votre dos et r\u00e9duire le flux sanguin. Vous pouvez toujours effectuer des exercices pour renforcer votre abdomen ou votre ventre pendant la grossesse, mais apportez des modifications telles que qu\u2019ajouter des appuis au bas du dos pour que vous soyez assis au moins \u00e0 un angle de 45 degr\u00e9s, en faisant les exercices sur le c\u00f4t\u00e9 ou en position assise.\u00a0<\/span><\/p>\n<p>&nbsp;<\/p>\n<p><span style=\"font-weight: 400;\">Une autre condition \u00e0 prendre en compte est le diastasis des grands droits. Cela peut \u00eatre d\u00e9crit comme un \u00e9cart ou une s\u00e9paration des muscles de votre abdomen. Vous pouvez identifier cette affection en pla\u00e7ant vos doigts au centre de votre abdomen et en remarquant si vous sentez une s\u00e9paration sup\u00e9rieure \u00e0 deux doigts. Vous remarquerez peut-\u00eatre aussi un renflement ou une ondulation au centre de votre abdomen. Si cela se produit, ou m\u00eame si vous avez des questions ou des pr\u00e9occupations, arr\u00eatez les exercices pour vos abdos et consultez votre fournisseur de soins de sant\u00e9.<\/span><\/p>\n<p>&nbsp;<\/p>\n<p><span style=\"font-weight: 400;\">Vous voulez vous assurer que vous respirez tout au long de votre routine d\u2019exercice et que vous n\u2019effectuez aucun exercice qui vous oblige \u00e0 garder une position pendant une longue p\u00e9riode de temps ou \u00e0 supporter des charges lourdes qui vous pousseraient \u00e0 retenir votre souffle. \u00c9vitez les efforts excessifs. Repensez \u00e0 nos mesures d&rsquo;intensit\u00e9 pr\u00e9sent\u00e9es dans la vid\u00e9o 2 &#8211; Comment vous sentez-vous? Votre exercice ne devrait \u00eatre qu&rsquo;un peu difficile, ou de 12-14 sur une \u00e9chelle de 1-20. Pouvez-vous continuer \u00e0 parler? Vous ne pouvez peut-\u00eatre pas chanter, mais vous devriez \u00eatre capable de mener une conversation sans vous sentir essouffl\u00e9.\u00a0<\/span><\/p>\n<p>&nbsp;<\/p>\n<p><span style=\"font-weight: 400;\">Pendant la grossesse, il est naturel de se sentir fatigu\u00e9. Connaissez votre corps et jusqu&rsquo;o\u00f9 vous devriez vous pousser. \u00c9vitez les exercices de haute intensit\u00e9, en particulier ceux que vous ne connaissez pas.<\/span><\/p>\n<p><span style=\"font-weight: 400;\"><br \/>\n<br \/>\n<\/span><\/p>\n<p>&nbsp;<\/p>\n<p><span style=\"font-weight: 400;\">Voici quelques raisons pour lesquelles vous devriez arr\u00eater vos exercices et consulter votre fournisseur de soins de sant\u00e9 imm\u00e9diatement:<\/span><\/p>\n<ul>\n\t<li style=\"font-weight: 400;\"><span style=\"font-weight: 400;\">Douleur \u00e0 la poitrine\u00a0<\/span><\/li>\n\t<li style=\"font-weight: 400;\"><span style=\"font-weight: 400;\">Contractions ut\u00e9rines douloureuses<\/span><\/li>\n\t<li style=\"font-weight: 400;\"><span style=\"font-weight: 400;\">Vertiges ou des faiblesses pendant ou apr\u00e8s un effort physique\u00a0<\/span><\/li>\n\t<li style=\"font-weight: 400;\"><span style=\"font-weight: 400;\">Saignements vaginaux ou des jets de liquide vaginal.\u00a0<\/span><\/li>\n<\/ul>\n<p><span style=\"font-weight: 400;\">Veuillez \u00e9galement consulter les mises en garde et les pr\u00e9cautions dont nous avons parl\u00e9 dans la premi\u00e8re vid\u00e9o.<\/span><\/p>\n<p><span style=\"font-weight: 400;\">C&rsquo;est une bonne id\u00e9e d&rsquo;informer quelqu&rsquo;un de vos objectifs d&rsquo;activit\u00e9 pendant la grossesse et de votre diab\u00e8te gestationnel. En faisant savoir aux autres personnes que vous \u00eates enceinte, en particulier si vous utilisez de l&rsquo;insuline, elles peuvent garder un \u0153il sur vous. Ceci est particuli\u00e8rement important si vous d\u00e9cidez de vous inscrire \u00e0 une salle d\u2019entrainement. Informez le personnel que vous \u00eates atteint de diab\u00e8te gestationnel et si vous utilisez ou non de l&rsquo;insuline ou d&rsquo;autres m\u00e9dicaments hypoglyc\u00e9miants. La salle d\u2019entrainement vous demandera probablement une note de votre fournisseur de soins de sant\u00e9 avant que vous commencez \u00e0 vous exercer l\u00e0-bas.<\/span><span style=\"font-weight: 400;\"><br \/>\n<\/span><span style=\"font-weight: 400;\"><br \/>\n<\/span><span style=\"font-weight: 400;\">L&rsquo;activit\u00e9 physique, y compris l&rsquo;exercice pendant la grossesse, peut vous aider \u00e0 g\u00e9rer le diab\u00e8te gestationnel. En fait, cela peut aider \u00e0 pr\u00e9venir le besoin d&rsquo;injections d&rsquo;insuline ou \u00e0 r\u00e9duire votre dose. Chaque femme et chaque grossesse sont tr\u00e8s diff\u00e9rentes, alors \u00e9coutez votre corps et apportez les changements n\u00e9cessaires. Par exemple, vous vous sentez peut-\u00eatre fatigu\u00e9 le soir pour pouvoir faire de l&rsquo;exercice, alors faites-en le matin. Peut-\u00eatre pr\u00e9f\u00e9rez-vous deux courtes promenades de 15 minutes au lieu d\u2019une marche de 30 minutes. Faites ce qui vous convient le mieux et correspond \u00e0 votre emploi du temps et \u00e0 vos pr\u00e9f\u00e9rences. Gardez votre \u00e9quipe de soins de sant\u00e9 inform\u00e9e. Surveillez tous signes pouvant n\u00e9cessiter une r\u00e9duction de votre activit\u00e9 physique.<\/span><\/p>\n<p><span style=\"font-weight: 400;\">Gardez ces rappels de s\u00e9curit\u00e9 \u00e0 l&rsquo;esprit et bien s\u00fbr, consultez votre fournisseur de soins de sant\u00e9 si vous avez des questions ou si vous rencontrez des changements qui vous inqui\u00e8tent.<\/span><\/p>\n<p>&nbsp;<\/p>\n<p><span style=\"font-weight: 400;\">Portez-vous bien et soyez aussi actif que possible.<\/span><\/p>\t\t\t\t\t\t\t\t<\/div>\n\t\t\t\t<\/div>\n\t\t\t\t\t<\/div>\n\t\t<\/div>\n\t\t\t\t\t<\/div>\n\t\t<\/section>\n\t\t\t\t<\/div>\n\t\t","protected":false},"excerpt":{"rendered":"<p>https:\/\/youtu.be\/vsn2iNY6_wc Nous allons maintenant passer en revue certains changements de votre corps et la mani\u00e8re dont cela n\u00e9cessitera de modifier vos exercices&#8230; Audio Only PDF &nbsp; Conseils de s\u00e9curit\u00e9 pour l&rsquo;activit\u00e9 physique (version texte de la video) R\u00e9fl\u00e9chissons \u00e0 votre environnement dans lequel vous effectuez vos exercices. Au Canada, nous avons des temp\u00e9ratures extr\u00eames. Vous &#8230; <a title=\"Conseils de s\u00e9curit\u00e9 pour l&rsquo;activit\u00e9 physique\" class=\"read-more\" href=\"https:\/\/www.activepatient.ca\/fr\/conseils-de-securite-pour-lactivite-physique\/\">Lire la suite <span class=\"screen-reader-text\">Conseils de s\u00e9curit\u00e9 pour l&rsquo;activit\u00e9 physique<\/span><\/a><\/p>\n","protected":false},"author":1,"featured_media":0,"parent":0,"menu_order":0,"comment_status":"closed","ping_status":"closed","template":"","meta":{"_acf_changed":false,"ngg_post_thumbnail":0,"h5ap_radio_sources":[],"footnotes":""},"class_list":["post-7068","page","type-page","status-publish"],"acf":[],"_links":{"self":[{"href":"https:\/\/www.activepatient.ca\/fr\/wp-json\/wp\/v2\/pages\/7068","targetHints":{"allow":["GET"]}}],"collection":[{"href":"https:\/\/www.activepatient.ca\/fr\/wp-json\/wp\/v2\/pages"}],"about":[{"href":"https:\/\/www.activepatient.ca\/fr\/wp-json\/wp\/v2\/types\/page"}],"author":[{"embeddable":true,"href":"https:\/\/www.activepatient.ca\/fr\/wp-json\/wp\/v2\/users\/1"}],"replies":[{"embeddable":true,"href":"https:\/\/www.activepatient.ca\/fr\/wp-json\/wp\/v2\/comments?post=7068"}],"version-history":[{"count":0,"href":"https:\/\/www.activepatient.ca\/fr\/wp-json\/wp\/v2\/pages\/7068\/revisions"}],"wp:attachment":[{"href":"https:\/\/www.activepatient.ca\/fr\/wp-json\/wp\/v2\/media?parent=7068"}],"curies":[{"name":"wp","href":"https:\/\/api.w.org\/{rel}","templated":true}]}}