{"id":7054,"date":"2019-07-02T12:52:40","date_gmt":"2019-07-02T12:52:40","guid":{"rendered":"https:\/\/www.activepatient.ca\/?page_id=7054"},"modified":"2019-08-28T00:48:57","modified_gmt":"2019-08-28T00:48:57","slug":"gestion-de-la-glycemie","status":"publish","type":"page","link":"https:\/\/www.activepatient.ca\/fr\/gestion-de-la-glycemie\/","title":{"rendered":"Gestion de la glyc\u00e9mie"},"content":{"rendered":"\t\t<div data-elementor-type=\"wp-post\" data-elementor-id=\"7054\" class=\"elementor elementor-7054 elementor-4636 elementor-bc-flex-widget\">\n\t\t\t\t\t\t<section class=\"elementor-section elementor-top-section elementor-element elementor-element-6f28109c elementor-section-full_width elementor-section-height-default elementor-section-height-default\" data-id=\"6f28109c\" data-element_type=\"section\" data-settings=\"{&quot;background_background&quot;:&quot;classic&quot;}\">\n\t\t\t\t\t\t<div class=\"elementor-container elementor-column-gap-wide\">\n\t\t\t\t\t<div class=\"elementor-column elementor-col-50 elementor-top-column elementor-element elementor-element-52ca2603\" data-id=\"52ca2603\" data-element_type=\"column\">\n\t\t\t<div class=\"elementor-widget-wrap elementor-element-populated\">\n\t\t\t\t\t\t<div class=\"elementor-element elementor-element-2b5b1e19 elementor-widget elementor-widget-video\" data-id=\"2b5b1e19\" data-element_type=\"widget\" data-settings=\"{&quot;youtube_url&quot;:&quot;https:\\\/\\\/youtu.be\\\/MyhX6zZ-rIA&quot;,&quot;video_type&quot;:&quot;youtube&quot;,&quot;controls&quot;:&quot;yes&quot;}\" data-widget_type=\"video.default\">\n\t\t\t\t<div class=\"elementor-widget-container\">\n\t\t\t\t\t\t\t<div class=\"elementor-wrapper elementor-open-inline\">\n\t\t\t<div class=\"elementor-video\"><\/div>\t\t<\/div>\n\t\t\t\t\t\t<\/div>\n\t\t\t\t<\/div>\n\t\t\t\t\t<\/div>\n\t\t<\/div>\n\t\t\t\t<div class=\"elementor-column elementor-col-50 elementor-top-column elementor-element elementor-element-5dc821b5\" data-id=\"5dc821b5\" data-element_type=\"column\">\n\t\t\t<div class=\"elementor-widget-wrap elementor-element-populated\">\n\t\t\t\t\t\t<div class=\"elementor-element elementor-element-2ba5f517 elementor-widget elementor-widget-text-editor\" data-id=\"2ba5f517\" data-element_type=\"widget\" data-widget_type=\"text-editor.default\">\n\t\t\t\t<div class=\"elementor-widget-container\">\n\t\t\t\t\t\t\t\t\t<p>Parlons de votre glyc\u00e9mie avant, pendant et apr\u00e8s l\u2019exercice, il est important de v\u00e9rifier votre glyc\u00e9mie avant une s\u00e9ance d&rsquo;exercice&#8230;<\/p>\t\t\t\t\t\t\t\t<\/div>\n\t\t\t\t<\/div>\n\t\t\t\t<section class=\"elementor-section elementor-inner-section elementor-element elementor-element-1f84758f elementor-section-boxed elementor-section-height-default elementor-section-height-default\" data-id=\"1f84758f\" data-element_type=\"section\">\n\t\t\t\t\t\t<div class=\"elementor-container elementor-column-gap-default\">\n\t\t\t\t\t<div class=\"elementor-column elementor-col-50 elementor-inner-column elementor-element elementor-element-7fb459c2\" data-id=\"7fb459c2\" data-element_type=\"column\">\n\t\t\t<div class=\"elementor-widget-wrap elementor-element-populated\">\n\t\t\t\t\t\t<div class=\"elementor-element elementor-element-39c3dbd9 elementor-position-top elementor-widget elementor-widget-image-box\" data-id=\"39c3dbd9\" data-element_type=\"widget\" data-widget_type=\"image-box.default\">\n\t\t\t\t<div class=\"elementor-widget-container\">\n\t\t\t\t\t<div class=\"elementor-image-box-wrapper\"><figure class=\"elementor-image-box-img\"><img decoding=\"async\" width=\"200\" height=\"200\" src=\"https:\/\/www.activepatient.ca\/wp-content\/uploads\/2018\/03\/headphoneIcon.png\" class=\"attachment-full size-full wp-image-5557\" alt=\"\" srcset=\"https:\/\/www.activepatient.ca\/wp-content\/uploads\/2018\/03\/headphoneIcon.png 200w, https:\/\/www.activepatient.ca\/wp-content\/uploads\/2018\/03\/headphoneIcon-150x150.png 150w\" sizes=\"(max-width: 200px) 100vw, 200px\" \/><\/figure><div class=\"elementor-image-box-content\"><h5 class=\"elementor-image-box-title\">Audio Only<\/h5><p class=\"elementor-image-box-description\"><div\n    id=\"h5ap-player-1\"\n    data-id=\"h5ap-player-1\"\n    data-attributes=\"{&quot;uniqueId&quot;:&quot;player7003&quot;,&quot;clientId&quot;:&quot;&quot;,&quot;align&quot;:&quot;&quot;,&quot;alignment&quot;:&quot;left&quot;,&quot;color&quot;:&quot;#fff&quot;,&quot;textColor&quot;:&quot;#fff&quot;,&quot;primaryColor&quot;:&quot;#195FF5&quot;,&quot;hoverColor&quot;:&quot;#00B3FF&quot;,&quot;controlColor&quot;:&quot;#4a5464&quot;,&quot;bgColor&quot;:&quot;#f2f2f2&quot;,&quot;skin&quot;:&quot;Default&quot;,&quot;repeat&quot;:false,&quot;autoplay&quot;:false,&quot;isSticky&quot;:false,&quot;muted&quot;:false,&quot;loader&quot;:false,&quot;saveState&quot;:false,&quot;disablePause&quot;:false,&quot;seekTime&quot;:10,&quot;startTime&quot;:0,&quot;preload&quot;:&quot;metadata&quot;,&quot;download&quot;:false,&quot;width&quot;:&quot;100%&quot;,&quot;radius&quot;:&quot;5px&quot;,&quot;controls&quot;:{&quot;play&quot;:true,&quot;progress&quot;:true,&quot;current-time&quot;:true,&quot;duration&quot;:true,&quot;mute&quot;:true,&quot;volume&quot;:true},&quot;CSS&quot;:&quot;&quot;,&quot;i18n&quot;:{&quot;restart&quot;:&quot;Restart&quot;,&quot;rewind&quot;:&quot;Rewind {seektime}s&quot;,&quot;play&quot;:&quot;Play&quot;,&quot;pause&quot;:&quot;Pause&quot;,&quot;fastForward:&quot;:&quot;Forward {seektime}s&quot;,&quot;seek&quot;:&quot;Seek&quot;,&quot;seekLabel&quot;:&quot;{currentTime} of {duration}&quot;,&quot;played&quot;:&quot;Played&quot;,&quot;buffered&quot;:&quot;Buffered&quot;,&quot;currentTime:&quot;:&quot;Current time&quot;,&quot;duration&quot;:&quot;Duration&quot;,&quot;volume&quot;:&quot;Volume&quot;,&quot;mute&quot;:&quot;Mute&quot;,&quot;unmute&quot;:&quot;Unmute&quot;,&quot;enableCaptions&quot;:&quot;Enable captions&quot;,&quot;disableCaptions&quot;:&quot;Disable captions&quot;,&quot;download&quot;:&quot;Download&quot;,&quot;enterFullscreen&quot;:&quot;Enter fullscreen&quot;,&quot;exitFullscreen&quot;:&quot;Exit fullscreen&quot;,&quot;frameTitle&quot;:&quot;Player for {title}&quot;,&quot;captions&quot;:&quot;Captions&quot;,&quot;settings&quot;:&quot;Settings&quot;,&quot;pip&quot;:&quot;PIP&quot;,&quot;menuBack&quot;:&quot;Go back to previous menu&quot;,&quot;speed&quot;:&quot;Speed&quot;,&quot;normal&quot;:&quot;Normal&quot;,&quot;quality&quot;:&quot;Quality&quot;,&quot;loop&quot;:&quot;Loop&quot;,&quot;start&quot;:&quot;Start&quot;,&quot;end&quot;:&quot;End&quot;,&quot;all&quot;:&quot;All&quot;,&quot;reset&quot;:&quot;Reset&quot;,&quot;disabled&quot;:&quot;Disabled&quot;,&quot;enabled&quot;:&quot;Enabled&quot;,&quot;advertisement&quot;:&quot;Ad&quot;,&quot;qualityBadge&quot;:{&quot;2160&quot;:&quot;4K&quot;,&quot;1440&quot;:&quot;HD&quot;,&quot;1080&quot;:&quot;HD&quot;,&quot;720&quot;:&quot;HD&quot;,&quot;576&quot;:&quot;SD&quot;,&quot;480&quot;:&quot;SD&quot;}},&quot;source&quot;:&quot;&quot;,&quot;poster&quot;:&quot;&quot;,&quot;title&quot;:&quot;audio title&quot;,&quot;artist&quot;:&quot;&quot;,&quot;speed&quot;:{&quot;selected&quot;:1,&quot;speed&quot;:[&quot;0.5&quot;,&quot; 0.75&quot;,&quot; 1&quot;,&quot; 1.25&quot;,&quot; 1.5&quot;,&quot; 1.75&quot;,&quot; 2&quot;,&quot; 4&quot;,&quot; 8&quot;]},&quot;multiple_audio&quot;:false,&quot;defaultValue&quot;:{&quot;Default&quot;:{&quot;primaryColor&quot;:&quot;#4A5464&quot;,&quot;controlColor&quot;:&quot;#4A5464&quot;,&quot;bgColor&quot;:&quot;#F5F5F5&quot;},&quot;Fusion&quot;:{&quot;primaryColor&quot;:&quot;#fff&quot;,&quot;bgColor&quot;:&quot;#161616&quot;,&quot;controlColor&quot;:&quot;#fff&quot;},&quot;Stamp&quot;:{&quot;controlColor&quot;:&quot;#fff&quot;,&quot;bgColor&quot;:&quot;#161616&quot;},&quot;Wave&quot;:{&quot;primaryColor&quot;:&quot;#fff&quot;,&quot;controlColor&quot;:&quot;#fff&quot;,&quot;bgColor&quot;:&quot;#161616&quot;,&quot;textColor&quot;:&quot;#fff&quot;},&quot;Card-1&quot;:{&quot;primaryColor&quot;:&quot;#fff&quot;,&quot;controlColor&quot;:&quot;#161616&quot;,&quot;bgColor&quot;:&quot;#161616&quot;,&quot;textColor&quot;:&quot;#fff&quot;},&quot;Card-2&quot;:{&quot;primaryColor&quot;:&quot;#00FBF3&quot;,&quot;controlColor&quot;:&quot;#fff&quot;,&quot;bgColor&quot;:&quot;#161616&quot;,&quot;textColor&quot;:&quot;#fff&quot;},&quot;Simple-1&quot;:{&quot;primaryColor&quot;:&quot;#00dcff&quot;,&quot;controlColor&quot;:&quot;#fff&quot;,&quot;bgColor&quot;:&quot;#161616&quot;,&quot;textColor&quot;:&quot;#00dcff&quot;},&quot;Simple-2&quot;:{&quot;primaryColor&quot;:&quot;#06F7FF00&quot;,&quot;controlColor&quot;:&quot;#fff&quot;,&quot;bgColor&quot;:&quot;#161616&quot;},&quot;Player9&quot;:{&quot;primaryColor&quot;:&quot;#195FF6&quot;,&quot;controlColor&quot;:&quot;#fff&quot;,&quot;bgColor&quot;:&quot;#161616&quot;,&quot;textColor&quot;:&quot;#EDEFF2&quot;},&quot;Player10&quot;:{&quot;primaryColor&quot;:&quot;#195FF6&quot;,&quot;controlColor&quot;:&quot;#fff&quot;,&quot;bgColor&quot;:&quot;#161616&quot;,&quot;textColor&quot;:&quot;#EDEFF2&quot;},&quot;Player11&quot;:{&quot;primaryColor&quot;:&quot;#195FF6&quot;,&quot;controlColor&quot;:&quot;#fff&quot;,&quot;bgColor&quot;:&quot;#161616&quot;,&quot;textColor&quot;:&quot;#fff&quot;}}}\"\n    class=\"wp-block-h5ap-tailwind wp-block-h5ap-audioplayer\">\n    <\/div><\/p><\/div><\/div>\t\t\t\t<\/div>\n\t\t\t\t<\/div>\n\t\t\t\t\t<\/div>\n\t\t<\/div>\n\t\t\t\t<div class=\"elementor-column elementor-col-50 elementor-inner-column elementor-element elementor-element-6acab0ce\" data-id=\"6acab0ce\" data-element_type=\"column\">\n\t\t\t<div class=\"elementor-widget-wrap elementor-element-populated\">\n\t\t\t\t\t\t<div class=\"elementor-element elementor-element-64b02a8e elementor-position-top elementor-widget elementor-widget-image-box\" data-id=\"64b02a8e\" data-element_type=\"widget\" data-widget_type=\"image-box.default\">\n\t\t\t\t<div class=\"elementor-widget-container\">\n\t\t\t\t\t<div class=\"elementor-image-box-wrapper\"><figure class=\"elementor-image-box-img\"><a href=\"https:\/\/www.activepatient.ca\/wp-content\/uploads\/2019\/07\/Gestion-de-la-glyce\u0301mie.pdf\" tabindex=\"-1\"><img fetchpriority=\"high\" decoding=\"async\" width=\"507\" height=\"512\" src=\"https:\/\/www.activepatient.ca\/wp-content\/uploads\/2018\/03\/PDF_icon.png\" class=\"attachment-full size-full wp-image-5559\" alt=\"\" srcset=\"https:\/\/www.activepatient.ca\/wp-content\/uploads\/2018\/03\/PDF_icon.png 507w, https:\/\/www.activepatient.ca\/wp-content\/uploads\/2018\/03\/PDF_icon-150x150.png 150w, https:\/\/www.activepatient.ca\/wp-content\/uploads\/2018\/03\/PDF_icon-297x300.png 297w\" sizes=\"(max-width: 507px) 100vw, 507px\" \/><\/a><\/figure><div class=\"elementor-image-box-content\"><p class=\"elementor-image-box-title\"><a href=\"https:\/\/www.activepatient.ca\/wp-content\/uploads\/2019\/07\/Gestion-de-la-glyce\u0301mie.pdf\">PDF<\/a><\/p><\/div><\/div>\t\t\t\t<\/div>\n\t\t\t\t<\/div>\n\t\t\t\t\t<\/div>\n\t\t<\/div>\n\t\t\t\t\t<\/div>\n\t\t<\/section>\n\t\t\t\t\t<\/div>\n\t\t<\/div>\n\t\t\t\t\t<\/div>\n\t\t<\/section>\n\t\t\t\t<section class=\"elementor-section elementor-top-section elementor-element elementor-element-1c3bdd3 elementor-section-boxed elementor-section-height-default elementor-section-height-default\" data-id=\"1c3bdd3\" data-element_type=\"section\">\n\t\t\t\t\t\t<div class=\"elementor-container elementor-column-gap-default\">\n\t\t\t\t\t<div class=\"elementor-column elementor-col-100 elementor-top-column elementor-element elementor-element-4c7157e\" data-id=\"4c7157e\" data-element_type=\"column\">\n\t\t\t<div class=\"elementor-widget-wrap elementor-element-populated\">\n\t\t\t\t\t\t<div class=\"elementor-element elementor-element-cc9a3b3 elementor-widget elementor-widget-text-editor\" data-id=\"cc9a3b3\" data-element_type=\"widget\" data-widget_type=\"text-editor.default\">\n\t\t\t\t<div class=\"elementor-widget-container\">\n\t\t\t\t\t\t\t\t\t<h3>Gestion de la glyc\u00e9mie <\/h3>\n<p>(version texte de la video)<\/p>\n<p><span style=\"font-weight: 400;\">Parlons de votre glyc\u00e9mie avant, pendant et apr\u00e8s l\u2019exercice, il est important de v\u00e9rifier votre glyc\u00e9mie avant une s\u00e9ance d&rsquo;exercice, par exemple 30 minutes de marche ou 15 minutes de v\u00e9lo stationnaire. Nous ne voulons pas que le taux de sucre soit trop bas ou trop \u00e9lev\u00e9 avant de faire de l\u2019exercice.<\/span><\/p>\n<p><span style=\"font-weight: 400;\">S&rsquo;il s&rsquo;est \u00e9coul\u00e9 2 heures ou plus depuis votre dernier repas ou collation, il est particuli\u00e8rement important de v\u00e9rifier votre glyc\u00e9mie avant de faire de l\u2019exercice. Cela est particuli\u00e8rement important si vous utiliser de l\u2019insuline ou d\u2019autres m\u00e9dicaments r\u00e9duisant le taux de sucre dans le sang.<\/span><\/p>\n<p><span style=\"font-weight: 400;\">Si votre taux est de 3,6 ou moins, vous \u00eates hypoglyc\u00e9mique et avez besoin d&rsquo;une source rapide de sucre. Traitez-vous pour l&rsquo;hypoglyc\u00e9mie et ne faites pas d&rsquo;exercice imm\u00e9diatement. Prenez 15 grammes de glucides sous forme de comprim\u00e9s de glucose. Si vous n&rsquo;en avez pas, prenez 2\/3 de tasse de jus ou 1 cuill\u00e8re \u00e0 soupe de sucre dissous dans de l&rsquo;eau. Attendez 15 minutes et v\u00e9rifiez \u00e0 nouveau votre taux de sucre. S&rsquo;il est toujours \u00e0 3,6 ou moins, prenez encore 15 grammes de glucides. R\u00e9p\u00e9tez ces \u00e9tapes jusqu&rsquo;\u00e0 ce que votre glyc\u00e9mie atteigne 4 ou plus. Si cela se produit r\u00e9guli\u00e8rement, vous devrez peut-\u00eatre discuter avec votre m\u00e9decin de la mani\u00e8re dont vous pouvez pr\u00e9venir un taux de glyc\u00e9mie trop bas. Vos m\u00e9dicaments devront peut-\u00eatre \u00eatre ajust\u00e9s.\u00a0<\/span><\/p>\n<p><span style=\"font-weight: 400;\">Si vous prenez de l&rsquo;insuline, vous devrez peut-\u00eatre r\u00e9duire r\u00e9guli\u00e8rement la dose d&rsquo;insuline que vous prenez avant de faire de l&rsquo;exercice. Par exemple, si vous faites de l&rsquo;exercice l&rsquo;apr\u00e8s-midi, vous devrez peut-\u00eatre r\u00e9duire votre dose d&rsquo;insuline \u00e0 l&rsquo;heure du d\u00e9jeuner. Parlez \u00e0 votre m\u00e9decin pour bien comprendre votre dose d\u2019insuline et pour savoir quand vous devriez en prendre.<\/span><\/p>\n<p><span style=\"font-weight: 400;\">Si votre taux est de 3,7 \u00e0 4,9 avant l&rsquo;exercice, prenez une collation contenant 15 grammes de glucides. Cela pourrait \u00eatre un fruit avec un peu de fromage. Ce pourrait \u00eatre une tranche de pain de grains entiers avec du beurre d&rsquo;arachide. Cela pourrait \u00eatre 2\/3 de tasse de yogourt. Pourquoi? Pendant l&rsquo;exercice, votre corps utilisera votre glyc\u00e9mie et celui-ci risque de chuter trop bas si vous poss\u00e9dez d\u00e9j\u00e0 un taux de glyc\u00e9mie bas lorsque vous commencez \u00e0 faire de l&rsquo;exercice. Attendez au moins 15 minutes apr\u00e8s la collation et v\u00e9rifiez \u00e0 nouveau votre taux de sucre dans le sang pour vous assurer qu&rsquo;il est \u00e9gal ou sup\u00e9rieur \u00e0 5 avant de commencer. Vous voulez ensuite v\u00e9rifier votre taux de sucre dans le sang apr\u00e8s votre s\u00e9ance ou m\u00eame pendant la s\u00e9ance si vous sentez que votre taux de sucre est bas.\u00a0<\/span><\/p>\n<p>&nbsp;<\/p>\n<p><span style=\"font-weight: 400;\">Les sympt\u00f4mes de l&rsquo;hypoglyc\u00e9mie comprennent:<\/span><\/p>\n<ul>\n\t<li style=\"font-weight: 400;\"><span style=\"font-weight: 400;\">Tremblements<\/span><\/li>\n\t<li style=\"font-weight: 400;\"><span style=\"font-weight: 400;\">Anxi\u00e9t\u00e9<\/span><\/li>\n\t<li style=\"font-weight: 400;\"><span style=\"font-weight: 400;\">Naus\u00e9es<\/span><\/li>\n\t<li style=\"font-weight: 400;\"><span style=\"font-weight: 400;\">Faiblesse<\/span><\/li>\n\t<li style=\"font-weight: 400;\"><span style=\"font-weight: 400;\">Transpiration excessive<\/span><\/li>\n\t<li style=\"font-weight: 400;\"><span style=\"font-weight: 400;\">Battements de c\u0153ur irr\u00e9guliers<\/span><\/li>\n\t<li style=\"font-weight: 400;\"><span style=\"font-weight: 400;\">Sentiment de ne pas pouvoir se concentrer.\u00a0<\/span><\/li>\n<\/ul>\n<p><span style=\"font-weight: 400;\">Si votre taux de sucre est de 4 mmol \/ L ou moins apr\u00e8s l&rsquo;effort, assurez-vous de prendre une collation.<\/span><\/p>\n<p>&nbsp;<\/p>\n<p><span style=\"font-weight: 400;\">Si votre taux de sucre se situe entre 5 et 10 avant votre exercice, continuez si vous vous sentez bien.<\/span><\/p>\n<p>&nbsp;<\/p>\n<p><span style=\"font-weight: 400;\">D&rsquo;autre part, si votre taux de sucre avant de commencer \u00e0 faire de l&rsquo;exercice d\u00e9passe 10 mmol\/l, vous pouvez faire de l&rsquo;exercice si vous vous sentez bien mais v\u00e9rifiez \u00e0 nouveau votre niveau de sucre apr\u00e8s 10 minutes d&rsquo;exercice. Si votre taux de sucre est toujours \u00e0 10, voire plus, arr\u00eatez de faire de l&rsquo;exercice. Attendez que votre taux de sucre soient mieux contr\u00f4l\u00e9s. Vous devrez peut-\u00eatre parler \u00e0 votre fournisseur de soins de sant\u00e9 si vous constatez que votre taux de sucre est souvent \u00e9lev\u00e9.\u00a0<\/span><\/p>\n<p>&nbsp;<\/p>\n<p><span style=\"font-weight: 400;\">Si vous vous situez entre 5 et 10, vous pouvez continuer \u00e0 faire de l&rsquo;exercice. Lorsque vous vous contentez d\u2019ajouter des activit\u00e9s simples \u00e0 votre journ\u00e9e, par exemple en empruntant les escaliers plut\u00f4t que l&rsquo;ascenseur ou en prenant une pause debout au travail, vous n&rsquo;avez pas besoin de v\u00e9rifier votre glyc\u00e9mie. Toutefois, si vous pr\u00e9voyez une marche d&rsquo;au moins 15 \u00e0 20 minutes ou plus, ou tout autre exercice continu, vous devez v\u00e9rifier votre glyc\u00e9mie avant et apr\u00e8s votre activit\u00e9, et pendant l&rsquo;exercice si vous commencez \u00e0 ressentir les effets d\u2019un taux de sucre trop bas.<\/span><\/p>\n<p>&nbsp;<\/p>\n<p><span style=\"font-weight: 400;\">Pendant que vous faites de l&rsquo;exercice, il est possible que votre taux de sucre diminue. Vous devez donc \u00eatre conscient de tout sympt\u00f4me qui le signale. Encore une fois, les sympt\u00f4mes d&rsquo;hypoglyc\u00e9mie comprennent les sensations de tremblement, d&rsquo;anxi\u00e9t\u00e9, de naus\u00e9e, de faiblesse, de transpiration excessive, de battements de c\u0153ur irr\u00e9guliers et de sensation de ne pas pouvoir se concentrer. Certains de ces sympt\u00f4mes sont en r\u00e9alit\u00e9 normaux pendant la grossesse, par exemple une sensation de fatigue ou des naus\u00e9es, mais c\u2019est pourquoi il est important de v\u00e9rifier votre glyc\u00e9mie avant et apr\u00e8s votre s\u00e9ance d\u2019exercice.\u00a0<\/span><\/p>\n<p><span style=\"font-weight: 400;\">Pendant que vous faites de l&rsquo;exercice, il peut \u00eatre judicieux d&rsquo;avoir un carton de jus \u00e0 proximit\u00e9 ou les comprim\u00e9s de dextrose que votre fournisseur de soins de sant\u00e9 vous a donn\u00e9s. Il est important de ne boire le jus que si vous avez besoin d&rsquo;une dose rapide de sucre, sinon restez hydrat\u00e9 pendant vos exercices en buvant de l&rsquo;eau.Vous devriez boire de 8 \u00e0 10 tasses d&rsquo;eau tout au long de la journ\u00e9e, mais vous pouvez certainement en consommer plus si vous en avez besoin. Surtout quand vous faites de l&rsquo;exercice, prenez une bouteille d&rsquo;eau avec vous.\u00a0<\/span><\/p>\n<p><span style=\"font-weight: 400;\">Si vous utilisez de l&rsquo;insuline pendant votre grossesse, \u00e9vitez de vous l\u2019injecter dans un groupe de muscles que vous exerc\u00e9. Il est \u00e9galement important de ne pas faire de l\u2019exercice pendant le pic d&rsquo;insuline. Vous pouvez demander \u00e0 votre fournisseur de soins de sant\u00e9 o\u00f9 est-ce que ce pic se situe en ce qui vous concerne en fonction de votre ordonnance d&rsquo;insuline. En effet, l\u2019exercice peut rendre votre corps plus sensible \u00e0 l\u2019insuline ou, en d\u2019autres termes, vous donner un regain d\u2019insuline. Vous remarquerez peut-\u00eatre qu&rsquo;une fois que vous \u00eates actif, votre taux de sucre dans le sang est souvent plus bas. Cela pourrait signifier que votre dose d&rsquo;insuline doit \u00eatre modifi\u00e9e. Vous devez en informer imm\u00e9diatement votre fournisseur de soins de sant\u00e9.\u00a0<\/span><\/p>\t\t\t\t\t\t\t\t<\/div>\n\t\t\t\t<\/div>\n\t\t\t\t\t<\/div>\n\t\t<\/div>\n\t\t\t\t\t<\/div>\n\t\t<\/section>\n\t\t\t\t<\/div>\n\t\t","protected":false},"excerpt":{"rendered":"<p>https:\/\/youtu.be\/MyhX6zZ-rIA Parlons de votre glyc\u00e9mie avant, pendant et apr\u00e8s l\u2019exercice, il est important de v\u00e9rifier votre glyc\u00e9mie avant une s\u00e9ance d&rsquo;exercice&#8230; Audio Only PDF Gestion de la glyc\u00e9mie (version texte de la video) Parlons de votre glyc\u00e9mie avant, pendant et apr\u00e8s l\u2019exercice, il est important de v\u00e9rifier votre glyc\u00e9mie avant une s\u00e9ance d&rsquo;exercice, par exemple &#8230; <a title=\"Gestion de la glyc\u00e9mie\" class=\"read-more\" href=\"https:\/\/www.activepatient.ca\/fr\/gestion-de-la-glycemie\/\">Lire la suite <span class=\"screen-reader-text\">Gestion de la glyc\u00e9mie<\/span><\/a><\/p>\n","protected":false},"author":1,"featured_media":0,"parent":0,"menu_order":0,"comment_status":"closed","ping_status":"closed","template":"","meta":{"_acf_changed":false,"ngg_post_thumbnail":0,"h5ap_radio_sources":[],"footnotes":""},"class_list":["post-7054","page","type-page","status-publish"],"acf":[],"_links":{"self":[{"href":"https:\/\/www.activepatient.ca\/fr\/wp-json\/wp\/v2\/pages\/7054","targetHints":{"allow":["GET"]}}],"collection":[{"href":"https:\/\/www.activepatient.ca\/fr\/wp-json\/wp\/v2\/pages"}],"about":[{"href":"https:\/\/www.activepatient.ca\/fr\/wp-json\/wp\/v2\/types\/page"}],"author":[{"embeddable":true,"href":"https:\/\/www.activepatient.ca\/fr\/wp-json\/wp\/v2\/users\/1"}],"replies":[{"embeddable":true,"href":"https:\/\/www.activepatient.ca\/fr\/wp-json\/wp\/v2\/comments?post=7054"}],"version-history":[{"count":0,"href":"https:\/\/www.activepatient.ca\/fr\/wp-json\/wp\/v2\/pages\/7054\/revisions"}],"wp:attachment":[{"href":"https:\/\/www.activepatient.ca\/fr\/wp-json\/wp\/v2\/media?parent=7054"}],"curies":[{"name":"wp","href":"https:\/\/api.w.org\/{rel}","templated":true}]}}