{"id":7037,"date":"2019-07-02T12:28:09","date_gmt":"2019-07-02T12:28:09","guid":{"rendered":"https:\/\/www.activepatient.ca\/?page_id=7037"},"modified":"2019-08-28T00:46:50","modified_gmt":"2019-08-28T00:46:50","slug":"comment-etre-actif-pendend","status":"publish","type":"page","link":"https:\/\/www.activepatient.ca\/fr\/comment-etre-actif-pendend\/","title":{"rendered":"Comment \u00eatre actif physiquement tout au long de la journ\u00e9e"},"content":{"rendered":"\t\t<div data-elementor-type=\"wp-post\" data-elementor-id=\"7037\" class=\"elementor elementor-7037 elementor-4635\">\n\t\t\t\t\t\t<section class=\"elementor-section elementor-top-section elementor-element elementor-element-1aab41cd elementor-section-full_width elementor-section-height-default elementor-section-height-default\" data-id=\"1aab41cd\" data-element_type=\"section\" data-settings=\"{&quot;background_background&quot;:&quot;classic&quot;}\">\n\t\t\t\t\t\t<div class=\"elementor-container elementor-column-gap-wide\">\n\t\t\t\t\t<div class=\"elementor-column elementor-col-50 elementor-top-column elementor-element elementor-element-255e90b8\" data-id=\"255e90b8\" data-element_type=\"column\">\n\t\t\t<div class=\"elementor-widget-wrap elementor-element-populated\">\n\t\t\t\t\t\t<div class=\"elementor-element elementor-element-a61eb94 elementor-widget elementor-widget-video\" data-id=\"a61eb94\" data-element_type=\"widget\" data-settings=\"{&quot;youtube_url&quot;:&quot;https:\\\/\\\/youtu.be\\\/YCDm2ijtzfY&quot;,&quot;video_type&quot;:&quot;youtube&quot;,&quot;controls&quot;:&quot;yes&quot;}\" data-widget_type=\"video.default\">\n\t\t\t\t<div class=\"elementor-widget-container\">\n\t\t\t\t\t\t\t<div class=\"elementor-wrapper elementor-open-inline\">\n\t\t\t<div class=\"elementor-video\"><\/div>\t\t<\/div>\n\t\t\t\t\t\t<\/div>\n\t\t\t\t<\/div>\n\t\t\t\t\t<\/div>\n\t\t<\/div>\n\t\t\t\t<div class=\"elementor-column elementor-col-50 elementor-top-column elementor-element elementor-element-ffa80b9\" data-id=\"ffa80b9\" data-element_type=\"column\">\n\t\t\t<div class=\"elementor-widget-wrap elementor-element-populated\">\n\t\t\t\t\t\t<div class=\"elementor-element elementor-element-a456f41 elementor-widget elementor-widget-text-editor\" data-id=\"a456f41\" data-element_type=\"widget\" data-widget_type=\"text-editor.default\">\n\t\t\t\t<div class=\"elementor-widget-container\">\n\t\t\t\t\t\t\t\t\t<p>Cette vid\u00e9o pr\u00e9sentera les recommandations actuelles concernant l&rsquo;activit\u00e9 physique pendant la grossesse. Les activit\u00e9s physiques sont n\u2019importe quelles activit\u00e9s qui font bouger votre corps ou actives vos muscles&#8230;<\/p>\t\t\t\t\t\t\t\t<\/div>\n\t\t\t\t<\/div>\n\t\t\t\t<section class=\"elementor-section elementor-inner-section elementor-element elementor-element-618a6ea1 elementor-section-boxed elementor-section-height-default elementor-section-height-default\" data-id=\"618a6ea1\" data-element_type=\"section\">\n\t\t\t\t\t\t<div class=\"elementor-container elementor-column-gap-default\">\n\t\t\t\t\t<div class=\"elementor-column elementor-col-50 elementor-inner-column elementor-element elementor-element-73fc4042\" data-id=\"73fc4042\" data-element_type=\"column\">\n\t\t\t<div class=\"elementor-widget-wrap elementor-element-populated\">\n\t\t\t\t\t\t<div class=\"elementor-element elementor-element-173ba8b2 elementor-position-top elementor-widget elementor-widget-image-box\" data-id=\"173ba8b2\" data-element_type=\"widget\" data-widget_type=\"image-box.default\">\n\t\t\t\t<div class=\"elementor-widget-container\">\n\t\t\t\t\t<div class=\"elementor-image-box-wrapper\"><figure class=\"elementor-image-box-img\"><img decoding=\"async\" width=\"200\" height=\"200\" src=\"https:\/\/www.activepatient.ca\/wp-content\/uploads\/2018\/03\/headphoneIcon.png\" class=\"attachment-full size-full wp-image-5557\" alt=\"\" srcset=\"https:\/\/www.activepatient.ca\/wp-content\/uploads\/2018\/03\/headphoneIcon.png 200w, https:\/\/www.activepatient.ca\/wp-content\/uploads\/2018\/03\/headphoneIcon-150x150.png 150w\" sizes=\"(max-width: 200px) 100vw, 200px\" \/><\/figure><div class=\"elementor-image-box-content\"><h5 class=\"elementor-image-box-title\">Audio seulement<\/h5><p class=\"elementor-image-box-description\"><div\n    id=\"h5ap-player-1\"\n    data-id=\"h5ap-player-1\"\n    data-attributes=\"{&quot;uniqueId&quot;:&quot;player7017&quot;,&quot;clientId&quot;:&quot;&quot;,&quot;align&quot;:&quot;&quot;,&quot;alignment&quot;:&quot;left&quot;,&quot;color&quot;:&quot;#fff&quot;,&quot;textColor&quot;:&quot;#fff&quot;,&quot;primaryColor&quot;:&quot;#195FF5&quot;,&quot;hoverColor&quot;:&quot;#00B3FF&quot;,&quot;controlColor&quot;:&quot;#4a5464&quot;,&quot;bgColor&quot;:&quot;#f2f2f2&quot;,&quot;skin&quot;:&quot;Default&quot;,&quot;repeat&quot;:false,&quot;autoplay&quot;:false,&quot;isSticky&quot;:false,&quot;muted&quot;:false,&quot;loader&quot;:false,&quot;saveState&quot;:false,&quot;disablePause&quot;:false,&quot;seekTime&quot;:10,&quot;startTime&quot;:0,&quot;preload&quot;:&quot;metadata&quot;,&quot;download&quot;:false,&quot;width&quot;:&quot;100%&quot;,&quot;radius&quot;:&quot;5px&quot;,&quot;controls&quot;:{&quot;play&quot;:true,&quot;progress&quot;:true,&quot;current-time&quot;:true,&quot;duration&quot;:true,&quot;mute&quot;:true,&quot;volume&quot;:true},&quot;CSS&quot;:&quot;&quot;,&quot;i18n&quot;:{&quot;restart&quot;:&quot;Restart&quot;,&quot;rewind&quot;:&quot;Rewind {seektime}s&quot;,&quot;play&quot;:&quot;Play&quot;,&quot;pause&quot;:&quot;Pause&quot;,&quot;fastForward:&quot;:&quot;Forward {seektime}s&quot;,&quot;seek&quot;:&quot;Seek&quot;,&quot;seekLabel&quot;:&quot;{currentTime} of {duration}&quot;,&quot;played&quot;:&quot;Played&quot;,&quot;buffered&quot;:&quot;Buffered&quot;,&quot;currentTime:&quot;:&quot;Current time&quot;,&quot;duration&quot;:&quot;Duration&quot;,&quot;volume&quot;:&quot;Volume&quot;,&quot;mute&quot;:&quot;Mute&quot;,&quot;unmute&quot;:&quot;Unmute&quot;,&quot;enableCaptions&quot;:&quot;Enable captions&quot;,&quot;disableCaptions&quot;:&quot;Disable captions&quot;,&quot;download&quot;:&quot;Download&quot;,&quot;enterFullscreen&quot;:&quot;Enter fullscreen&quot;,&quot;exitFullscreen&quot;:&quot;Exit fullscreen&quot;,&quot;frameTitle&quot;:&quot;Player for {title}&quot;,&quot;captions&quot;:&quot;Captions&quot;,&quot;settings&quot;:&quot;Settings&quot;,&quot;pip&quot;:&quot;PIP&quot;,&quot;menuBack&quot;:&quot;Go back to previous menu&quot;,&quot;speed&quot;:&quot;Speed&quot;,&quot;normal&quot;:&quot;Normal&quot;,&quot;quality&quot;:&quot;Quality&quot;,&quot;loop&quot;:&quot;Loop&quot;,&quot;start&quot;:&quot;Start&quot;,&quot;end&quot;:&quot;End&quot;,&quot;all&quot;:&quot;All&quot;,&quot;reset&quot;:&quot;Reset&quot;,&quot;disabled&quot;:&quot;Disabled&quot;,&quot;enabled&quot;:&quot;Enabled&quot;,&quot;advertisement&quot;:&quot;Ad&quot;,&quot;qualityBadge&quot;:{&quot;2160&quot;:&quot;4K&quot;,&quot;1440&quot;:&quot;HD&quot;,&quot;1080&quot;:&quot;HD&quot;,&quot;720&quot;:&quot;HD&quot;,&quot;576&quot;:&quot;SD&quot;,&quot;480&quot;:&quot;SD&quot;}},&quot;source&quot;:&quot;&quot;,&quot;poster&quot;:&quot;&quot;,&quot;title&quot;:&quot;audio title&quot;,&quot;artist&quot;:&quot;&quot;,&quot;speed&quot;:{&quot;selected&quot;:1,&quot;speed&quot;:[&quot;0.5&quot;,&quot; 0.75&quot;,&quot; 1&quot;,&quot; 1.25&quot;,&quot; 1.5&quot;,&quot; 1.75&quot;,&quot; 2&quot;,&quot; 4&quot;,&quot; 8&quot;]},&quot;multiple_audio&quot;:false,&quot;defaultValue&quot;:{&quot;Default&quot;:{&quot;primaryColor&quot;:&quot;#4A5464&quot;,&quot;controlColor&quot;:&quot;#4A5464&quot;,&quot;bgColor&quot;:&quot;#F5F5F5&quot;},&quot;Fusion&quot;:{&quot;primaryColor&quot;:&quot;#fff&quot;,&quot;bgColor&quot;:&quot;#161616&quot;,&quot;controlColor&quot;:&quot;#fff&quot;},&quot;Stamp&quot;:{&quot;controlColor&quot;:&quot;#fff&quot;,&quot;bgColor&quot;:&quot;#161616&quot;},&quot;Wave&quot;:{&quot;primaryColor&quot;:&quot;#fff&quot;,&quot;controlColor&quot;:&quot;#fff&quot;,&quot;bgColor&quot;:&quot;#161616&quot;,&quot;textColor&quot;:&quot;#fff&quot;},&quot;Card-1&quot;:{&quot;primaryColor&quot;:&quot;#fff&quot;,&quot;controlColor&quot;:&quot;#161616&quot;,&quot;bgColor&quot;:&quot;#161616&quot;,&quot;textColor&quot;:&quot;#fff&quot;},&quot;Card-2&quot;:{&quot;primaryColor&quot;:&quot;#00FBF3&quot;,&quot;controlColor&quot;:&quot;#fff&quot;,&quot;bgColor&quot;:&quot;#161616&quot;,&quot;textColor&quot;:&quot;#fff&quot;},&quot;Simple-1&quot;:{&quot;primaryColor&quot;:&quot;#00dcff&quot;,&quot;controlColor&quot;:&quot;#fff&quot;,&quot;bgColor&quot;:&quot;#161616&quot;,&quot;textColor&quot;:&quot;#00dcff&quot;},&quot;Simple-2&quot;:{&quot;primaryColor&quot;:&quot;#06F7FF00&quot;,&quot;controlColor&quot;:&quot;#fff&quot;,&quot;bgColor&quot;:&quot;#161616&quot;},&quot;Player9&quot;:{&quot;primaryColor&quot;:&quot;#195FF6&quot;,&quot;controlColor&quot;:&quot;#fff&quot;,&quot;bgColor&quot;:&quot;#161616&quot;,&quot;textColor&quot;:&quot;#EDEFF2&quot;},&quot;Player10&quot;:{&quot;primaryColor&quot;:&quot;#195FF6&quot;,&quot;controlColor&quot;:&quot;#fff&quot;,&quot;bgColor&quot;:&quot;#161616&quot;,&quot;textColor&quot;:&quot;#EDEFF2&quot;},&quot;Player11&quot;:{&quot;primaryColor&quot;:&quot;#195FF6&quot;,&quot;controlColor&quot;:&quot;#fff&quot;,&quot;bgColor&quot;:&quot;#161616&quot;,&quot;textColor&quot;:&quot;#fff&quot;}}}\"\n    class=\"wp-block-h5ap-tailwind wp-block-h5ap-audioplayer\">\n    <\/div><\/p><\/div><\/div>\t\t\t\t<\/div>\n\t\t\t\t<\/div>\n\t\t\t\t\t<\/div>\n\t\t<\/div>\n\t\t\t\t<div class=\"elementor-column elementor-col-50 elementor-inner-column elementor-element elementor-element-1ceb57a9\" data-id=\"1ceb57a9\" data-element_type=\"column\">\n\t\t\t<div class=\"elementor-widget-wrap elementor-element-populated\">\n\t\t\t\t\t\t<div class=\"elementor-element elementor-element-3ff294bc elementor-position-top elementor-widget elementor-widget-image-box\" data-id=\"3ff294bc\" data-element_type=\"widget\" data-widget_type=\"image-box.default\">\n\t\t\t\t<div class=\"elementor-widget-container\">\n\t\t\t\t\t<div class=\"elementor-image-box-wrapper\"><figure class=\"elementor-image-box-img\"><a href=\"https:\/\/www.activepatient.ca\/wp-content\/uploads\/2019\/07\/Comment-e\u0302tre-actif-physiquement-tout-au-long-de-la-journe\u0301e.pdf\" tabindex=\"-1\"><img fetchpriority=\"high\" decoding=\"async\" width=\"507\" height=\"512\" src=\"https:\/\/www.activepatient.ca\/wp-content\/uploads\/2018\/03\/PDF_icon.png\" class=\"attachment-full size-full wp-image-5559\" alt=\"\" srcset=\"https:\/\/www.activepatient.ca\/wp-content\/uploads\/2018\/03\/PDF_icon.png 507w, https:\/\/www.activepatient.ca\/wp-content\/uploads\/2018\/03\/PDF_icon-150x150.png 150w, https:\/\/www.activepatient.ca\/wp-content\/uploads\/2018\/03\/PDF_icon-297x300.png 297w\" sizes=\"(max-width: 507px) 100vw, 507px\" \/><\/a><\/figure><div class=\"elementor-image-box-content\"><p class=\"elementor-image-box-title\"><a href=\"https:\/\/www.activepatient.ca\/wp-content\/uploads\/2019\/07\/Comment-e\u0302tre-actif-physiquement-tout-au-long-de-la-journe\u0301e.pdf\">PDF<\/a><\/p><\/div><\/div>\t\t\t\t<\/div>\n\t\t\t\t<\/div>\n\t\t\t\t\t<\/div>\n\t\t<\/div>\n\t\t\t\t\t<\/div>\n\t\t<\/section>\n\t\t\t\t\t<\/div>\n\t\t<\/div>\n\t\t\t\t\t<\/div>\n\t\t<\/section>\n\t\t\t\t<section class=\"elementor-section elementor-top-section elementor-element elementor-element-3f258c6 elementor-section-boxed elementor-section-height-default elementor-section-height-default\" data-id=\"3f258c6\" data-element_type=\"section\">\n\t\t\t\t\t\t<div class=\"elementor-container elementor-column-gap-default\">\n\t\t\t\t\t<div class=\"elementor-column elementor-col-100 elementor-top-column elementor-element elementor-element-0c7fc20\" data-id=\"0c7fc20\" data-element_type=\"column\">\n\t\t\t<div class=\"elementor-widget-wrap elementor-element-populated\">\n\t\t\t\t\t\t<div class=\"elementor-element elementor-element-c2e9f9e elementor-widget elementor-widget-text-editor\" data-id=\"c2e9f9e\" data-element_type=\"widget\" data-widget_type=\"text-editor.default\">\n\t\t\t\t<div class=\"elementor-widget-container\">\n\t\t\t\t\t\t\t\t\t<h3>Comment \u00eatre actif physiquement tout au long de la journ\u00e9e<\/h3> <p>(version texte de la video)<\/p>\n<p><span style=\"font-weight: 400;\">Cette vid\u00e9o pr\u00e9sentera les recommandations actuelles concernant l&rsquo;activit\u00e9 physique pendant la grossesse. Les activit\u00e9s physiques sont n\u2019importe quelles activit\u00e9s qui font bouger votre corps ou actives vos muscles. Ces activit\u00e9s peuvent \u00eatre accumul\u00e9es tout au long de la journ\u00e9e selon votre routine habituelle. Cela inclut \u00e9galement l&rsquo;exercice. L&rsquo;exercice fait r\u00e9f\u00e9rence \u00e0 une activit\u00e9 physique cibl\u00e9e, g\u00e9n\u00e9ralement pendant au moins 10 minutes ou plus \u00e0 la fois.<\/span><\/p>\n<p><span style=\"font-weight: 400;\">Nous nous concentrerons sur la marche pour augmenter votre nombre de pas quotidiens. Une marche peut \u00eatre consid\u00e9r\u00e9e comme un \u00abexercice\u00bb si elle est planifi\u00e9e et d\u2019une dur\u00e9e d\u2019au moins 10 minutes ou plus. Dans un autre contexte, vous pouvez accumuler des pas tout au long de la journ\u00e9e, par exemple en montant des escaliers ou en allant chercher de la nourriture dans une \u00e9picerie en bas de la rue. Augmenter le nombre de pas quotidiens et ajouter des marches planifi\u00e9es \u00e0 votre journ\u00e9e sont d&rsquo;excellents moyens de faire de l&rsquo;exercice et d&rsquo;avoir une grossesse saine. Vous voudrez peut-\u00eatre utiliser un compteur de pas pour suivre votre nombre de pas effectu\u00e9s. Vous pouvez vous fixer un objectif quotidien de nombre de pas. En g\u00e9n\u00e9ral, 8 000 \u00e0 10 000 pas par jour est consid\u00e9r\u00e9s comme une journ\u00e9e active. Mais rappelez-vous que tout les nombres de pas et tous les types de marche comptent, alors commencez \u00e0 un niveau qui vous convient. Si vous avez toujours \u00e9t\u00e9 assez actif, 8000-10000 pas peuvent \u00eatre un bon objectif. Si vous n\u2019avez pas \u00e9t\u00e9 aussi actif, vous voudrez peut-\u00eatre vous fixer un objectif moins \u00e9lev\u00e9 et augmenter progressivement votre cadence. Vous pouvez progresser graduellement, \u00e0 votre propre rythme.<\/span><\/p>\n<p><span style=\"font-weight: 400;\">Voici quelques conseils et astuces pour vous aider \u00e0 atteindre vos objectifs. Utilisez un moniteur de pas pour voir comment vous vous en sortez. Si vous utilisez un podom\u00e8tre attach\u00e9 \u00e0 votre taille, essayez de l\u2019aligner verticalement avec la couture de votre pantalon. Faites des pauses rapides pendant les longues p\u00e9riodes o\u00f9 vous \u00eates assis; par exemple, au travail, vous pourriez vous rendre \u00e0 la salle de bain la plus loin pour y ajouter des pas suppl\u00e9mentaires; planifiez vos promenades afin que ce soit d\u00e9j\u00e0 pr\u00e9vu dans votre journ\u00e9e; voyez si vous pouvez remplacer un moment o\u00f9 vous ne faites pas normalement de pas par un moment avec plus de mouvement, par exemple en prenant l&rsquo;escalier plut\u00f4t que l&rsquo;ascenseur, et choisissez des activit\u00e9s que vous aimez mais qui vous permettront \u00e9galement de vous lever et de bouger, comme marcher avec vos enfants, marcher au centre commercial, ou marcher avec un ami.<\/span><\/p>\n<p><span style=\"font-weight: 400;\">En plus de la marche et du nombre de pas, vous voudrez peut-\u00eatre envisager des exercices avec un v\u00e9lo stationnaire, des exercices en piscine et des cours d&rsquo;a\u00e9robie de faible intensit\u00e9 pour les femmes enceintes.<\/span><\/p>\n<p><span style=\"font-weight: 400;\">Les activit\u00e9s que vous choisissez doivent se concentrer sur vos grands groupes musculaires. Vous voulez \u00e9viter les activit\u00e9s qui augmentent votre risque de chute.<\/span><\/p>\n<p><span style=\"font-weight: 400;\">Lorsque vous marchez ou pratiquez un autre exercice, vous voulez viser ce que l\u2019on appelle une intensit\u00e9 l\u00e9g\u00e8re \u00e0 mod\u00e9r\u00e9e. Cependant, ce qui est mod\u00e9r\u00e9 pour une personne peut \u00eatre diff\u00e9rent pour quelqu&rsquo;un d&rsquo;autre. Vous pouvez vous assurer que vous faites de l&rsquo;exercice \u00e0 un niveau d&rsquo;intensit\u00e9 appropri\u00e9 de trois mani\u00e8res. Premi\u00e8rement, vous pouvez penser \u00e0 ce que vous ressentez et \u00e0 votre niveau de fatigue. Vous voulez \u00eatre capable de vous exercer \u00e0 une cadence que vous qualifieriez de \u00abun peu difficile\u00bb ou, en d&rsquo;autres termes, sur une \u00e9chelle de 1 \u00e0 20, vous travailleriez au niveau 12 \u00e0 14 environ. Vous pouvez \u00e9galement utiliser le test de conversation. Pendant que vous marchez, vous devriez \u00eatre capable de maintenir une conversation sans vous essouffler &#8211; mais vous ne pourrez peut-\u00eatre pas chanter. Si vous avez acc\u00e8s \u00e0 un moniteur de fr\u00e9quence cardiaque, vous pouvez \u00e9galement l&rsquo;utiliser pour mesurer l&rsquo;intensit\u00e9 en vous assurant que vous vous trouvez dans les zones de fr\u00e9quence cardiaque cibles. Les zones de fr\u00e9quence cardiaque cibles sont r\u00e9pertori\u00e9es dans X-AAP pour la grossesse. (<\/span><a href=\"https:\/\/www.csep.ca\/CMFiles\/publications\/parq\/x-aapenceintes.pdf\"><span style=\"font-weight: 400;\">https:\/\/www.csep.ca\/CMFiles\/publications\/parq\/x-aapenceintes.pdf<\/span><\/a><span style=\"font-weight: 400;\">)<\/span><\/p>\n<p><span style=\"font-weight: 400;\">Vous pouvez \u00e9galement suivre un entra\u00eenement en r\u00e9sistance l\u00e9g\u00e8re. Choisissez des poids plus l\u00e9gers, ceux qui vous permettront d\u2019atteindre au moins 12-15 r\u00e9p\u00e9titions sans difficult\u00e9 et sans retenir votre souffle. Ou envisagez d&rsquo;utiliser une bande de r\u00e9sistance si cela est plus confortable.<\/span><\/p>\n<p><span style=\"font-weight: 400;\">Et vous n\u2019\u00eates pas oblig\u00e9 d\u2019\u00eatre dans un gymnase ou d\u2019utiliser de l\u2019\u00e9quipement de salle d\u2019entrainement pour faire de la musculation. Vous pouvez utiliser des objets que vous avez \u00e0 la maison, tels que de grandes cannes de soupe, et les int\u00e9grer \u00e0 votre routine quotidienne, peut-\u00eatre pendant que vous regardez la t\u00e9l\u00e9vision.<\/span><\/p>\n<p><span style=\"font-weight: 400;\">Voici un exemple de programme de marche que vous pourriez envisager. Fr\u00e9quence de l&rsquo;exercice: Ajoutez peut-\u00eatre une marche planifi\u00e9e 3 \u00e0 4 fois par semaine et r\u00e9fl\u00e9chissez \u00e0 la mani\u00e8re d&rsquo;ajouter de l&rsquo;activit\u00e9 physique tout au long de la journ\u00e9e pour augmenter votre nombre de pas quotidiens. Intensit\u00e9 de l&rsquo;exercice: visez une intensit\u00e9 l\u00e9g\u00e8re \u00e0 mod\u00e9r\u00e9e, \u00e9coutez votre corps et bougez \u00e0 un niveau o\u00f9 vous vous sentez \u00e0 l&rsquo;aise. Dur\u00e9e de l&rsquo;exercice: Commencez \u00e0 10-15 minutes et au fur et \u00e0 mesure que vous vous sentez confortable, passez \u00e0 30 minutes pour une marche planifi\u00e9e. Mais rappelez-vous, diff\u00e9rentes activit\u00e9s peuvent \u00eatre ajout\u00e9e tout au long de la journ\u00e9e par de petits mouvements, en vous effor\u00e7ant d&rsquo;atteindre vos objectifs quotidiens de nombre de pas. Type d&rsquo;exercice, la marche est un exercice extraordinaire qui met en mouvement tous vos principaux groupes musculaires! Cela s&rsquo;appelle un objectif FITT, ce qui signifie qu&rsquo;il s&rsquo;agit d&rsquo;un objectif sp\u00e9cifique incluant la fr\u00e9quence, l&rsquo;intensit\u00e9, le temps et le type.\u00a0<\/span><\/p>\n<p>&nbsp;<\/p>\n<p><span style=\"font-weight: 400;\">Lorsque nous fixons des objectifs sp\u00e9cifiques et quotidiens, nous avons plus de chances de les suivre, mais souvenez-vous que vous pouvez modifier vos objectifs \u00e0 tout moment. S&rsquo;il y a un jour que vous manquez, aucun probl\u00e8me! Commencez l\u00e0 o\u00f9 vous vous sentez \u00e0 l&rsquo;aise et apportez les modifications n\u00e9cessaires.<\/span><\/p>\t\t\t\t\t\t\t\t<\/div>\n\t\t\t\t<\/div>\n\t\t\t\t\t<\/div>\n\t\t<\/div>\n\t\t\t\t\t<\/div>\n\t\t<\/section>\n\t\t\t\t<section class=\"elementor-section elementor-top-section elementor-element elementor-element-a72f642 elementor-section-boxed elementor-section-height-default elementor-section-height-default\" data-id=\"a72f642\" data-element_type=\"section\">\n\t\t\t\t\t\t<div class=\"elementor-container elementor-column-gap-default\">\n\t\t\t\t\t<div class=\"elementor-column elementor-col-100 elementor-top-column elementor-element elementor-element-c98965a\" data-id=\"c98965a\" data-element_type=\"column\">\n\t\t\t<div class=\"elementor-widget-wrap elementor-element-populated\">\n\t\t\t\t\t\t<div class=\"elementor-element elementor-element-9bc9d3e elementor-widget elementor-widget-text-editor\" data-id=\"9bc9d3e\" data-element_type=\"widget\" data-widget_type=\"text-editor.default\">\n\t\t\t\t<div class=\"elementor-widget-container\">\n\t\t\t\t\t\t\t\t\t<h2>18 fa\u00e7ons d&rsquo;intensifier votre journ\u00e9e<\/h2>\n<p>Ajouter deux ou trois mille pas \u00e0 votre routine n\u2019est pas si difficile, mais cela demande un peu de pers\u00e9v\u00e9rance et d\u2019imagination. Voici quelques id\u00e9es pour vous aider \u00e0 commencer.<\/p>\n<ol>\n<li>Prenez les escaliers autant que possible.<br \/><br \/><\/li>\n<li>Journ\u00e9e enneig\u00e9e? Glac\u00e9e? Promenez-vous dans le centre commercial.<br \/><br \/><\/li>\n<li>G\u00e2tez le chien avec une promenade plus longue.<br \/><br \/><\/li>\n<li>Lorsque vous parlez au t\u00e9l\u00e9phone, faites le tour de votre maison.<br \/><br \/><\/li>\n<li>Marchez sur place en regardant la t\u00e9l\u00e9vision.<br \/><br \/><\/li>\n<li>Marchez pour chercher le courrier.<br \/><br \/><\/li>\n<li>Faites une promenade avec un ami au lieu de l&rsquo;appeler.<br \/><br \/><\/li>\n<li>Au lieu de transporter tout le linge en haut \u00e0 la fois, faites plusieurs voyages.<br \/><br \/><\/li>\n<li>Faites-en une habitude familiale de faire une promenade de 15 ou 20 minutes avant le souper ou le d\u00e9jeuner.<br \/><br \/><\/li>\n<li>Sortez avec votre conjoint.<br \/><br \/><\/li>\n<li>Faites un tour \u00e0 pied de votre ville. Si vous \u00eates courageuses, inscrivez-vous pour une promenade hant\u00e9e!<br \/><br \/><\/li>\n<li>Lorsque vous faites vos courses, parcourez toutes les all\u00e9es.<br \/><br \/><\/li>\n<li>Choisissez une place de stationnement loin de l&rsquo;entr\u00e9e du magasin &#8211; ou marchez jusqu&rsquo;au magasin!<br \/><br \/><\/li>\n<li>Retournez le chariot d\u2019\u00e9picerie au magasin.<br \/><br \/><\/li>\n<li>Au lieu d&rsquo;envoyer un courriel \u00e0 votre coll\u00e8gue dans le couloir, marchez vers son bureau.<br \/><br \/><\/li>\n<li>Prendre le transport en commun signifie g\u00e9n\u00e9ralement marcher davantage.<br \/><br \/><\/li>\n<li>Avant le d\u00eener, prenez une pause de 15 minutes pour vous promener.<br \/><br \/><\/li>\n<li>Aux jeux de sport de vos enfants? Ne restez pas assise dans les gradins, faites le tour du terrain!<\/li>\n<\/ol>\n<p>\u00c9talez-le pendant la journ\u00e9e, un peu ici et un peu l\u00e0, tout s&rsquo;additionne!<\/p>\t\t\t\t\t\t\t\t<\/div>\n\t\t\t\t<\/div>\n\t\t\t\t\t<\/div>\n\t\t<\/div>\n\t\t\t\t\t<\/div>\n\t\t<\/section>\n\t\t\t\t<\/div>\n\t\t","protected":false},"excerpt":{"rendered":"<p>https:\/\/youtu.be\/YCDm2ijtzfY Cette vid\u00e9o pr\u00e9sentera les recommandations actuelles concernant l&rsquo;activit\u00e9 physique pendant la grossesse. Les activit\u00e9s physiques sont n\u2019importe quelles activit\u00e9s qui font bouger votre corps ou actives vos muscles&#8230; Audio seulement PDF Comment \u00eatre actif physiquement tout au long de la journ\u00e9e (version texte de la video) Cette vid\u00e9o pr\u00e9sentera les recommandations actuelles concernant l&rsquo;activit\u00e9 &#8230; <a title=\"Comment \u00eatre actif physiquement tout au long de la journ\u00e9e\" class=\"read-more\" href=\"https:\/\/www.activepatient.ca\/fr\/comment-etre-actif-pendend\/\">Lire la suite <span class=\"screen-reader-text\">Comment \u00eatre actif physiquement tout au long de la journ\u00e9e<\/span><\/a><\/p>\n","protected":false},"author":1,"featured_media":0,"parent":0,"menu_order":0,"comment_status":"closed","ping_status":"closed","template":"","meta":{"_acf_changed":false,"ngg_post_thumbnail":0,"h5ap_radio_sources":[],"footnotes":""},"class_list":["post-7037","page","type-page","status-publish"],"acf":[],"_links":{"self":[{"href":"https:\/\/www.activepatient.ca\/fr\/wp-json\/wp\/v2\/pages\/7037","targetHints":{"allow":["GET"]}}],"collection":[{"href":"https:\/\/www.activepatient.ca\/fr\/wp-json\/wp\/v2\/pages"}],"about":[{"href":"https:\/\/www.activepatient.ca\/fr\/wp-json\/wp\/v2\/types\/page"}],"author":[{"embeddable":true,"href":"https:\/\/www.activepatient.ca\/fr\/wp-json\/wp\/v2\/users\/1"}],"replies":[{"embeddable":true,"href":"https:\/\/www.activepatient.ca\/fr\/wp-json\/wp\/v2\/comments?post=7037"}],"version-history":[{"count":0,"href":"https:\/\/www.activepatient.ca\/fr\/wp-json\/wp\/v2\/pages\/7037\/revisions"}],"wp:attachment":[{"href":"https:\/\/www.activepatient.ca\/fr\/wp-json\/wp\/v2\/media?parent=7037"}],"curies":[{"name":"wp","href":"https:\/\/api.w.org\/{rel}","templated":true}]}}