{"id":6605,"date":"2019-06-07T16:55:52","date_gmt":"2019-06-07T16:55:52","guid":{"rendered":"https:\/\/www.activepatient.ca\/?page_id=6605"},"modified":"2019-06-07T17:39:39","modified_gmt":"2019-06-07T17:39:39","slug":"manger-a-lexterieur","status":"publish","type":"page","link":"https:\/\/www.activepatient.ca\/fr\/manger-a-lexterieur\/","title":{"rendered":"Manger \u00e0 l\u2019ext\u00e9rieur"},"content":{"rendered":"\t\t<div data-elementor-type=\"wp-post\" data-elementor-id=\"6605\" class=\"elementor elementor-6605 elementor-1052 elementor-bc-flex-widget\">\n\t\t\t\t\t\t<section class=\"elementor-section elementor-top-section elementor-element elementor-element-e2111c5 elementor-section-boxed elementor-section-height-default elementor-section-height-default\" data-id=\"e2111c5\" data-element_type=\"section\">\n\t\t\t\t\t\t<div class=\"elementor-container elementor-column-gap-default\">\n\t\t\t\t\t<div class=\"elementor-column elementor-col-100 elementor-top-column elementor-element elementor-element-a559539\" data-id=\"a559539\" data-element_type=\"column\">\n\t\t\t<div class=\"elementor-widget-wrap elementor-element-populated\">\n\t\t\t\t\t\t<section class=\"elementor-section elementor-inner-section elementor-element elementor-element-b29bbfe elementor-section-boxed elementor-section-height-default elementor-section-height-default\" data-id=\"b29bbfe\" data-element_type=\"section\">\n\t\t\t\t\t\t<div class=\"elementor-container elementor-column-gap-default\">\n\t\t\t\t\t<div class=\"elementor-column elementor-col-50 elementor-inner-column elementor-element elementor-element-09f4460\" data-id=\"09f4460\" data-element_type=\"column\">\n\t\t\t<div class=\"elementor-widget-wrap elementor-element-populated\">\n\t\t\t\t\t\t<div class=\"elementor-element elementor-element-973b06d elementor-widget elementor-widget-text-editor\" data-id=\"973b06d\" data-element_type=\"widget\" data-widget_type=\"text-editor.default\">\n\t\t\t\t<div class=\"elementor-widget-container\">\n\t\t\t\t\t\t\t\t\t<p>Les points importants pour bien g\u00e9rer le diab\u00e8te gestationnel suivent les recommandations de votre \u00e9quipe de soins de sant\u00e9 et les suggestions que nous avons \u00e9mises\u00a0: une assiette balanc\u00e9e, l\u2019usage de sa main pour estimer la taille des portions, combiner les glucides fut\u00e9s et les prot\u00e9ines, consommer trois repas et trois collations sant\u00e9s par jour, et manger en pleine conscience. Cela vous aide \u00e0 savoir ce que vous mangez, particuli\u00e8rement si vous n\u2019achetez pas votre nourriture d\u00e9j\u00e0 faite. Il vaut toujours mieux pr\u00e9parer vos propres repas \u00e0 la maison.<\/p>\n<p>Faire de bons choix peut \u00eatre difficile si vous \u00eates au restaurant, \u00e0 un comptoir pour emporter, ou devant une machine distributrice.<\/p>\n<p>Par contre, nous mangeons tous \u00e0 l\u2019ext\u00e9rieur de temps en temps. Voici quelques astuces pour faire de bons choix.<\/p>\t\t\t\t\t\t\t\t<\/div>\n\t\t\t\t<\/div>\n\t\t\t\t\t<\/div>\n\t\t<\/div>\n\t\t\t\t<div class=\"elementor-column elementor-col-50 elementor-inner-column elementor-element elementor-element-f10f7a8\" data-id=\"f10f7a8\" data-element_type=\"column\">\n\t\t\t<div class=\"elementor-widget-wrap elementor-element-populated\">\n\t\t\t\t\t\t<div class=\"elementor-element elementor-element-142fa8e elementor-widget elementor-widget-image\" data-id=\"142fa8e\" data-element_type=\"widget\" data-widget_type=\"image.default\">\n\t\t\t\t<div class=\"elementor-widget-container\">\n\t\t\t\t\t\t\t\t\t\t\t\t\t\t\t<img decoding=\"async\" src=\"https:\/\/www.activepatient.ca\/wp-content\/plugins\/elementor\/assets\/images\/placeholder.png\" title=\"\" alt=\"\" loading=\"lazy\" \/>\t\t\t\t\t\t\t\t\t\t\t\t\t\t\t<\/div>\n\t\t\t\t<\/div>\n\t\t\t\t\t<\/div>\n\t\t<\/div>\n\t\t\t\t\t<\/div>\n\t\t<\/section>\n\t\t\t\t\t<\/div>\n\t\t<\/div>\n\t\t\t\t\t<\/div>\n\t\t<\/section>\n\t\t\t\t<section class=\"elementor-section elementor-top-section elementor-element elementor-element-8539d60 elementor-section-boxed elementor-section-height-default elementor-section-height-default\" data-id=\"8539d60\" data-element_type=\"section\">\n\t\t\t\t\t\t<div class=\"elementor-container elementor-column-gap-default\">\n\t\t\t\t\t<div class=\"elementor-column elementor-col-100 elementor-top-column elementor-element elementor-element-8c5ac23\" data-id=\"8c5ac23\" data-element_type=\"column\">\n\t\t\t<div class=\"elementor-widget-wrap elementor-element-populated\">\n\t\t\t\t\t\t<div class=\"elementor-element elementor-element-13532c3 elementor-widget elementor-widget-text-editor\" data-id=\"13532c3\" data-element_type=\"widget\" data-widget_type=\"text-editor.default\">\n\t\t\t\t<div class=\"elementor-widget-container\">\n\t\t\t\t\t\t\t\t\t<h3>Trucs pour aider \u00e0 contr\u00f4ler la taille de nos portions\u00a0:<\/h3>\n<p>M\u00eame si la plupart des restaurants servent de grandes portions, essayez de manger la m\u00eame quantit\u00e9 que celle que vous consommez \u00e0 la maison.<\/p>\n<ul>\n<li>Choisissez la plus petite portion disponible et \u00e9vitez les formats g\u00e9ants<\/li>\n<li>Commandez des demi-portions si c\u2019est possible, ou partagez avec un ami<\/li>\n<li>Arr\u00eatez de manger lorsque vous \u00eates rassasi\u00e9s (alimentation consciente)<\/li>\n<li>Vous n\u2019\u00eates pas oblig\u00e9s de finir votre assiette<\/li>\n<li>Rapportez la nourriture en extra \u00e0 la maison. Demandez un contenant pour emporter avant m\u00eame de commencer \u00e0 manger, gardez une portion habituelle dans votre assiette et mettez d\u2019embl\u00e9e l\u2019exc\u00e9dent dans le contenant. Vous pouvez aussi amener votre propre contenant au restaurant.<\/li>\n<li>Si vous utilisez de l\u2019insuline, vous aurez peut-\u00eatre besoin d\u2019ajuster la dose pour la portion que vous mangez afin de garder votre glyc\u00e9mie stable (voir calcul des glucides). Votre fournisseur de soins de sant\u00e9 peut vous expliquer comment le faire.<\/li>\n<\/ul>\n<h3><br \/>Posez des questions\u00a0:<\/h3>\n<p>Ne soyez pas timides\u2009! C\u2019est la seule fa\u00e7on de savoir si ce que vous mangez respecte le plan alimentaire.<\/p>\n<ul>\n<li>Ce repas contient-il des sucres ajout\u00e9s\u2009?<\/li>\n<li>Comment est-ce pr\u00e9par\u00e9\u2009? Frit\u2009? Grill\u00e9\u2009? R\u00f4ti\u2009?<\/li>\n<li>Que contiennent les sauces et gravies\u2009?<\/li>\n<li>Utilisez-vous des farines \u00e0 grains entiers dans vos p\u00e2tes \u00e0 pizza\u2009?<\/li>\n<\/ul>\n<h3>Demandez ce que vous voulez\u00a0:<\/h3>\n<ul>\n<li>Avez-vous des options de repas faibles en sucre et en sel\u2009?<\/li>\n<li>Pouvez-vous faire cuire, r\u00f4tir ou griller mon poulet plut\u00f4t que de le faire paner ou frire\u2009?<\/li>\n<li>Pouvez-vous mettre les sauces ou vinaigrettes \u00e0 salade \u00e0 c\u00f4t\u00e9\u2009?<\/li>\n<li>Servez-vous des options \u00e0 grains entiers\u2009?<\/li>\n<li>Puis-je avoir mon poulet sans la peau\u2009?<\/li>\n<li>Peut-il \u00eatre pr\u00e9par\u00e9 avec moins d\u2019huile, de beurre ou de fromage\u2009?<\/li>\n<li>Puis-je remplacer\u00a0:\n<ul>\n<li>Les frites avec des l\u00e9gumes\u2009?<\/li>\n<li>La vinaigrette \u00e0 salade r\u00e9guli\u00e8re pour du jus de citron, du vinaigre, ou une vinaigrette faible en gras\u2009?<\/li>\n<li>La cr\u00e8me pour du lait\u2009?<\/li>\n<\/ul>\n<\/li>\n<\/ul>\n<h4>Les sucres cach\u00e9s<\/h4>\n<p>Les sucres peuvent \u00eatre cach\u00e9s, par exemple, dans une vinaigrette \u00e0 salade, la sauce BBQ, teriyaki, la sauce chili douce, et les sauces aigres-douces. Des options sans gras peuvent contenir plus de sucre pour am\u00e9liorer le go\u00fbt, donc soyez avertis.<\/p>\n<h2>Options de nourriture\u00a0:<\/h2>\n<h3>Entr\u00e9es\u00a0:<\/h3>\n<ul>\n<li>Partagez vos entr\u00e9es ou n\u2019en prenez tout simplement pas, afin de vous laisser de l\u2019espace pour le repas principal.<\/li>\n<li>Buvez de l\u2019eau pour \u00e9viter de grignoter en attendant le repas principal.<\/li>\n<li>Si vous voulez une entr\u00e9e, les meilleures options sont celles \u00e0 base de l\u00e9gumes, comme les soupes, les l\u00e9gumes crus, ou les salades.<\/li>\n<li>Les options moins sant\u00e9 sont les soupes cr\u00e8me, les ailes de poulet, les rouleaux imp\u00e9riaux, les rondelles d\u2019oignons, les nachos, le pain ou le pain \u00e0 l\u2019ail, et tous les rouleaux qui ont une croute sal\u00e9e ou grasse.<\/li>\n<\/ul>\n<h3>Plat principal\u00a0:<\/h3>\n<ul>\n<li>Suivez les recommandations de l\u2019assiette balanc\u00e9e. Les meilleures options d\u2019aliments prot\u00e9in\u00e9s sont les viandes maigres, la volaille, le poisson, les \u0153ufs, le fromage faible en gras, le tofu, les produits au soya, les l\u00e9gumineuses (exemples\u00a0: lentilles, pois chiches, haricots).<\/li>\n<li>Choisissez des repas simples plut\u00f4t que des repas compos\u00e9s comme des casseroles, des repas avec du \u00ab\u2009gravy\u2009\u00bb, des sauces sp\u00e9ciales, et des condiments, afin de limiter votre consommation de gras cach\u00e9s et de sucre.<\/li>\n<li>\u00c9vitez les viandes hautes en sel et en gras (exemples\u00a0: \u00ab\u2009ribs\u2009\u00bb, ailes de poulet, saucisses, volaille avec la peau, charcuterie).<\/li>\n<li>\u00c9vitez la nourriture frite.<\/li>\n<li>Si vous avez plusieurs options de sauces, optez pour celles \u00e0 base de tomates, demandez-l\u00e0 \u00e0 c\u00f4t\u00e9, et limitez les repas avec des sauces sucr\u00e9es, cr\u00e9meuses ou de la sauce soya.<\/li>\n<li>Si vous \u00eates tr\u00e8s tent\u00e9s par un choix moins sant\u00e9, partagez-le avec quelqu\u2019un ou balancez-le avec un choix plus sant\u00e9 (exemples\u00a0: Poulet frit avec pomme de terre au four \u00e0 la place de frites). Rappelez-vous des glucides fut\u00e9s.<\/li>\n<\/ul>\n<h3>Breuvages\u00a0:<\/h3>\n<ul>\n<li>L\u2019eau est le meilleur breuvage. Vous pouvez aussi essayer le th\u00e9 glac\u00e9 non sucr\u00e9 ou le caf\u00e9, l\u2019eau p\u00e9tillante ou l\u2019eau min\u00e9rale.<\/li>\n<li>Les boissons gazeuses sucr\u00e9es, les \u00ab\u2009shakes\u2009\u00bb, les jus de fruits (m\u00eame si 100\u00a0% naturels) ont un grand indice glyc\u00e9mique et peuvent donc faire augmenter votre glyc\u00e9mie rapidement.<\/li>\n<li>L\u2019alcool doit \u00eatre \u00e9vit\u00e9 durant la grossesse (voir aliments \u00e0 \u00e9viter).<\/li>\n<\/ul>\n<h3>Desserts\u00a0:<\/h3>\n<p>\u00c9coutez votre corps et utilisez les notions de pleine conscience pour d\u00e9cider si vous voulez un dessert.<\/p>\n<ul>\n<li>Les desserts ne sont jamais obligatoires \u2014 vous pouvez toujours vous en passer ou les partager.<\/li>\n<li>Les fruits sont de bonnes options de dessert, tout comme le yogourt.<\/li>\n<li>Si vous choisissez de moins bonnes options de desserts de temps en temps, vous pouvez r\u00e9duire la quantit\u00e9 de pain, riz, ou autre glucide (choisissez des glucides fut\u00e9s) dans votre plat principal afin de compenser les glucides consomm\u00e9s au dessert.<\/li>\n<\/ul>\n<h2>Astuces pour diff\u00e9rents types de restaurants<\/h2>\n<p>Tous les types de restaurants ne sont pas discut\u00e9s plus bas, mais quelques astuces sont fournies.<\/p>\n<h4>Restauration rapide<\/h4>\n<ul>\n<li>\u00c9vitez les aliments pan\u00e9s ou frits, comme le poulet frit, les b\u00e2tonnets de poisson et les viandes pan\u00e9es, ou bien retirez la couche de panure. Choisissez des options grill\u00e9es\u2009!<\/li>\n<li>Choisissez un petit hamburger ou cheeseburger ou retirez un des pains.<\/li>\n<li>\u00c9changez les frites pour de la salade ou des l\u00e9gumes verts.<\/li>\n<li>Des muffins anglais bl\u00e9 entier ou du pain au bl\u00e9 entier sont de meilleurs choix que des croissants pour d\u00e9jeuner.<br \/><br \/><\/li>\n<\/ul>\n<h4>Restaurants mexicains<\/h4>\n<ul>\n<li>Carne asada \u2014 les viandes ou le b\u0153uf grill\u00e9 sont de bons choix mexicains. Demandez qu\u2019il soit bien cuit.<\/li>\n<li>Vos aliments riches en glucides pour ce repas seront 1 ou 2 tortillas. Les tortillas de farine et de ma\u00efs contiennent la m\u00eame quantit\u00e9 de glucides. Choisissez celui que vous pr\u00e9f\u00e9rez.<br \/><br \/><\/li>\n<\/ul>\n<h4>Restaurants chinois<\/h4>\n<ul>\n<li>Les glucides sont pr\u00e9sents dans plusieurs mets autres que le riz.\n<ul>\n<li>Les nouilles, les cr\u00eapes chinoises, les rouleaux imp\u00e9riaux, les won ton frites, et tous les aliments pan\u00e9s et frits sont hauts en glucides.<\/li>\n<li>Il y a du sucre pr\u00e9sent dans la sauce aux hu\u00eetres, la sauce au canard, la sauce aux prunes et les sauces aigres-douces.<\/li>\n<li>Nous retrouvons de la f\u00e9cule de ma\u00efs dans les viandes, les l\u00e9gumes et les soupes.<\/li>\n<\/ul>\n<\/li>\n<li>Le poisson fum\u00e9 avec des saut\u00e9s de l\u00e9gumes sont d\u00e9licieux et appropri\u00e9s pour les diab\u00e9tiques.<\/li>\n<li>Si vous calculez les glucides, une \u00ab\u2009fortune cookie\u2009\u00bb compte comme \u00bd portion de glucide (7\u00a0g, voir calcul des glucides).<br \/><br \/><\/li>\n<\/ul>\n<h4>Restaurants japonais<\/h4>\n<ul>\n<li>Les sauces teriyaki, la tempura, et les mets de riz sucr\u00e9 peuvent augmenter votre glyc\u00e9mie.<\/li>\n<li>Le poisson cru n\u2019est pas recommand\u00e9 durant la grossesse (voir salubrit\u00e9 alimentaire).<\/li>\n<li>Les sushis contiennent aussi probablement trop de riz et de sucre. En fait, mis \u00e0 part l\u2019amidon pr\u00e9sent dans le riz, les sushis contiennent aussi du sucre.<\/li>\n<\/ul>\t\t\t\t\t\t\t\t<\/div>\n\t\t\t\t<\/div>\n\t\t\t\t\t<\/div>\n\t\t<\/div>\n\t\t\t\t\t<\/div>\n\t\t<\/section>\n\t\t\t\t<\/div>\n\t\t","protected":false},"excerpt":{"rendered":"<p>Les points importants pour bien g\u00e9rer le diab\u00e8te gestationnel suivent les recommandations de votre \u00e9quipe de soins de sant\u00e9 et les suggestions que nous avons \u00e9mises\u00a0: une assiette balanc\u00e9e, l\u2019usage de sa main pour estimer la taille des portions, combiner les glucides fut\u00e9s et les prot\u00e9ines, consommer trois repas et trois collations sant\u00e9s par jour, &#8230; <a title=\"Manger \u00e0 l\u2019ext\u00e9rieur\" class=\"read-more\" href=\"https:\/\/www.activepatient.ca\/fr\/manger-a-lexterieur\/\">Lire la suite <span class=\"screen-reader-text\">Manger \u00e0 l\u2019ext\u00e9rieur<\/span><\/a><\/p>\n","protected":false},"author":1,"featured_media":0,"parent":0,"menu_order":0,"comment_status":"closed","ping_status":"closed","template":"","meta":{"_acf_changed":false,"ngg_post_thumbnail":0,"h5ap_radio_sources":[],"footnotes":""},"class_list":["post-6605","page","type-page","status-publish"],"acf":[],"_links":{"self":[{"href":"https:\/\/www.activepatient.ca\/fr\/wp-json\/wp\/v2\/pages\/6605","targetHints":{"allow":["GET"]}}],"collection":[{"href":"https:\/\/www.activepatient.ca\/fr\/wp-json\/wp\/v2\/pages"}],"about":[{"href":"https:\/\/www.activepatient.ca\/fr\/wp-json\/wp\/v2\/types\/page"}],"author":[{"embeddable":true,"href":"https:\/\/www.activepatient.ca\/fr\/wp-json\/wp\/v2\/users\/1"}],"replies":[{"embeddable":true,"href":"https:\/\/www.activepatient.ca\/fr\/wp-json\/wp\/v2\/comments?post=6605"}],"version-history":[{"count":0,"href":"https:\/\/www.activepatient.ca\/fr\/wp-json\/wp\/v2\/pages\/6605\/revisions"}],"wp:attachment":[{"href":"https:\/\/www.activepatient.ca\/fr\/wp-json\/wp\/v2\/media?parent=6605"}],"curies":[{"name":"wp","href":"https:\/\/api.w.org\/{rel}","templated":true}]}}