{"id":6534,"date":"2019-06-06T17:51:07","date_gmt":"2019-06-06T17:51:07","guid":{"rendered":"https:\/\/www.activepatient.ca\/?page_id=6534"},"modified":"2019-06-07T15:31:20","modified_gmt":"2019-06-07T15:31:20","slug":"lepicerie-futee","status":"publish","type":"page","link":"https:\/\/www.activepatient.ca\/fr\/lepicerie-futee\/","title":{"rendered":"L\u2019\u00e9picerie fut\u00e9e"},"content":{"rendered":"\t\t<div data-elementor-type=\"wp-post\" data-elementor-id=\"6534\" class=\"elementor elementor-6534 elementor-1050 elementor-bc-flex-widget\">\n\t\t\t\t\t\t<section class=\"elementor-section elementor-top-section elementor-element elementor-element-0f772b2 elementor-section-boxed elementor-section-height-default elementor-section-height-default\" data-id=\"0f772b2\" data-element_type=\"section\">\n\t\t\t\t\t\t<div class=\"elementor-container elementor-column-gap-default\">\n\t\t\t\t\t<div class=\"elementor-column elementor-col-100 elementor-top-column elementor-element elementor-element-9de8e72\" data-id=\"9de8e72\" data-element_type=\"column\">\n\t\t\t<div class=\"elementor-widget-wrap elementor-element-populated\">\n\t\t\t\t\t\t<section class=\"elementor-section elementor-inner-section elementor-element elementor-element-b0be544 elementor-section-boxed elementor-section-height-default elementor-section-height-default\" data-id=\"b0be544\" data-element_type=\"section\">\n\t\t\t\t\t\t<div class=\"elementor-container elementor-column-gap-default\">\n\t\t\t\t\t<div class=\"elementor-column elementor-col-50 elementor-inner-column elementor-element elementor-element-4cbcf8b\" data-id=\"4cbcf8b\" data-element_type=\"column\">\n\t\t\t<div class=\"elementor-widget-wrap elementor-element-populated\">\n\t\t\t\t\t\t<div class=\"elementor-element elementor-element-a62d222 elementor-widget elementor-widget-text-editor\" data-id=\"a62d222\" data-element_type=\"widget\" data-widget_type=\"text-editor.default\">\n\t\t\t\t<div class=\"elementor-widget-container\">\n\t\t\t\t\t\t\t\t\t<h3>S\u00e9lection des aliments<\/h3>\n<p>Faire l\u2019\u00e9picerie peut \u00eatre tr\u00e8s difficile\u00a0: vous ne savez pas o\u00f9 commencer et vous vous perdez peut-\u00eatre \u00e0 travers toutes les rang\u00e9es, les produits, et les \u00e9tiquettes nutritionnelles. Parfois, cela peut \u00eatre ennuyant et \u00e9puisant, surtout apr\u00e8s une longue journ\u00e9e de travail, donc vous vous d\u00e9p\u00eachez et achetez n\u2019importe quoi pour finir le plus vite possible. D\u2019autres fois, il est tentant d\u2019essayer et d\u2019acheter de nouvelles choses, car plusieurs nouveaux d\u00e9licieux aliments sont pr\u00e9sents, particuli\u00e8rement lorsque vous avez faim. Donc, un peu de conscience peut vous ramener sur le droit chemin lors de l\u2019achat de votre nourriture.<\/p>\t\t\t\t\t\t\t\t<\/div>\n\t\t\t\t<\/div>\n\t\t\t\t\t<\/div>\n\t\t<\/div>\n\t\t\t\t<div class=\"elementor-column elementor-col-50 elementor-inner-column elementor-element elementor-element-edbce40\" data-id=\"edbce40\" data-element_type=\"column\">\n\t\t\t<div class=\"elementor-widget-wrap elementor-element-populated\">\n\t\t\t\t\t\t<div class=\"elementor-element elementor-element-d541808 elementor-widget elementor-widget-image\" data-id=\"d541808\" data-element_type=\"widget\" data-widget_type=\"image.default\">\n\t\t\t\t<div class=\"elementor-widget-container\">\n\t\t\t\t\t\t\t\t\t\t\t\t\t\t\t<img fetchpriority=\"high\" decoding=\"async\" width=\"6050\" height=\"4038\" src=\"https:\/\/www.activepatient.ca\/wp-content\/uploads\/2018\/10\/ShoppingPreg.jpeg\" class=\"attachment-large size-large wp-image-2095\" alt=\"\" srcset=\"https:\/\/www.activepatient.ca\/wp-content\/uploads\/2018\/10\/ShoppingPreg.jpeg 6050w, https:\/\/www.activepatient.ca\/wp-content\/uploads\/2018\/10\/ShoppingPreg-768x513.jpeg 768w, https:\/\/www.activepatient.ca\/wp-content\/uploads\/2018\/10\/ShoppingPreg-150x100.jpeg 150w, https:\/\/www.activepatient.ca\/wp-content\/uploads\/2018\/10\/ShoppingPreg-600x400.jpeg 600w\" sizes=\"(max-width: 6050px) 100vw, 6050px\" \/>\t\t\t\t\t\t\t\t\t\t\t\t\t\t\t<\/div>\n\t\t\t\t<\/div>\n\t\t\t\t\t<\/div>\n\t\t<\/div>\n\t\t\t\t\t<\/div>\n\t\t<\/section>\n\t\t\t\t<div class=\"elementor-element elementor-element-cee4d26 elementor-widget elementor-widget-text-editor\" data-id=\"cee4d26\" data-element_type=\"widget\" data-widget_type=\"text-editor.default\">\n\t\t\t\t<div class=\"elementor-widget-container\">\n\t\t\t\t\t\t\t\t\t<h4>Trucs pour les courses<\/h4>\n<p>Pour cuisiner sant\u00e9, vous devez avoir de bons ingr\u00e9dients dans votre cuisine. Une bonne nutrition pour vous et votre b\u00e9b\u00e9 commence \u00e0 l\u2019\u00e9picerie. Quand vous faites l\u2019\u00e9picerie en pleine conscience, vous \u00e9vitez les achats impr\u00e9vus et \u00e9vitez d\u2019en acheter trop. Voici quelques suggestions pour vous aider.<br \/>\n<br \/>\n<\/p>\n<h4>Avant de partir<\/h4>\n<ol>\n\t<li>Regardez dans votre frigidaire, cong\u00e9lateur et armoires en premier\u00a0: vous ne voulez pas acheter des choses que vous avez d\u00e9j\u00e0\u2009!<\/li>\n\t<li>Planifiez vos repas et collations de la semaine\u00a0: mettez-les \u00e0 l\u2019horaire et faites une liste de tous les ingr\u00e9dients dont vous aurez besoin. Commencez par planifier des repas avec des produits que vous avez d\u00e9j\u00e0 \u00e0 la maison.<\/li>\n\t<li>Faites une liste de tous les aliments que vous aurez besoin d\u2019acheter\u00a0: Savoir exactement ce dont vous avez besoin \u00e0 l\u2019\u00e9picerie peut \u00e9viter les oublis, mais peut aussi \u00e9viter les distractions et les achats impulsifs qui peuvent augmenter le prix de la facture.<\/li>\n\t<li>Consommez une collation avant d\u2019aller faire votre \u00e9picerie\u00a0: Acheter de la nourriture quand on a faim diminue notre volont\u00e9 d\u2019\u00e9viter d\u2019acheter de la malbouffe, et nous fait surestimer la quantit\u00e9 de nourriture que nous avons besoin.<\/li>\n<\/ol>\n<h4>En faisant l\u2019\u00e9picerie<\/h4>\n<ol>\n\t<li style=\"list-style-type: none;\">\n<ol>\n\t<li>N\u2019allez que dans les all\u00e9es o\u00f9 se trouvent les aliments que vous avez pr\u00e9vu d\u2019acheter\u00a0: ne vous promenez pas dans toutes les sections, car les publicit\u00e9s attrayantes et les tables de d\u00e9gustation peuvent \u00eatre assez convaincantes et vous faire acheter des choses dont vous n\u2019avez pas besoin.<\/li>\n\t<li>Optez pour des aliments frais et faites vos courses au p\u00e9rim\u00e8tre du magasin\u00a0: Les aliments les plus frais et les moins transform\u00e9s sont les fruits, les l\u00e9gumes, les produits laitiers, les viandes et le poisson, qui sont normalement situ\u00e9s dans les all\u00e9es et sur les murs entourant le magasin. Essayez d\u2019\u00e9viter les all\u00e9es et sections du centre, o\u00f9 se cachent la malbouffe et les aliments les plus transform\u00e9s.<\/li>\n\t<li>Choisissez les ingr\u00e9dients les moins transform\u00e9s lorsque les produits frais ne sont pas disponibles\u00a0: si vous n\u2019avez pas le choix d\u2019acheter des aliments plus transform\u00e9s\u00a0:\n\n<ol style=\"list-style-type: lower-alpha;\">\n\t<li>Les fruits et l\u00e9gumes congel\u00e9s ou en conserve et les l\u00e9gumineuses s\u00e9ch\u00e9es sont de bonnes solutions de rechange pour les saisons plus difficiles, particuli\u00e8rement durant l\u2019hiver. Les l\u00e9gumes marin\u00e9s sont souvent plus hauts en sel et en agents de conservation, il est donc sage de limiter ces aliments le plus possible.<\/li>\n\t<li>Le thon emball\u00e9 dans l\u2019eau est un meilleur choix que celui emball\u00e9 dans l\u2019huile. \u00c9vitez le thon blanc et le thon albacore en conserve, puisqu\u2019ils contiennent plus de mercure (voir salubrit\u00e9 alimentaire).<\/li>\n\t<li>Les l\u00e9gumineuses en canne ou s\u00e9ch\u00e9es, ainsi que le tofu, sont des choix \u00e9conomiques, faibles en gras et sont de bons substituts de viandes.<\/li>\n\t<li>Faites attention aux produits animaux transform\u00e9s\u00a0: Ils contiennent beaucoup de sel et d\u2019agents de conservation, par exemple, le salami, le jambon, le \u00ab\u2009corned beef\u2009\u00bb, le bacon, le saumon fum\u00e9, et la francfort. De plus, ils peuvent \u00eatre dangereux si consomm\u00e9s durant la grossesse (voir\u00a0: aliments \u00e0 \u00e9viter).<\/li>\n\t<li>Moins d\u2019ingr\u00e9dients + moins de transformation = meilleure nourriture<br \/>\n<br \/>\n<\/li>\n<\/ol>\n<\/li>\n<\/ol>\n<\/li>\n<\/ol>\n<h3>Portez attention\u2009!<\/h3>\n<ol>\n\t<li>Si vous achetez des items en vrac\u00a0: pensez \u00e0 les emballer dans de plus petits contenants. Vous pourriez aussi les congeler. Les plus grands contenants peuvent vous encourager \u00e0 plus manger ou causer du gaspillage de nourriture.<\/li>\n\t<li>N\u2019achetez pas d\u2019aliments que vous ne pourrez pas r\u00e9sister de manger\u00a0: les \u00e9chantillons gratuits sont offerts pour vous encourager \u00e0 essayer de nouveaux produits qui sont la plupart du temps transform\u00e9s et emball\u00e9s, et donc, pas les meilleurs pour vous, votre b\u00e9b\u00e9, votre famille et vos amis.<\/li>\n\t<li>\u00c9vitez la nourriture de restaurants et de d\u00e9panneurs\u00a0: elle est ch\u00e8re, souvent tr\u00e8s haute en gras, sel et sucre, et vous aurez faim pas longtemps apr\u00e8s les avoir consomm\u00e9es.<\/li>\n\t<li>Si vous pouvez pr\u00e9parer vos repas afin qu\u2019ils soient pr\u00eats \u00e0 cuire quand vous revenez du travail, vous trouverez plus facile de \u00ab\u2009cuisiner \u00e0 la maison\u2009\u00bb, car cela \u00e9pargne beaucoup de temps dans vos semaines occup\u00e9es. Rappelez-vous\u00a0: les march\u00e9s ext\u00e9rieurs peuvent s\u2019av\u00e9rer \u00eatre un tr\u00e8s bon endroit pour acheter des aliments, et peuvent offrir une grande vari\u00e9t\u00e9 de produits frais et non emball\u00e9s.<\/li>\n<\/ol>\n<h2><br \/>\nLire les \u00e9tiquettes nutritionnelles<\/h2>\n<p>Il est pr\u00e9f\u00e9rable d\u2019acheter des aliments qui n\u2019ont pas d\u2019\u00e9tiquette. La plupart des aliments avec \u00e9tiquettes sont transform\u00e9s et moins sains. Les types d\u2019aliments \u00e0 acheter sont les fruits et l\u00e9gumes frais, ainsi que les viandes, poulets, et poissons non transform\u00e9s. Par contre, si ces options ne sont pas disponibles, quelques aliments emball\u00e9s peuvent s\u2019av\u00e9rer \u00eatre de bons substituts, \u00e0 condition que vous choisissiez des options sant\u00e9.<\/p>\n<p>Lire l\u2019\u00e9tiquette nutritionnelle et la liste d\u2019ingr\u00e9dients d\u2019un aliment emball\u00e9 peut vous aider \u00e0\u00a0:<\/p>\n<ul>\n\t<li>Savoir exactement ce que vous mangez<\/li>\n\t<li>Comparer diff\u00e9rents aliments et options<\/li>\n\t<li>Faire des choix plus sains pour vous et votre famille<\/li>\n<\/ul>\n<p>&nbsp;<\/p>\t\t\t\t\t\t\t\t<\/div>\n\t\t\t\t<\/div>\n\t\t\t\t\t<\/div>\n\t\t<\/div>\n\t\t\t\t\t<\/div>\n\t\t<\/section>\n\t\t\t\t<section class=\"elementor-section elementor-top-section elementor-element elementor-element-acc3c19 elementor-section-boxed elementor-section-height-default elementor-section-height-default\" data-id=\"acc3c19\" data-element_type=\"section\">\n\t\t\t\t\t\t<div class=\"elementor-container elementor-column-gap-default\">\n\t\t\t\t\t<div class=\"elementor-column elementor-col-100 elementor-top-column elementor-element elementor-element-d4ba834\" data-id=\"d4ba834\" data-element_type=\"column\">\n\t\t\t<div class=\"elementor-widget-wrap elementor-element-populated\">\n\t\t\t\t\t\t<section class=\"elementor-section elementor-inner-section elementor-element elementor-element-16b624d elementor-section-boxed elementor-section-height-default elementor-section-height-default\" data-id=\"16b624d\" data-element_type=\"section\">\n\t\t\t\t\t\t<div class=\"elementor-container elementor-column-gap-default\">\n\t\t\t\t\t<div class=\"elementor-column elementor-col-50 elementor-inner-column elementor-element elementor-element-cc8ec8e\" data-id=\"cc8ec8e\" data-element_type=\"column\">\n\t\t\t<div class=\"elementor-widget-wrap elementor-element-populated\">\n\t\t\t\t\t\t<div class=\"elementor-element elementor-element-f8ef5c9 elementor-widget elementor-widget-text-editor\" data-id=\"f8ef5c9\" data-element_type=\"widget\" data-widget_type=\"text-editor.default\">\n\t\t\t\t<div class=\"elementor-widget-container\">\n\t\t\t\t\t\t\t\t\t<h4>Le tableau de valeurs nutritives<\/h4>\n<p>Le tableau de valeurs nutritives est facile \u00e0 trouver<\/p>\t\t\t\t\t\t\t\t<\/div>\n\t\t\t\t<\/div>\n\t\t\t\t<div class=\"elementor-element elementor-element-8875f41 elementor-widget elementor-widget-toggle\" data-id=\"8875f41\" data-element_type=\"widget\" data-widget_type=\"toggle.default\">\n\t\t\t\t<div class=\"elementor-widget-container\">\n\t\t\t\t\t\t\t<div class=\"elementor-toggle\">\n\t\t\t\t\t\t\t<div class=\"elementor-toggle-item\">\n\t\t\t\t\t<div id=\"elementor-tab-title-1431\" class=\"elementor-tab-title\" data-tab=\"1\" role=\"button\" aria-controls=\"elementor-tab-content-1431\" aria-expanded=\"false\">\n\t\t\t\t\t\t\t\t\t\t\t\t<span class=\"elementor-toggle-icon elementor-toggle-icon-left\" aria-hidden=\"true\">\n\t\t\t\t\t\t\t\t\t\t\t\t\t\t\t<i class=\"elementor-toggle-icon-closed fa fa-caret-right\"><\/i>\n\t\t\t\t\t\t\t\t<i class=\"elementor-toggle-icon-opened fa fa-caret-up\"><\/i>\n\t\t\t\t\t\t\t\t\t\t\t\t\t<\/span>\n\t\t\t\t\t\t\t\t\t\t\t\t<a class=\"elementor-toggle-title\" tabindex=\"0\">Taille de la portion<\/a>\n\t\t\t\t\t<\/div>\n\n\t\t\t\t\t<div id=\"elementor-tab-content-1431\" class=\"elementor-tab-content elementor-clearfix\" data-tab=\"1\" role=\"region\" aria-labelledby=\"elementor-tab-title-1431\"><ul>\n<li>La taille de la portion inscrite sur l\u2019emballage n\u2019est pas n\u00e9cessairement la quantit\u00e9 que vous devriez consommer. Souvenez-vous des bonnes tailles de portion en utilisant votre main (voir\u00a0: quelle quantit\u00e9\u2009?). Souvenez-vous aussi que la quantit\u00e9 que vous pouvez manger d\u00e9pend de votre poids avant la grossesse, votre gain de poids depuis le d\u00e9but de la grossesse, et les suggestions do votre \u00e9quipe de soins de sant\u00e9.<\/li>\n<li>Quand vous comparez deux produits, assurez-vous de comparer les m\u00eames tailles de portion.<\/li>\n<\/ul><\/div>\n\t\t\t\t<\/div>\n\t\t\t\t\t\t\t\t<\/div>\n\t\t\t\t\t\t<\/div>\n\t\t\t\t<\/div>\n\t\t\t\t<div class=\"elementor-element elementor-element-e55b60a elementor-widget elementor-widget-toggle\" data-id=\"e55b60a\" data-element_type=\"widget\" data-widget_type=\"toggle.default\">\n\t\t\t\t<div class=\"elementor-widget-container\">\n\t\t\t\t\t\t\t<div class=\"elementor-toggle\">\n\t\t\t\t\t\t\t<div class=\"elementor-toggle-item\">\n\t\t\t\t\t<div id=\"elementor-tab-title-2401\" class=\"elementor-tab-title\" data-tab=\"1\" role=\"button\" aria-controls=\"elementor-tab-content-2401\" aria-expanded=\"false\">\n\t\t\t\t\t\t\t\t\t\t\t\t<span class=\"elementor-toggle-icon elementor-toggle-icon-left\" aria-hidden=\"true\">\n\t\t\t\t\t\t\t\t\t\t\t\t\t\t\t<i class=\"elementor-toggle-icon-closed fa fa-caret-right\"><\/i>\n\t\t\t\t\t\t\t\t<i class=\"elementor-toggle-icon-opened fa fa-caret-up\"><\/i>\n\t\t\t\t\t\t\t\t\t\t\t\t\t<\/span>\n\t\t\t\t\t\t\t\t\t\t\t\t<a class=\"elementor-toggle-title\" tabindex=\"0\">Contenu calorique<\/a>\n\t\t\t\t\t<\/div>\n\n\t\t\t\t\t<div id=\"elementor-tab-content-2401\" class=\"elementor-tab-content elementor-clearfix\" data-tab=\"1\" role=\"region\" aria-labelledby=\"elementor-tab-title-2401\"><p>Les calories quantifient d\u2019\u00e9nergie dans la nourriture.<\/p>\n<ol style=\"list-style-type: lower-alpha;\">\n<li>Consommer plus de calories que ce dont votre corps a besoin peut, avec le temps, causer un gain de poids excessif.<\/li>\n<li>Consommer moins de calories que ce dont votre corps a besoin peut, avec le temps, causer une perte de poids.<\/li>\n<\/ol><\/div>\n\t\t\t\t<\/div>\n\t\t\t\t\t\t\t\t<\/div>\n\t\t\t\t\t\t<\/div>\n\t\t\t\t<\/div>\n\t\t\t\t<div class=\"elementor-element elementor-element-742fb84 elementor-widget elementor-widget-toggle\" data-id=\"742fb84\" data-element_type=\"widget\" data-widget_type=\"toggle.default\">\n\t\t\t\t<div class=\"elementor-widget-container\">\n\t\t\t\t\t\t\t<div class=\"elementor-toggle\">\n\t\t\t\t\t\t\t<div class=\"elementor-toggle-item\">\n\t\t\t\t\t<div id=\"elementor-tab-title-1211\" class=\"elementor-tab-title\" data-tab=\"1\" role=\"button\" aria-controls=\"elementor-tab-content-1211\" aria-expanded=\"false\">\n\t\t\t\t\t\t\t\t\t\t\t\t<span class=\"elementor-toggle-icon elementor-toggle-icon-left\" aria-hidden=\"true\">\n\t\t\t\t\t\t\t\t\t\t\t\t\t\t\t<i class=\"elementor-toggle-icon-closed fa fa-caret-right\"><\/i>\n\t\t\t\t\t\t\t\t<i class=\"elementor-toggle-icon-opened fa fa-caret-up\"><\/i>\n\t\t\t\t\t\t\t\t\t\t\t\t\t<\/span>\n\t\t\t\t\t\t\t\t\t\t\t\t<a class=\"elementor-toggle-title\" tabindex=\"0\">Les 13 nutriments principaux<\/a>\n\t\t\t\t\t<\/div>\n\n\t\t\t\t\t<div id=\"elementor-tab-content-1211\" class=\"elementor-tab-content elementor-clearfix\" data-tab=\"1\" role=\"region\" aria-labelledby=\"elementor-tab-title-1211\"><ul>\n<li>Choisissez des aliments riches en prot\u00e9ines, fibres, vitamine C, calcium et fer.<\/li>\n<li>\u00c9vitez les aliments riches en sucre, gras (satur\u00e9s et trans), cholest\u00e9rol et sodium.<\/li>\n<li>Les 13 nutriments principaux sont pr\u00e9sents sur les tableaux de valeurs nutritives par poids et par pourcentage (%) de la quantit\u00e9 \u00e0 consommer quotidiennement. Ces pourcentages sont pour les femmes qui ne sont pas enceintes.<\/li>\n<li>En tant que femme avec DG, vous devez porter une attention particuli\u00e8re \u00e0 la quantit\u00e9 de glucides dans la nourriture. Cela peut aider si vous utilisez des m\u00e9thodes pour le calcul des glucides. Cela vous donne aussi une id\u00e9e g\u00e9n\u00e9rale du contenu en glucide et si, oui ou non, ils sont consid\u00e9r\u00e9s comme \u00ab\u2009fut\u00e9s\u2009\u00bb. (voir les glucides fut\u00e9s)<\/li>\n<\/ul><\/div>\n\t\t\t\t<\/div>\n\t\t\t\t\t\t\t\t<\/div>\n\t\t\t\t\t\t<\/div>\n\t\t\t\t<\/div>\n\t\t\t\t\t<\/div>\n\t\t<\/div>\n\t\t\t\t<div class=\"elementor-column elementor-col-50 elementor-inner-column elementor-element elementor-element-7969754\" data-id=\"7969754\" data-element_type=\"column\">\n\t\t\t<div class=\"elementor-widget-wrap elementor-element-populated\">\n\t\t\t\t\t\t<div class=\"elementor-element elementor-element-288fdb3 elementor-widget elementor-widget-image\" data-id=\"288fdb3\" data-element_type=\"widget\" data-widget_type=\"image.default\">\n\t\t\t\t<div class=\"elementor-widget-container\">\n\t\t\t\t\t\t\t\t\t\t\t\t\t\t\t<img decoding=\"async\" width=\"258\" height=\"546\" src=\"https:\/\/www.activepatient.ca\/wp-content\/uploads\/2019\/06\/Label-Capture-FR2.png\" class=\"attachment-large size-large wp-image-6557\" alt=\"\" srcset=\"https:\/\/www.activepatient.ca\/wp-content\/uploads\/2019\/06\/Label-Capture-FR2.png 258w, https:\/\/www.activepatient.ca\/wp-content\/uploads\/2019\/06\/Label-Capture-FR2-150x317.png 150w\" sizes=\"(max-width: 258px) 100vw, 258px\" \/>\t\t\t\t\t\t\t\t\t\t\t\t\t\t\t<\/div>\n\t\t\t\t<\/div>\n\t\t\t\t\t<\/div>\n\t\t<\/div>\n\t\t\t\t\t<\/div>\n\t\t<\/section>\n\t\t\t\t<section class=\"elementor-section elementor-inner-section elementor-element elementor-element-3445629 elementor-section-boxed elementor-section-height-default elementor-section-height-default\" data-id=\"3445629\" data-element_type=\"section\">\n\t\t\t\t\t\t<div class=\"elementor-container elementor-column-gap-default\">\n\t\t\t\t\t<div class=\"elementor-column elementor-col-50 elementor-inner-column elementor-element elementor-element-ce89f33\" data-id=\"ce89f33\" data-element_type=\"column\">\n\t\t\t<div class=\"elementor-widget-wrap elementor-element-populated\">\n\t\t\t\t\t\t<div class=\"elementor-element elementor-element-7c90350 elementor-widget elementor-widget-text-editor\" data-id=\"7c90350\" data-element_type=\"widget\" data-widget_type=\"text-editor.default\">\n\t\t\t\t<div class=\"elementor-widget-container\">\n\t\t\t\t\t\t\t\t\t<h3>Valeur quotidienne en pourcentage\u2009?<\/h3>\n<p>La valeur quotidienne en pourcentage (% VQ) des nutriments est \u00e9crite sur le c\u00f4t\u00e9 droit du tableau de valeurs nutritives. Elles sont utiles pour savoir si la portion d\u2019un aliment\u00a0:<\/p>\n<ol style=\"list-style-type: lower-alpha;\">\n<li>Contient peu d\u2019un certain nutriment<\/li>\n<li>Contient beaucoup d\u2019un certain nutriment<\/li>\n<\/ol>\n<p>Pour faire de bons choix, comparez le % VQ pour des portions \u00e9gales de diff\u00e9rents aliments et visez\u00a0:<\/p>\n<ul>\n<li>Plus de fibres et de prot\u00e9ines<\/li>\n<li>Moins de sucre, de gras satur\u00e9, de gras trans et de sodium<\/li>\n<\/ul>\n<p>\u00a0<\/p>\t\t\t\t\t\t\t\t<\/div>\n\t\t\t\t<\/div>\n\t\t\t\t\t<\/div>\n\t\t<\/div>\n\t\t\t\t<div class=\"elementor-column elementor-col-50 elementor-inner-column elementor-element elementor-element-37a1a19\" data-id=\"37a1a19\" data-element_type=\"column\">\n\t\t\t<div class=\"elementor-widget-wrap elementor-element-populated\">\n\t\t\t\t\t\t<div class=\"elementor-element elementor-element-980905d elementor-widget elementor-widget-image\" data-id=\"980905d\" data-element_type=\"widget\" data-widget_type=\"image.default\">\n\t\t\t\t<div class=\"elementor-widget-container\">\n\t\t\t\t\t\t\t\t\t\t\t\t<figure class=\"wp-caption\">\n\t\t\t\t\t\t\t\t\t\t<img decoding=\"async\" width=\"239\" height=\"126\" src=\"https:\/\/www.activepatient.ca\/wp-content\/uploads\/2019\/06\/DailyValueCapture-FR2-1.jpg\" class=\"attachment-large size-large wp-image-6567\" alt=\"\" srcset=\"https:\/\/www.activepatient.ca\/wp-content\/uploads\/2019\/06\/DailyValueCapture-FR2-1.jpg 239w, https:\/\/www.activepatient.ca\/wp-content\/uploads\/2019\/06\/DailyValueCapture-FR2-1-150x79.jpg 150w\" sizes=\"(max-width: 239px) 100vw, 239px\" \/>\t\t\t\t\t\t\t\t\t\t\t<figcaption class=\"widget-image-caption wp-caption-text\"><\/figcaption>\n\t\t\t\t\t\t\t\t\t\t<\/figure>\n\t\t\t\t\t\t\t\t\t<\/div>\n\t\t\t\t<\/div>\n\t\t\t\t\t<\/div>\n\t\t<\/div>\n\t\t\t\t\t<\/div>\n\t\t<\/section>\n\t\t\t\t<div class=\"elementor-element elementor-element-8fd39a5 elementor-widget elementor-widget-text-editor\" data-id=\"8fd39a5\" data-element_type=\"widget\" data-widget_type=\"text-editor.default\">\n\t\t\t\t<div class=\"elementor-widget-container\">\n\t\t\t\t\t\t\t\t\t<h3>La liste d\u2019ingr\u00e9dients<\/h3>\n<p>La liste d\u2019ingr\u00e9dients est une liste d\u00e9taill\u00e9e de tous les ingr\u00e9dients pr\u00e9sents dans l\u2019aliment emball\u00e9 en ordre croissant par poids.<\/p>\n<ul>\n<li>L\u2019ingr\u00e9dient pr\u00e9sent dans la plus grande quantit\u00e9 est \u00e9crit en premier.<\/li>\n<li>L\u2019ingr\u00e9dient pr\u00e9sent dans la plus petite quantit\u00e9 (par poids) est \u00e9crit \u00e0 la fin.<\/li>\n<li>Regardez les sucres ajout\u00e9s dans la liste d\u2019ingr\u00e9dients.<\/li>\n<li>Assurez-vous que, si pr\u00e9sents, ils ne se trouvent pas dans les 2-3 premiers ingr\u00e9dients de la liste.<\/li>\n<li>S\u2019il se trouve dans les premiers ingr\u00e9dients, cela signifie que le produit contient beaucoup de sucre.<\/li>\n<\/ul>\t\t\t\t\t\t\t\t<\/div>\n\t\t\t\t<\/div>\n\t\t\t\t<div class=\"elementor-element elementor-element-9354932 elementor-widget elementor-widget-text-editor\" data-id=\"9354932\" data-element_type=\"widget\" data-widget_type=\"text-editor.default\">\n\t\t\t\t<div class=\"elementor-widget-container\">\n\t\t\t\t\t\t\t\t\t<h3>10 fa\u00e7ons de trouver les sucres cach\u00e9s<\/h3>\n<p>Le sucre peut \u00eatre nomm\u00e9 d\u2019autres fa\u00e7ons, comme\u00a0:<\/p>\n<ol>\n<li>Sirop de ma\u00efs, sirop de riz, sirop d\u2019orge<\/li>\n<li>Sirop de ma\u00efs riche en fructose<\/li>\n<li>Concentr\u00e9 de jus de fruits<\/li>\n<li>Sirop de malt, maltose, maltodextrine<\/li>\n<li>Dextrose, sucrose, saccharose, fructose, lactose<\/li>\n<li>Sorgho, sirop de sorgho<\/li>\n<li>Sucre inverti, sucre turbinado<\/li>\n<li>M\u00e9lasse (Blackstrap)<\/li>\n<li>Miel<\/li>\n<li>Sirop d\u2019\u00e9rable (ou n\u2019importe quel autre sirop)<\/li>\n<\/ol>\n<p>Attention\u00a0: Le mot \u00ab\u2009sirop\u2009\u00bb et \u00ab\u2009\u00e9dulcorant\u2009\u00bb, ou n\u2019importe quel autre mot finissant par \u00ab\u2009ose\u2009\u00bb peut \u00eatre consid\u00e9r\u00e9 comme du sucre.<\/p>\t\t\t\t\t\t\t\t<\/div>\n\t\t\t\t<\/div>\n\t\t\t\t\t<\/div>\n\t\t<\/div>\n\t\t\t\t\t<\/div>\n\t\t<\/section>\n\t\t\t\t<\/div>\n\t\t","protected":false},"excerpt":{"rendered":"<p>S\u00e9lection des aliments Faire l\u2019\u00e9picerie peut \u00eatre tr\u00e8s difficile\u00a0: vous ne savez pas o\u00f9 commencer et vous vous perdez peut-\u00eatre \u00e0 travers toutes les rang\u00e9es, les produits, et les \u00e9tiquettes nutritionnelles. Parfois, cela peut \u00eatre ennuyant et \u00e9puisant, surtout apr\u00e8s une longue journ\u00e9e de travail, donc vous vous d\u00e9p\u00eachez et achetez n\u2019importe quoi pour finir &#8230; <a title=\"L\u2019\u00e9picerie fut\u00e9e\" class=\"read-more\" href=\"https:\/\/www.activepatient.ca\/fr\/lepicerie-futee\/\">Lire la suite <span class=\"screen-reader-text\">L\u2019\u00e9picerie fut\u00e9e<\/span><\/a><\/p>\n","protected":false},"author":1,"featured_media":0,"parent":0,"menu_order":0,"comment_status":"closed","ping_status":"closed","template":"","meta":{"_acf_changed":false,"ngg_post_thumbnail":0,"h5ap_radio_sources":[],"footnotes":""},"class_list":["post-6534","page","type-page","status-publish"],"acf":[],"_links":{"self":[{"href":"https:\/\/www.activepatient.ca\/fr\/wp-json\/wp\/v2\/pages\/6534","targetHints":{"allow":["GET"]}}],"collection":[{"href":"https:\/\/www.activepatient.ca\/fr\/wp-json\/wp\/v2\/pages"}],"about":[{"href":"https:\/\/www.activepatient.ca\/fr\/wp-json\/wp\/v2\/types\/page"}],"author":[{"embeddable":true,"href":"https:\/\/www.activepatient.ca\/fr\/wp-json\/wp\/v2\/users\/1"}],"replies":[{"embeddable":true,"href":"https:\/\/www.activepatient.ca\/fr\/wp-json\/wp\/v2\/comments?post=6534"}],"version-history":[{"count":0,"href":"https:\/\/www.activepatient.ca\/fr\/wp-json\/wp\/v2\/pages\/6534\/revisions"}],"wp:attachment":[{"href":"https:\/\/www.activepatient.ca\/fr\/wp-json\/wp\/v2\/media?parent=6534"}],"curies":[{"name":"wp","href":"https:\/\/api.w.org\/{rel}","templated":true}]}}