{"id":6435,"date":"2019-06-05T23:17:07","date_gmt":"2019-06-05T23:17:07","guid":{"rendered":"https:\/\/www.activepatient.ca\/?page_id=6435"},"modified":"2019-08-28T12:12:41","modified_gmt":"2019-08-28T12:12:41","slug":"votre-reaction-au-stress","status":"publish","type":"page","link":"https:\/\/www.activepatient.ca\/fr\/votre-reaction-au-stress\/","title":{"rendered":"VOTRE r\u00e9action au stress"},"content":{"rendered":"\t\t<div data-elementor-type=\"wp-post\" data-elementor-id=\"6435\" class=\"elementor elementor-6435 elementor-4758\">\n\t\t\t\t\t\t<section class=\"elementor-section elementor-top-section elementor-element elementor-element-1b25851 elementor-section-boxed elementor-section-height-default elementor-section-height-default\" data-id=\"1b25851\" data-element_type=\"section\">\n\t\t\t\t\t\t<div class=\"elementor-container elementor-column-gap-default\">\n\t\t\t\t\t<div class=\"elementor-column elementor-col-50 elementor-top-column elementor-element elementor-element-abe8296\" data-id=\"abe8296\" data-element_type=\"column\">\n\t\t\t<div class=\"elementor-widget-wrap elementor-element-populated\">\n\t\t\t\t\t\t<div class=\"elementor-element elementor-element-dfa11cd elementor-widget elementor-widget-text-editor\" data-id=\"dfa11cd\" data-element_type=\"widget\" data-widget_type=\"text-editor.default\">\n\t\t\t\t<div class=\"elementor-widget-container\">\n\t\t\t\t\t\t\t\t\t<p>Certains des signes de stress se trouvent dans le tableau ci-dessous. Jetez un coup d&rsquo;\u0153il pour voir si vous en avez. Prendre conscience de vos signes de stress peut vous aider \u00e0 mieux g\u00e9rer votre stress.<\/p>\n<h4>Physiques (Comment votre corps se sent-il?)<\/h4>\n<ul>\n\t<li>Manque d\u2019\u00e9nergie, sentiment de fatigue<\/li>\n\t<li>Diarrh\u00e9e ou constipation<\/li>\n\t<li>Indigestion, brulures d\u2019estomac<\/li>\n\t<li>Manque de souffle<\/li>\n\t<li>Naus\u00e9e, vertige<\/li>\n\t<li>Perte de d\u00e9sir sexuel<\/li>\n\t<li>Douleurs musculaires et autres<\/li>\n\t<li>Tension musculaire, grincement de dents<\/li>\n\t<li>Pouls rapide<\/li>\n\t<li>Rhumes fr\u00e9quents<\/li>\n<\/ul>\n<h4><br \/>\nComportementales (qu\u2019est-ce que vous faites?)<\/h4>\n<ul>\n\t<li>Difficult\u00e9s relationnelles<\/li>\n\t<li>Isolement des autres<\/li>\n\t<li>Procrastiner, \u00e9viter vos responsabilit\u00e9s<\/li>\n\t<li>Ne pas se r\u00e9server du temps pour la relaxation ou les activit\u00e9s agr\u00e9ables<\/li>\n\t<li>Manger trop\/pas assez<\/li>\n\t<li>Dormir trop\/pas assez<\/li>\n\t<li>Consommer de l\u2019alcool, des cigarettes, ou des drogues pour s\u2019\u00e9vader ou relaxer<\/li>\n\t<li>Comportements nerveux (vous mordre les ongles, faire les cent pas)<br \/>\n<br \/>\n<\/li>\n<\/ul>\n<h4>\u00c9motionnels (comment vous sentez vous?)<\/h4>\n<ul>\n\t<li>Humeur maussade Irritable, col\u00e9reuse<\/li>\n\t<li>Agit\u00e9e, incapable de relaxer<\/li>\n\t<li>F\u00e2ch\u00e9e<\/li>\n\t<li>D\u00e9pass\u00e9e, accabl\u00e9e<\/li>\n\t<li>Frustr\u00e9e<\/li>\n\t<li>Effray\u00e9e<\/li>\n\t<li>Faible estime de soi<\/li>\n<\/ul>\n<p>&nbsp;<\/p>\n<h4>Cognitifs (\u00e0 quoi pensez-vous?)<\/h4>\n<ul>\n\t<li>Difficult\u00e9 \u00e0 se concentrer<\/li>\n\t<li>Oublis fr\u00e9quents<\/li>\n\t<li>Difficult\u00e9 \u00e0 prendre des d\u00e9cisions<\/li>\n\t<li>Confusion<\/li>\n\t<li>\u00catre dans la lune<\/li>\n\t<li>Ne voir que le n\u00e9gatif<\/li>\n\t<li>Pens\u00e9es qui d\u00e9filent ou anxieuses<\/li>\n\t<li>Inqui\u00e9tude constante<\/li>\n\t<li>Manquer de jugement<\/li>\n\t<li>Avoir une attitude n\u00e9gative envers vous-m\u00eame et votre vie<br \/>\n<br \/>\n<\/li>\n<\/ul>\n<p>Vivre certains de ces sympt\u00f4mes ne signifie pas n\u00e9cessairement que vous \u00eates trop stress\u00e9e. Plus vous notez de signes et de sympt\u00f4mes en vous, plus vous \u00eates susceptible de conna\u00eetre une surcharge de stress.<\/p>\n<ul>\n\t<li>Il est important de noter que certains sympt\u00f4mes peuvent \u00eatre li\u00e9s au fait d&rsquo;\u00eatre enceinte (fatigue accrue, naus\u00e9es) ou juste d&rsquo;avoir accouch\u00e9 et de s&rsquo;occuper d&rsquo;un b\u00e9b\u00e9 (manque de sommeil, fatigue). Les sympt\u00f4mes physiques courants de la grossesse et du post-partum peuvent \u00eatre aggrav\u00e9s par le stress. Il est donc important de conna\u00eetre certaines strat\u00e9gies pour mieux g\u00e9rer le stress.<\/li>\n\t<li>Les signes et les sympt\u00f4mes du stress peuvent \u00e9galement \u00eatre le r\u00e9sultat d&rsquo;autres probl\u00e8mes psychologiques ou m\u00e9dicaux.<\/li>\n<\/ul>\n<p><strong>Si vous \u00eates tr\u00e8s stress\u00e9e et que vous avez du mal \u00e0 vous en sortir, parlez-en \u00e0 votre m\u00e9decin. Votre fournisseur de soins de sant\u00e9 peut vous r\u00e9f\u00e9rer \u00e0 un th\u00e9rapeute si n\u00e9cessaire. Les professionnels de la sant\u00e9 mentale peuvent mieux \u00e9valuer la force ou l&rsquo;intensit\u00e9 de votre stress et vous proposer des strat\u00e9gies adapt\u00e9es \u00e0 vos besoins.<\/strong><\/p>\n<p> <\/p>\t\t\t\t\t\t\t\t<\/div>\n\t\t\t\t<\/div>\n\t\t\t\t\t<\/div>\n\t\t<\/div>\n\t\t\t\t<div class=\"elementor-column elementor-col-50 elementor-top-column elementor-element elementor-element-57ee352\" data-id=\"57ee352\" data-element_type=\"column\">\n\t\t\t<div class=\"elementor-widget-wrap elementor-element-populated\">\n\t\t\t\t\t\t<div class=\"elementor-element elementor-element-3f9b872 elementor-widget elementor-widget-image\" data-id=\"3f9b872\" data-element_type=\"widget\" data-widget_type=\"image.default\">\n\t\t\t\t<div class=\"elementor-widget-container\">\n\t\t\t\t\t\t\t\t\t\t\t\t\t\t\t<img fetchpriority=\"high\" decoding=\"async\" width=\"800\" height=\"533\" src=\"https:\/\/www.activepatient.ca\/wp-content\/uploads\/2019\/07\/Tired-Stress-Stressed-Upset-Overwhelmed-Frustrated-2681502.jpg\" class=\"attachment-large size-large wp-image-7199\" alt=\"\" srcset=\"https:\/\/www.activepatient.ca\/wp-content\/uploads\/2019\/07\/Tired-Stress-Stressed-Upset-Overwhelmed-Frustrated-2681502.jpg 800w, https:\/\/www.activepatient.ca\/wp-content\/uploads\/2019\/07\/Tired-Stress-Stressed-Upset-Overwhelmed-Frustrated-2681502-768x512.jpg 768w, https:\/\/www.activepatient.ca\/wp-content\/uploads\/2019\/07\/Tired-Stress-Stressed-Upset-Overwhelmed-Frustrated-2681502-150x100.jpg 150w, https:\/\/www.activepatient.ca\/wp-content\/uploads\/2019\/07\/Tired-Stress-Stressed-Upset-Overwhelmed-Frustrated-2681502-600x400.jpg 600w\" sizes=\"(max-width: 800px) 100vw, 800px\" \/>\t\t\t\t\t\t\t\t\t\t\t\t\t\t\t<\/div>\n\t\t\t\t<\/div>\n\t\t\t\t\t<\/div>\n\t\t<\/div>\n\t\t\t\t\t<\/div>\n\t\t<\/section>\n\t\t\t\t<section class=\"elementor-section elementor-top-section elementor-element elementor-element-69dd9ec3 elementor-section-full_width elementor-section-height-default elementor-section-height-default\" data-id=\"69dd9ec3\" data-element_type=\"section\" data-settings=\"{&quot;background_background&quot;:&quot;classic&quot;}\">\n\t\t\t\t\t\t<div class=\"elementor-container elementor-column-gap-wide\">\n\t\t\t\t\t<div class=\"elementor-column elementor-col-50 elementor-top-column elementor-element elementor-element-16a34bce\" data-id=\"16a34bce\" data-element_type=\"column\">\n\t\t\t<div class=\"elementor-widget-wrap elementor-element-populated\">\n\t\t\t\t\t\t<div class=\"elementor-element elementor-element-65a788dd elementor-widget elementor-widget-video\" data-id=\"65a788dd\" data-element_type=\"widget\" data-settings=\"{&quot;youtube_url&quot;:&quot;https:\\\/\\\/youtu.be\\\/URRhtZQAZBI&quot;,&quot;video_type&quot;:&quot;youtube&quot;,&quot;controls&quot;:&quot;yes&quot;}\" data-widget_type=\"video.default\">\n\t\t\t\t<div class=\"elementor-widget-container\">\n\t\t\t\t\t\t\t<div class=\"elementor-wrapper elementor-open-inline\">\n\t\t\t<div class=\"elementor-video\"><\/div>\t\t<\/div>\n\t\t\t\t\t\t<\/div>\n\t\t\t\t<\/div>\n\t\t\t\t\t<\/div>\n\t\t<\/div>\n\t\t\t\t<div class=\"elementor-column elementor-col-50 elementor-top-column elementor-element elementor-element-5a7af132\" data-id=\"5a7af132\" data-element_type=\"column\">\n\t\t\t<div class=\"elementor-widget-wrap elementor-element-populated\">\n\t\t\t\t\t\t<section class=\"elementor-section elementor-inner-section elementor-element elementor-element-fe60d10 elementor-section-boxed elementor-section-height-default elementor-section-height-default\" data-id=\"fe60d10\" data-element_type=\"section\">\n\t\t\t\t\t\t<div class=\"elementor-container elementor-column-gap-default\">\n\t\t\t\t\t<div class=\"elementor-column elementor-col-50 elementor-inner-column elementor-element elementor-element-2134cb6\" data-id=\"2134cb6\" data-element_type=\"column\">\n\t\t\t<div class=\"elementor-widget-wrap elementor-element-populated\">\n\t\t\t\t\t\t<div class=\"elementor-element elementor-element-1556d5b7 elementor-position-top elementor-widget elementor-widget-image-box\" data-id=\"1556d5b7\" data-element_type=\"widget\" data-widget_type=\"image-box.default\">\n\t\t\t\t<div class=\"elementor-widget-container\">\n\t\t\t\t\t<div class=\"elementor-image-box-wrapper\"><figure class=\"elementor-image-box-img\"><img decoding=\"async\" width=\"200\" height=\"200\" src=\"https:\/\/www.activepatient.ca\/wp-content\/uploads\/2018\/03\/headphoneIcon.png\" class=\"attachment-full size-full wp-image-5557\" alt=\"\" srcset=\"https:\/\/www.activepatient.ca\/wp-content\/uploads\/2018\/03\/headphoneIcon.png 200w, https:\/\/www.activepatient.ca\/wp-content\/uploads\/2018\/03\/headphoneIcon-150x150.png 150w\" sizes=\"(max-width: 200px) 100vw, 200px\" \/><\/figure><div class=\"elementor-image-box-content\"><h5 class=\"elementor-image-box-title\">Audio seulement<\/h5><p class=\"elementor-image-box-description\"><div\n    id=\"h5ap-player-1\"\n    data-id=\"h5ap-player-1\"\n    data-attributes=\"{&quot;uniqueId&quot;:&quot;player7623&quot;,&quot;clientId&quot;:&quot;&quot;,&quot;align&quot;:&quot;&quot;,&quot;alignment&quot;:&quot;left&quot;,&quot;color&quot;:&quot;#fff&quot;,&quot;textColor&quot;:&quot;#fff&quot;,&quot;primaryColor&quot;:&quot;#195FF5&quot;,&quot;hoverColor&quot;:&quot;#00B3FF&quot;,&quot;controlColor&quot;:&quot;#4a5464&quot;,&quot;bgColor&quot;:&quot;#f2f2f2&quot;,&quot;skin&quot;:&quot;Default&quot;,&quot;repeat&quot;:false,&quot;autoplay&quot;:false,&quot;isSticky&quot;:false,&quot;muted&quot;:false,&quot;loader&quot;:false,&quot;saveState&quot;:false,&quot;disablePause&quot;:false,&quot;seekTime&quot;:10,&quot;startTime&quot;:0,&quot;preload&quot;:&quot;metadata&quot;,&quot;download&quot;:false,&quot;width&quot;:&quot;100%&quot;,&quot;radius&quot;:&quot;5px&quot;,&quot;controls&quot;:{&quot;play&quot;:true,&quot;progress&quot;:true,&quot;current-time&quot;:true,&quot;duration&quot;:true,&quot;mute&quot;:true,&quot;volume&quot;:true},&quot;CSS&quot;:&quot;&quot;,&quot;i18n&quot;:{&quot;restart&quot;:&quot;Restart&quot;,&quot;rewind&quot;:&quot;Rewind {seektime}s&quot;,&quot;play&quot;:&quot;Play&quot;,&quot;pause&quot;:&quot;Pause&quot;,&quot;fastForward:&quot;:&quot;Forward {seektime}s&quot;,&quot;seek&quot;:&quot;Seek&quot;,&quot;seekLabel&quot;:&quot;{currentTime} of {duration}&quot;,&quot;played&quot;:&quot;Played&quot;,&quot;buffered&quot;:&quot;Buffered&quot;,&quot;currentTime:&quot;:&quot;Current time&quot;,&quot;duration&quot;:&quot;Duration&quot;,&quot;volume&quot;:&quot;Volume&quot;,&quot;mute&quot;:&quot;Mute&quot;,&quot;unmute&quot;:&quot;Unmute&quot;,&quot;enableCaptions&quot;:&quot;Enable captions&quot;,&quot;disableCaptions&quot;:&quot;Disable captions&quot;,&quot;download&quot;:&quot;Download&quot;,&quot;enterFullscreen&quot;:&quot;Enter fullscreen&quot;,&quot;exitFullscreen&quot;:&quot;Exit fullscreen&quot;,&quot;frameTitle&quot;:&quot;Player for {title}&quot;,&quot;captions&quot;:&quot;Captions&quot;,&quot;settings&quot;:&quot;Settings&quot;,&quot;pip&quot;:&quot;PIP&quot;,&quot;menuBack&quot;:&quot;Go back to previous menu&quot;,&quot;speed&quot;:&quot;Speed&quot;,&quot;normal&quot;:&quot;Normal&quot;,&quot;quality&quot;:&quot;Quality&quot;,&quot;loop&quot;:&quot;Loop&quot;,&quot;start&quot;:&quot;Start&quot;,&quot;end&quot;:&quot;End&quot;,&quot;all&quot;:&quot;All&quot;,&quot;reset&quot;:&quot;Reset&quot;,&quot;disabled&quot;:&quot;Disabled&quot;,&quot;enabled&quot;:&quot;Enabled&quot;,&quot;advertisement&quot;:&quot;Ad&quot;,&quot;qualityBadge&quot;:{&quot;2160&quot;:&quot;4K&quot;,&quot;1440&quot;:&quot;HD&quot;,&quot;1080&quot;:&quot;HD&quot;,&quot;720&quot;:&quot;HD&quot;,&quot;576&quot;:&quot;SD&quot;,&quot;480&quot;:&quot;SD&quot;}},&quot;source&quot;:&quot;&quot;,&quot;poster&quot;:&quot;&quot;,&quot;title&quot;:&quot;audio title&quot;,&quot;artist&quot;:&quot;&quot;,&quot;speed&quot;:{&quot;selected&quot;:1,&quot;speed&quot;:[&quot;0.5&quot;,&quot; 0.75&quot;,&quot; 1&quot;,&quot; 1.25&quot;,&quot; 1.5&quot;,&quot; 1.75&quot;,&quot; 2&quot;,&quot; 4&quot;,&quot; 8&quot;]},&quot;multiple_audio&quot;:false,&quot;defaultValue&quot;:{&quot;Default&quot;:{&quot;primaryColor&quot;:&quot;#4A5464&quot;,&quot;controlColor&quot;:&quot;#4A5464&quot;,&quot;bgColor&quot;:&quot;#F5F5F5&quot;},&quot;Fusion&quot;:{&quot;primaryColor&quot;:&quot;#fff&quot;,&quot;bgColor&quot;:&quot;#161616&quot;,&quot;controlColor&quot;:&quot;#fff&quot;},&quot;Stamp&quot;:{&quot;controlColor&quot;:&quot;#fff&quot;,&quot;bgColor&quot;:&quot;#161616&quot;},&quot;Wave&quot;:{&quot;primaryColor&quot;:&quot;#fff&quot;,&quot;controlColor&quot;:&quot;#fff&quot;,&quot;bgColor&quot;:&quot;#161616&quot;,&quot;textColor&quot;:&quot;#fff&quot;},&quot;Card-1&quot;:{&quot;primaryColor&quot;:&quot;#fff&quot;,&quot;controlColor&quot;:&quot;#161616&quot;,&quot;bgColor&quot;:&quot;#161616&quot;,&quot;textColor&quot;:&quot;#fff&quot;},&quot;Card-2&quot;:{&quot;primaryColor&quot;:&quot;#00FBF3&quot;,&quot;controlColor&quot;:&quot;#fff&quot;,&quot;bgColor&quot;:&quot;#161616&quot;,&quot;textColor&quot;:&quot;#fff&quot;},&quot;Simple-1&quot;:{&quot;primaryColor&quot;:&quot;#00dcff&quot;,&quot;controlColor&quot;:&quot;#fff&quot;,&quot;bgColor&quot;:&quot;#161616&quot;,&quot;textColor&quot;:&quot;#00dcff&quot;},&quot;Simple-2&quot;:{&quot;primaryColor&quot;:&quot;#06F7FF00&quot;,&quot;controlColor&quot;:&quot;#fff&quot;,&quot;bgColor&quot;:&quot;#161616&quot;},&quot;Player9&quot;:{&quot;primaryColor&quot;:&quot;#195FF6&quot;,&quot;controlColor&quot;:&quot;#fff&quot;,&quot;bgColor&quot;:&quot;#161616&quot;,&quot;textColor&quot;:&quot;#EDEFF2&quot;},&quot;Player10&quot;:{&quot;primaryColor&quot;:&quot;#195FF6&quot;,&quot;controlColor&quot;:&quot;#fff&quot;,&quot;bgColor&quot;:&quot;#161616&quot;,&quot;textColor&quot;:&quot;#EDEFF2&quot;},&quot;Player11&quot;:{&quot;primaryColor&quot;:&quot;#195FF6&quot;,&quot;controlColor&quot;:&quot;#fff&quot;,&quot;bgColor&quot;:&quot;#161616&quot;,&quot;textColor&quot;:&quot;#fff&quot;}}}\"\n    class=\"wp-block-h5ap-tailwind wp-block-h5ap-audioplayer\">\n    <\/div><\/p><\/div><\/div>\t\t\t\t<\/div>\n\t\t\t\t<\/div>\n\t\t\t\t\t<\/div>\n\t\t<\/div>\n\t\t\t\t<div class=\"elementor-column elementor-col-50 elementor-inner-column elementor-element elementor-element-4e35ce9c\" data-id=\"4e35ce9c\" data-element_type=\"column\">\n\t\t\t<div class=\"elementor-widget-wrap elementor-element-populated\">\n\t\t\t\t\t\t<div class=\"elementor-element elementor-element-2392efcf elementor-position-top elementor-widget elementor-widget-image-box\" data-id=\"2392efcf\" data-element_type=\"widget\" data-widget_type=\"image-box.default\">\n\t\t\t\t<div class=\"elementor-widget-container\">\n\t\t\t\t\t<div class=\"elementor-image-box-wrapper\"><figure class=\"elementor-image-box-img\"><a href=\"https:\/\/www.activepatient.ca\/wp-content\/uploads\/2019\/08\/Signes-de-stress.pdf\" tabindex=\"-1\"><img decoding=\"async\" width=\"507\" height=\"512\" src=\"https:\/\/www.activepatient.ca\/wp-content\/uploads\/2018\/03\/PDF_icon.png\" class=\"attachment-full size-full wp-image-5559\" alt=\"\" srcset=\"https:\/\/www.activepatient.ca\/wp-content\/uploads\/2018\/03\/PDF_icon.png 507w, https:\/\/www.activepatient.ca\/wp-content\/uploads\/2018\/03\/PDF_icon-150x150.png 150w, https:\/\/www.activepatient.ca\/wp-content\/uploads\/2018\/03\/PDF_icon-297x300.png 297w\" sizes=\"(max-width: 507px) 100vw, 507px\" \/><\/a><\/figure><div class=\"elementor-image-box-content\"><p class=\"elementor-image-box-title\"><a href=\"https:\/\/www.activepatient.ca\/wp-content\/uploads\/2019\/08\/Signes-de-stress.pdf\">PDF<\/a><\/p><\/div><\/div>\t\t\t\t<\/div>\n\t\t\t\t<\/div>\n\t\t\t\t\t<\/div>\n\t\t<\/div>\n\t\t\t\t\t<\/div>\n\t\t<\/section>\n\t\t\t\t\t<\/div>\n\t\t<\/div>\n\t\t\t\t\t<\/div>\n\t\t<\/section>\n\t\t\t\t<section class=\"elementor-section elementor-top-section elementor-element elementor-element-11d6671 elementor-section-boxed elementor-section-height-default elementor-section-height-default\" data-id=\"11d6671\" data-element_type=\"section\">\n\t\t\t\t\t\t<div class=\"elementor-container elementor-column-gap-default\">\n\t\t\t\t\t<div class=\"elementor-column elementor-col-100 elementor-top-column elementor-element elementor-element-4d2356b\" data-id=\"4d2356b\" data-element_type=\"column\">\n\t\t\t<div class=\"elementor-widget-wrap elementor-element-populated\">\n\t\t\t\t\t\t<div class=\"elementor-element elementor-element-9f93938 elementor-widget elementor-widget-text-editor\" data-id=\"9f93938\" data-element_type=\"widget\" data-widget_type=\"text-editor.default\">\n\t\t\t\t<div class=\"elementor-widget-container\">\n\t\t\t\t\t\t\t\t\t<p><a href=\"https:\/\/www.activepatient.ca\/fr\/sources-possibles-de-stress-pendant-et-apres-la-grossesse\/\">Section suivante<\/a><\/p>\t\t\t\t\t\t\t\t<\/div>\n\t\t\t\t<\/div>\n\t\t\t\t\t<\/div>\n\t\t<\/div>\n\t\t\t\t\t<\/div>\n\t\t<\/section>\n\t\t\t\t<\/div>\n\t\t","protected":false},"excerpt":{"rendered":"<p>Certains des signes de stress se trouvent dans le tableau ci-dessous. Jetez un coup d&rsquo;\u0153il pour voir si vous en avez. Prendre conscience de vos signes de stress peut vous aider \u00e0 mieux g\u00e9rer votre stress. Physiques (Comment votre corps se sent-il?) Manque d\u2019\u00e9nergie, sentiment de fatigue Diarrh\u00e9e ou constipation Indigestion, brulures d\u2019estomac Manque de &#8230; <a title=\"VOTRE r\u00e9action au stress\" class=\"read-more\" href=\"https:\/\/www.activepatient.ca\/fr\/votre-reaction-au-stress\/\">Lire la suite <span class=\"screen-reader-text\">VOTRE r\u00e9action au stress<\/span><\/a><\/p>\n","protected":false},"author":1,"featured_media":0,"parent":0,"menu_order":0,"comment_status":"closed","ping_status":"closed","template":"","meta":{"_acf_changed":false,"ngg_post_thumbnail":0,"h5ap_radio_sources":[],"footnotes":""},"class_list":["post-6435","page","type-page","status-publish"],"acf":[],"_links":{"self":[{"href":"https:\/\/www.activepatient.ca\/fr\/wp-json\/wp\/v2\/pages\/6435","targetHints":{"allow":["GET"]}}],"collection":[{"href":"https:\/\/www.activepatient.ca\/fr\/wp-json\/wp\/v2\/pages"}],"about":[{"href":"https:\/\/www.activepatient.ca\/fr\/wp-json\/wp\/v2\/types\/page"}],"author":[{"embeddable":true,"href":"https:\/\/www.activepatient.ca\/fr\/wp-json\/wp\/v2\/users\/1"}],"replies":[{"embeddable":true,"href":"https:\/\/www.activepatient.ca\/fr\/wp-json\/wp\/v2\/comments?post=6435"}],"version-history":[{"count":0,"href":"https:\/\/www.activepatient.ca\/fr\/wp-json\/wp\/v2\/pages\/6435\/revisions"}],"wp:attachment":[{"href":"https:\/\/www.activepatient.ca\/fr\/wp-json\/wp\/v2\/media?parent=6435"}],"curies":[{"name":"wp","href":"https:\/\/api.w.org\/{rel}","templated":true}]}}