{"id":2195,"date":"2018-11-28T15:10:14","date_gmt":"2018-11-28T15:10:14","guid":{"rendered":"https:\/\/www.activepatient.ca\/gdm\/?page_id=2195"},"modified":"2019-08-28T00:47:51","modified_gmt":"2019-08-28T00:47:51","slug":"activite-physique","status":"publish","type":"page","link":"https:\/\/www.activepatient.ca\/fr\/activite-physique\/","title":{"rendered":"Pourquoi est-il important d&rsquo;\u00eatre actif?"},"content":{"rendered":"\t\t<div data-elementor-type=\"wp-post\" data-elementor-id=\"2195\" class=\"elementor elementor-2195 elementor-4634\">\n\t\t\t\t\t\t<section class=\"elementor-section elementor-top-section elementor-element elementor-element-50f6cf7b elementor-section-full_width elementor-section-height-default elementor-section-height-default\" data-id=\"50f6cf7b\" data-element_type=\"section\" data-settings=\"{&quot;background_background&quot;:&quot;classic&quot;}\">\n\t\t\t\t\t\t<div class=\"elementor-container elementor-column-gap-wide\">\n\t\t\t\t\t<div class=\"elementor-column elementor-col-50 elementor-top-column elementor-element elementor-element-5cdb28e7\" data-id=\"5cdb28e7\" data-element_type=\"column\">\n\t\t\t<div class=\"elementor-widget-wrap elementor-element-populated\">\n\t\t\t\t\t\t<div class=\"elementor-element elementor-element-2082bede elementor-widget elementor-widget-video\" data-id=\"2082bede\" data-element_type=\"widget\" data-settings=\"{&quot;youtube_url&quot;:&quot;https:\\\/\\\/youtu.be\\\/AjzZTJpx_t4&quot;,&quot;video_type&quot;:&quot;youtube&quot;,&quot;controls&quot;:&quot;yes&quot;}\" data-widget_type=\"video.default\">\n\t\t\t\t<div class=\"elementor-widget-container\">\n\t\t\t\t\t\t\t<div class=\"elementor-wrapper elementor-open-inline\">\n\t\t\t<div class=\"elementor-video\"><\/div>\t\t<\/div>\n\t\t\t\t\t\t<\/div>\n\t\t\t\t<\/div>\n\t\t\t\t\t<\/div>\n\t\t<\/div>\n\t\t\t\t<div class=\"elementor-column elementor-col-50 elementor-top-column elementor-element elementor-element-16be8110\" data-id=\"16be8110\" data-element_type=\"column\">\n\t\t\t<div class=\"elementor-widget-wrap elementor-element-populated\">\n\t\t\t\t\t\t<div class=\"elementor-element elementor-element-2ecf94a3 elementor-widget elementor-widget-text-editor\" data-id=\"2ecf94a3\" data-element_type=\"widget\" data-widget_type=\"text-editor.default\">\n\t\t\t\t<div class=\"elementor-widget-container\">\n\t\t\t\t\t\t\t\t\t<p>Avez-vous consid\u00e9r\u00e9 l&rsquo;exercice comme un m\u00e9dicament? Bien, \u00eatre actif physiquement pendant la grossesse a de nombreux avantages. Cela peut vous aider pendant votre grossesse mais \u00e9galement am\u00e9liorer votre sant\u00e9 future et celle de votre b\u00e9b\u00e9.<\/p>\n<p>(La vid\u00e9o mentionne le formulaire Parmed X pour la grossesse. Voici le lien: <a href=\"https:\/\/www.csep.ca\/CMFiles\/publications\/parq\/x-aapenceintes.pdf\">https:\/\/www.csep.ca\/CMFiles\/publications\/parq\/x-aapenceintes.pdf<\/a><\/p>\t\t\t\t\t\t\t\t<\/div>\n\t\t\t\t<\/div>\n\t\t\t\t<section class=\"elementor-section elementor-inner-section elementor-element elementor-element-636fe531 elementor-section-boxed elementor-section-height-default elementor-section-height-default\" data-id=\"636fe531\" data-element_type=\"section\">\n\t\t\t\t\t\t<div class=\"elementor-container elementor-column-gap-default\">\n\t\t\t\t\t<div class=\"elementor-column elementor-col-50 elementor-inner-column elementor-element elementor-element-518b5557\" data-id=\"518b5557\" data-element_type=\"column\">\n\t\t\t<div class=\"elementor-widget-wrap elementor-element-populated\">\n\t\t\t\t\t\t<div class=\"elementor-element elementor-element-7acdcb52 elementor-position-top elementor-widget elementor-widget-image-box\" data-id=\"7acdcb52\" data-element_type=\"widget\" data-widget_type=\"image-box.default\">\n\t\t\t\t<div class=\"elementor-widget-container\">\n\t\t\t\t\t<div class=\"elementor-image-box-wrapper\"><figure class=\"elementor-image-box-img\"><img decoding=\"async\" width=\"200\" height=\"200\" src=\"https:\/\/www.activepatient.ca\/wp-content\/uploads\/2018\/03\/headphoneIcon.png\" class=\"attachment-full size-full wp-image-5557\" alt=\"\" srcset=\"https:\/\/www.activepatient.ca\/wp-content\/uploads\/2018\/03\/headphoneIcon.png 200w, https:\/\/www.activepatient.ca\/wp-content\/uploads\/2018\/03\/headphoneIcon-150x150.png 150w\" sizes=\"(max-width: 200px) 100vw, 200px\" \/><\/figure><div class=\"elementor-image-box-content\"><h5 class=\"elementor-image-box-title\">Audio seulement<\/h5><p class=\"elementor-image-box-description\"><div\n    id=\"h5ap-player-1\"\n    data-id=\"h5ap-player-1\"\n    data-attributes=\"{&quot;uniqueId&quot;:&quot;player7002&quot;,&quot;clientId&quot;:&quot;&quot;,&quot;align&quot;:&quot;&quot;,&quot;alignment&quot;:&quot;left&quot;,&quot;color&quot;:&quot;#fff&quot;,&quot;textColor&quot;:&quot;#fff&quot;,&quot;primaryColor&quot;:&quot;#195FF5&quot;,&quot;hoverColor&quot;:&quot;#00B3FF&quot;,&quot;controlColor&quot;:&quot;#4a5464&quot;,&quot;bgColor&quot;:&quot;#f2f2f2&quot;,&quot;skin&quot;:&quot;Default&quot;,&quot;repeat&quot;:false,&quot;autoplay&quot;:false,&quot;isSticky&quot;:false,&quot;muted&quot;:false,&quot;loader&quot;:false,&quot;saveState&quot;:false,&quot;disablePause&quot;:false,&quot;seekTime&quot;:10,&quot;startTime&quot;:0,&quot;preload&quot;:&quot;metadata&quot;,&quot;download&quot;:false,&quot;width&quot;:&quot;100%&quot;,&quot;radius&quot;:&quot;5px&quot;,&quot;controls&quot;:{&quot;play&quot;:true,&quot;progress&quot;:true,&quot;current-time&quot;:true,&quot;duration&quot;:true,&quot;mute&quot;:true,&quot;volume&quot;:true},&quot;CSS&quot;:&quot;&quot;,&quot;i18n&quot;:{&quot;restart&quot;:&quot;Restart&quot;,&quot;rewind&quot;:&quot;Rewind {seektime}s&quot;,&quot;play&quot;:&quot;Play&quot;,&quot;pause&quot;:&quot;Pause&quot;,&quot;fastForward:&quot;:&quot;Forward {seektime}s&quot;,&quot;seek&quot;:&quot;Seek&quot;,&quot;seekLabel&quot;:&quot;{currentTime} of {duration}&quot;,&quot;played&quot;:&quot;Played&quot;,&quot;buffered&quot;:&quot;Buffered&quot;,&quot;currentTime:&quot;:&quot;Current time&quot;,&quot;duration&quot;:&quot;Duration&quot;,&quot;volume&quot;:&quot;Volume&quot;,&quot;mute&quot;:&quot;Mute&quot;,&quot;unmute&quot;:&quot;Unmute&quot;,&quot;enableCaptions&quot;:&quot;Enable captions&quot;,&quot;disableCaptions&quot;:&quot;Disable captions&quot;,&quot;download&quot;:&quot;Download&quot;,&quot;enterFullscreen&quot;:&quot;Enter fullscreen&quot;,&quot;exitFullscreen&quot;:&quot;Exit fullscreen&quot;,&quot;frameTitle&quot;:&quot;Player for {title}&quot;,&quot;captions&quot;:&quot;Captions&quot;,&quot;settings&quot;:&quot;Settings&quot;,&quot;pip&quot;:&quot;PIP&quot;,&quot;menuBack&quot;:&quot;Go back to previous menu&quot;,&quot;speed&quot;:&quot;Speed&quot;,&quot;normal&quot;:&quot;Normal&quot;,&quot;quality&quot;:&quot;Quality&quot;,&quot;loop&quot;:&quot;Loop&quot;,&quot;start&quot;:&quot;Start&quot;,&quot;end&quot;:&quot;End&quot;,&quot;all&quot;:&quot;All&quot;,&quot;reset&quot;:&quot;Reset&quot;,&quot;disabled&quot;:&quot;Disabled&quot;,&quot;enabled&quot;:&quot;Enabled&quot;,&quot;advertisement&quot;:&quot;Ad&quot;,&quot;qualityBadge&quot;:{&quot;2160&quot;:&quot;4K&quot;,&quot;1440&quot;:&quot;HD&quot;,&quot;1080&quot;:&quot;HD&quot;,&quot;720&quot;:&quot;HD&quot;,&quot;576&quot;:&quot;SD&quot;,&quot;480&quot;:&quot;SD&quot;}},&quot;source&quot;:&quot;&quot;,&quot;poster&quot;:&quot;&quot;,&quot;title&quot;:&quot;audio title&quot;,&quot;artist&quot;:&quot;&quot;,&quot;speed&quot;:{&quot;selected&quot;:1,&quot;speed&quot;:[&quot;0.5&quot;,&quot; 0.75&quot;,&quot; 1&quot;,&quot; 1.25&quot;,&quot; 1.5&quot;,&quot; 1.75&quot;,&quot; 2&quot;,&quot; 4&quot;,&quot; 8&quot;]},&quot;multiple_audio&quot;:false,&quot;defaultValue&quot;:{&quot;Default&quot;:{&quot;primaryColor&quot;:&quot;#4A5464&quot;,&quot;controlColor&quot;:&quot;#4A5464&quot;,&quot;bgColor&quot;:&quot;#F5F5F5&quot;},&quot;Fusion&quot;:{&quot;primaryColor&quot;:&quot;#fff&quot;,&quot;bgColor&quot;:&quot;#161616&quot;,&quot;controlColor&quot;:&quot;#fff&quot;},&quot;Stamp&quot;:{&quot;controlColor&quot;:&quot;#fff&quot;,&quot;bgColor&quot;:&quot;#161616&quot;},&quot;Wave&quot;:{&quot;primaryColor&quot;:&quot;#fff&quot;,&quot;controlColor&quot;:&quot;#fff&quot;,&quot;bgColor&quot;:&quot;#161616&quot;,&quot;textColor&quot;:&quot;#fff&quot;},&quot;Card-1&quot;:{&quot;primaryColor&quot;:&quot;#fff&quot;,&quot;controlColor&quot;:&quot;#161616&quot;,&quot;bgColor&quot;:&quot;#161616&quot;,&quot;textColor&quot;:&quot;#fff&quot;},&quot;Card-2&quot;:{&quot;primaryColor&quot;:&quot;#00FBF3&quot;,&quot;controlColor&quot;:&quot;#fff&quot;,&quot;bgColor&quot;:&quot;#161616&quot;,&quot;textColor&quot;:&quot;#fff&quot;},&quot;Simple-1&quot;:{&quot;primaryColor&quot;:&quot;#00dcff&quot;,&quot;controlColor&quot;:&quot;#fff&quot;,&quot;bgColor&quot;:&quot;#161616&quot;,&quot;textColor&quot;:&quot;#00dcff&quot;},&quot;Simple-2&quot;:{&quot;primaryColor&quot;:&quot;#06F7FF00&quot;,&quot;controlColor&quot;:&quot;#fff&quot;,&quot;bgColor&quot;:&quot;#161616&quot;},&quot;Player9&quot;:{&quot;primaryColor&quot;:&quot;#195FF6&quot;,&quot;controlColor&quot;:&quot;#fff&quot;,&quot;bgColor&quot;:&quot;#161616&quot;,&quot;textColor&quot;:&quot;#EDEFF2&quot;},&quot;Player10&quot;:{&quot;primaryColor&quot;:&quot;#195FF6&quot;,&quot;controlColor&quot;:&quot;#fff&quot;,&quot;bgColor&quot;:&quot;#161616&quot;,&quot;textColor&quot;:&quot;#EDEFF2&quot;},&quot;Player11&quot;:{&quot;primaryColor&quot;:&quot;#195FF6&quot;,&quot;controlColor&quot;:&quot;#fff&quot;,&quot;bgColor&quot;:&quot;#161616&quot;,&quot;textColor&quot;:&quot;#fff&quot;}}}\"\n    class=\"wp-block-h5ap-tailwind wp-block-h5ap-audioplayer\">\n    <\/div><\/p><\/div><\/div>\t\t\t\t<\/div>\n\t\t\t\t<\/div>\n\t\t\t\t\t<\/div>\n\t\t<\/div>\n\t\t\t\t<div class=\"elementor-column elementor-col-50 elementor-inner-column elementor-element elementor-element-79cc9411\" data-id=\"79cc9411\" data-element_type=\"column\">\n\t\t\t<div class=\"elementor-widget-wrap elementor-element-populated\">\n\t\t\t\t\t\t<div class=\"elementor-element elementor-element-f9b9d51 elementor-position-top elementor-widget elementor-widget-image-box\" data-id=\"f9b9d51\" data-element_type=\"widget\" data-widget_type=\"image-box.default\">\n\t\t\t\t<div class=\"elementor-widget-container\">\n\t\t\t\t\t<div class=\"elementor-image-box-wrapper\"><figure class=\"elementor-image-box-img\"><a href=\"https:\/\/www.activepatient.ca\/wp-content\/uploads\/2019\/07\/Pourquoi-est-il-important-de\u0302tre-actif_-2.pdf\" tabindex=\"-1\"><img fetchpriority=\"high\" decoding=\"async\" width=\"507\" height=\"512\" src=\"https:\/\/www.activepatient.ca\/wp-content\/uploads\/2018\/03\/PDF_icon.png\" class=\"attachment-full size-full wp-image-5559\" alt=\"\" srcset=\"https:\/\/www.activepatient.ca\/wp-content\/uploads\/2018\/03\/PDF_icon.png 507w, https:\/\/www.activepatient.ca\/wp-content\/uploads\/2018\/03\/PDF_icon-150x150.png 150w, https:\/\/www.activepatient.ca\/wp-content\/uploads\/2018\/03\/PDF_icon-297x300.png 297w\" sizes=\"(max-width: 507px) 100vw, 507px\" \/><\/a><\/figure><div class=\"elementor-image-box-content\"><p class=\"elementor-image-box-title\"><a href=\"https:\/\/www.activepatient.ca\/wp-content\/uploads\/2019\/07\/Pourquoi-est-il-important-de\u0302tre-actif_-2.pdf\">PDF<\/a><\/p><\/div><\/div>\t\t\t\t<\/div>\n\t\t\t\t<\/div>\n\t\t\t\t\t<\/div>\n\t\t<\/div>\n\t\t\t\t\t<\/div>\n\t\t<\/section>\n\t\t\t\t\t<\/div>\n\t\t<\/div>\n\t\t\t\t\t<\/div>\n\t\t<\/section>\n\t\t\t\t<section class=\"elementor-section elementor-top-section elementor-element elementor-element-a5f5f67 elementor-section-boxed elementor-section-height-default elementor-section-height-default\" data-id=\"a5f5f67\" data-element_type=\"section\">\n\t\t\t\t\t\t<div class=\"elementor-container elementor-column-gap-default\">\n\t\t\t\t\t<div class=\"elementor-column elementor-col-100 elementor-top-column elementor-element elementor-element-485dbce\" data-id=\"485dbce\" data-element_type=\"column\">\n\t\t\t<div class=\"elementor-widget-wrap elementor-element-populated\">\n\t\t\t\t\t\t<div class=\"elementor-element elementor-element-4cb6a54 elementor-widget elementor-widget-text-editor\" data-id=\"4cb6a54\" data-element_type=\"widget\" data-widget_type=\"text-editor.default\">\n\t\t\t\t<div class=\"elementor-widget-container\">\n\t\t\t\t\t\t\t\t\t<h3>Pourquoi est-il important d&rsquo;\u00eatre actif? <\/h3>\n<p>(version texte de la vid\u00e9o)<\/p>\n<p><span style=\"font-weight: 400;\">Avez-vous consid\u00e9r\u00e9 l&rsquo;exercice comme un m\u00e9dicament? Bien, \u00eatre actif physiquement pendant la grossesse a de nombreux avantages. Cela peut vous aider pendant votre grossesse mais \u00e9galement am\u00e9liorer votre sant\u00e9 future et celle de votre b\u00e9b\u00e9. C&rsquo;est comme un m\u00e9dicament pour avoir une grossesse saine en plus d\u2019\u00eatre b\u00e9n\u00e9fique pour le futur.<\/span><\/p>\n<p><span style=\"font-weight: 400;\">Pendant la grossesse, \u00eatre actif physiquement peut vous aider \u00e0 contr\u00f4ler votre glyc\u00e9mie. En fait, le simple fait d\u2019aller marcher et d\u2019augmenter votre nombre de pas quotidiens a montr\u00e9 une r\u00e9duction de la glyc\u00e9mie, ce qui peut vous aider \u00e0 g\u00e9rer votre diab\u00e8te gestationnel. \u00catre actif vous aidera \u00e9galement \u00e0 r\u00e9guler votre poids. Pendant la grossesse, nous souhaitons voir une prise de poids progressive et saine, et une activit\u00e9 physique peut vous aider \u00e0 atteindre cet objectif. Une prise de poids appropri\u00e9e et une glyc\u00e9mie contr\u00f4l\u00e9e aideront votre b\u00e9b\u00e9 \u00e0 grandir \u00e0 une vitesse saine.<\/span><\/p>\n<p><span style=\"font-weight: 400;\">\u00catre actif et essayer d&rsquo;ajouter plus de pas \u00e0 votre journ\u00e9e peut \u00e9galement am\u00e9liorer votre niveau d&rsquo;\u00e9nergie et votre humeur. Et ce n\u2019est pas tout: les avantages de l\u2019activit\u00e9 physique vont au-del\u00e0 de votre grossesse et de votre accouchement. Des recherches ont montr\u00e9 que les m\u00e8res qui sont physiquement actives pendant la grossesse et le restent apr\u00e8s une grossesse, ont moins de risques de d\u00e9velopper un diab\u00e8te plus tard dans leur vie. Le risque de diab\u00e8te chez leur enfant diminue \u00e9galement. Vous pouvez \u00e9galement \u00eatre moins susceptible de conserver le surplus de poids que vous prenez pendant la grossesse, un probl\u00e8me appel\u00e9 r\u00e9tention de poids post-partum. Alors maintenant la question est, comment commencer \u00e0 \u00eatre actif\u00a0?<\/span><\/p>\n<p>&nbsp;<\/p>\n<p><span style=\"font-weight: 400;\">Si ce n\u2019est pas d\u00e9j\u00e0 le cas, commencez par consulter votre fournisseur de soins de sant\u00e9 pour discuter de votre activit\u00e9 physique pendant la grossesse. Si vous \u00e9tiez actif avant votre grossesse, vous devrez peut-\u00eatre modifier votre routine ant\u00e9rieur. Si vous ne l\u2019\u00e9tiez pas, vous pouvez toujours commencer pendant la grossesse. Vous devriez informer votre fournisseur de soins de sant\u00e9 des types d&rsquo;activit\u00e9s et d&rsquo;exercices que vous avez faits avant la grossesse. Vous pouvez ensuite discuter de vos objectifs d&rsquo;activit\u00e9 maintenant que vous \u00eates enceinte.\u00a0<\/span><\/p>\n<p>&nbsp;<\/p>\n<p><span style=\"font-weight: 400;\">Pour guider ces conversations, envisagez l\u2019utilisation de \u00ab\u00a0X-AAP pour femmes enceintes\u00a0\u00bb. Le X-AAP ( est disponible gratuitement en ligne sur le site internet de la Soci\u00e9t\u00e9 canadienne de physiologie de l&rsquo;exercice. ( <\/span><a href=\"http:\/\/www.csep.ca\/CMFiles\/publications\/parq\/x-aapenceintes.pdf\"><span style=\"font-weight: 400;\">http:\/\/www.csep.ca\/CMFiles\/publications\/parq\/x-aapenceintes.pdf<\/span><\/a><span style=\"font-weight: 400;\"> ) Vous serez invit\u00e9 \u00e0 r\u00e9pondre \u00e0 une s\u00e9rie de questions qui vous aideront, vous et votre fournisseur de soins de sant\u00e9, \u00e0 choisir des moyens de rester actifs en toute s\u00e9curit\u00e9, en fonction de votre niveau d&rsquo;activit\u00e9 pr\u00e9c\u00e9dent, de vos ant\u00e9c\u00e9dents m\u00e9dicaux et de votre grossesse en cours. Une fois la premi\u00e8re page compl\u00e9t\u00e9e, vous et votre fournisseur de soins de sant\u00e9 d\u00e9terminerez s\u2019il existe des raisons pour lesquelles vous ne pouvez pas \u00eatre actif.<\/span><\/p>\n<p><span style=\"font-weight: 400;\"><br \/>\n<\/span><span style=\"font-weight: 400;\">Certaines choses vous emp\u00eacheront vraiment d\u2019\u00eatre actives pendant la grossesse. Elles ne sont pas courantes, mais si vous avez exp\u00e9riment\u00e9 l\u2019une de celles-ci, votre fournisseur de soins de sant\u00e9 peut imposer des limites \u00e0 votre activit\u00e9 physique.\u00a0<\/span><\/p>\n<ul>\n\t<li style=\"font-weight: 400;\"><span style=\"font-weight: 400;\">Avoir exp\u00e9riment\u00e9 un travail pr\u00e9matur\u00e9 ou pr\u00e9coce lors d\u2019une grossesse pr\u00e9c\u00e9dente.<\/span><\/li>\n\t<li style=\"font-weight: 400;\"><span style=\"font-weight: 400;\">Contraction et la dilatation pr\u00e9coce lors votre grossesse du moment.\u00a0<\/span><\/li>\n\t<li style=\"font-weight: 400;\"><span style=\"font-weight: 400;\">Avoir rompu vos membranes (\u00abeau bris\u00e9e\u00bb) pr\u00e9matur\u00e9ment lors de votre derni\u00e8re grossesse ou celle de maintenant.\u00a0<\/span><\/li>\n\t<li style=\"font-weight: 400;\"><span style=\"font-weight: 400;\">Saigner du vagin pendant la grossesse.\u00a0<\/span><\/li>\n\t<li style=\"font-weight: 400;\"><span style=\"font-weight: 400;\">Avoir ce qu\u2019on appelle \u00abplacenta previa\u00bb est une raison pour ne pas \u00eatre tr\u00e8s actif pendant la grossesse. Informez-vous aupr\u00e8s de votre fournisseur de soins de sant\u00e9 pour avoir plus d\u2019informations \u00e0 ce sujet.\u00a0<\/span><\/li>\n\t<li style=\"font-weight: 400;\"><span style=\"font-weight: 400;\">Si votre pression art\u00e9rielle ne peut pas \u00eatre facilement contr\u00f4l\u00e9e ou si vous avez un type compliqu\u00e9 d&rsquo;hypertension pendant la grossesse appel\u00e9 pr\u00e9-\u00e9clampsie, votre activit\u00e9 physique devra peut-\u00eatre \u00eatre limit\u00e9e.\u00a0<\/span><\/li>\n\t<li style=\"font-weight: 400;\"><span style=\"font-weight: 400;\">Si votre col de l\u2019ut\u00e9rus est faible (condition appel\u00e9e \u00abincomp\u00e9tence du col\u00bb), votre niveau d\u2019activit\u00e9 physique doit rester faible.\u00a0<\/span><\/li>\n\t<li style=\"font-weight: 400;\"><span style=\"font-weight: 400;\">Si votre b\u00e9b\u00e9 ne grandit pas bien (retard de croissance intra-ut\u00e9rine), le fait d&rsquo;\u00eatre actif peut \u00eatre un probl\u00e8me.\u00a0<\/span><\/li>\n\t<li style=\"font-weight: 400;\"><span style=\"font-weight: 400;\">Si vous portez plus de deux b\u00e9b\u00e9s (tripl\u00e9s ou plus), votre activit\u00e9 devra peut-\u00eatre \u00eatre limit\u00e9e.\u00a0<\/span><\/li>\n\t<li style=\"font-weight: 400;\"><span style=\"font-weight: 400;\">Si vous avez un probl\u00e8me de sant\u00e9 ou une maladie mal contr\u00f4l\u00e9e, vous devrez peut-\u00eatre aussi limiter votre activit\u00e9 physique.\u00a0<\/span><\/li>\n<\/ul>\n<p><span style=\"font-weight: 400;\">Veuillez discuter de cela avec votre m\u00e9decin. Un grand nombre de ces conditions et des probl\u00e8mes possibles sont r\u00e9pertori\u00e9s dans le formulaire X-AAP.<\/span><\/p>\n<p><span style=\"font-weight: 400;\">Si votre fournisseur de soins de sant\u00e9 vous a autoris\u00e9 \u00e0 faire de l&rsquo;exercice et \u00e0 mener une vie active, vous \u00eates pr\u00eat \u00e0 commencer. N&rsquo;oubliez pas que si au cours de votre grossesse vous exp\u00e9rimentez des probl\u00e8mes qui vous donneraient une raison de ne pas \u00eatre physiquement active, comme les probl\u00e8mes que nous avons mentionn\u00e9s, vous devriez en informer votre fournisseur de soins de sant\u00e9 et vous pourrez ensemble r\u00e9\u00e9valuer vos objectifs et votre routine.<\/span><\/p>\t\t\t\t\t\t\t\t<\/div>\n\t\t\t\t<\/div>\n\t\t\t\t\t<\/div>\n\t\t<\/div>\n\t\t\t\t\t<\/div>\n\t\t<\/section>\n\t\t\t\t<\/div>\n\t\t","protected":false},"excerpt":{"rendered":"<p>https:\/\/youtu.be\/AjzZTJpx_t4 Avez-vous consid\u00e9r\u00e9 l&rsquo;exercice comme un m\u00e9dicament? Bien, \u00eatre actif physiquement pendant la grossesse a de nombreux avantages. Cela peut vous aider pendant votre grossesse mais \u00e9galement am\u00e9liorer votre sant\u00e9 future et celle de votre b\u00e9b\u00e9. (La vid\u00e9o mentionne le formulaire Parmed X pour la grossesse. Voici le lien: https:\/\/www.csep.ca\/CMFiles\/publications\/parq\/x-aapenceintes.pdf Audio seulement PDF Pourquoi est-il &#8230; <a title=\"Pourquoi est-il important d&rsquo;\u00eatre actif?\" class=\"read-more\" href=\"https:\/\/www.activepatient.ca\/fr\/activite-physique\/\">Lire la suite <span class=\"screen-reader-text\">Pourquoi est-il important d&rsquo;\u00eatre actif?<\/span><\/a><\/p>\n","protected":false},"author":1,"featured_media":0,"parent":0,"menu_order":0,"comment_status":"closed","ping_status":"closed","template":"","meta":{"_acf_changed":false,"ngg_post_thumbnail":0,"h5ap_radio_sources":[],"footnotes":""},"class_list":["post-2195","page","type-page","status-publish"],"acf":[],"_links":{"self":[{"href":"https:\/\/www.activepatient.ca\/fr\/wp-json\/wp\/v2\/pages\/2195","targetHints":{"allow":["GET"]}}],"collection":[{"href":"https:\/\/www.activepatient.ca\/fr\/wp-json\/wp\/v2\/pages"}],"about":[{"href":"https:\/\/www.activepatient.ca\/fr\/wp-json\/wp\/v2\/types\/page"}],"author":[{"embeddable":true,"href":"https:\/\/www.activepatient.ca\/fr\/wp-json\/wp\/v2\/users\/1"}],"replies":[{"embeddable":true,"href":"https:\/\/www.activepatient.ca\/fr\/wp-json\/wp\/v2\/comments?post=2195"}],"version-history":[{"count":0,"href":"https:\/\/www.activepatient.ca\/fr\/wp-json\/wp\/v2\/pages\/2195\/revisions"}],"wp:attachment":[{"href":"https:\/\/www.activepatient.ca\/fr\/wp-json\/wp\/v2\/media?parent=2195"}],"curies":[{"name":"wp","href":"https:\/\/api.w.org\/{rel}","templated":true}]}}