{"id":1985,"date":"2018-10-03T13:24:11","date_gmt":"2018-10-03T13:24:11","guid":{"rendered":"https:\/\/www.activepatient.ca\/gdm\/team\/"},"modified":"2020-12-10T08:54:34","modified_gmt":"2020-12-10T13:54:34","slug":"team","status":"publish","type":"page","link":"https:\/\/www.activepatient.ca\/fr\/team\/","title":{"rendered":"\u00c9quipe"},"content":{"rendered":"\t\t<div data-elementor-type=\"wp-post\" data-elementor-id=\"1985\" class=\"elementor elementor-1985 elementor-1756\">\n\t\t\t\t\t\t<section class=\"elementor-section elementor-top-section elementor-element elementor-element-217f8da elementor-section-boxed elementor-section-height-default elementor-section-height-default\" data-id=\"217f8da\" data-element_type=\"section\">\n\t\t\t\t\t\t<div class=\"elementor-container elementor-column-gap-default\">\n\t\t\t\t\t<div class=\"elementor-column elementor-col-100 elementor-top-column elementor-element elementor-element-2ad650f\" data-id=\"2ad650f\" data-element_type=\"column\">\n\t\t\t<div class=\"elementor-widget-wrap elementor-element-populated\">\n\t\t\t\t\t\t<section class=\"elementor-section elementor-inner-section elementor-element elementor-element-4558189 elementor-section-boxed elementor-section-height-default elementor-section-height-default\" data-id=\"4558189\" data-element_type=\"section\">\n\t\t\t\t\t\t<div class=\"elementor-container elementor-column-gap-default\">\n\t\t\t\t\t<div class=\"elementor-column elementor-col-50 elementor-inner-column elementor-element elementor-element-50fe2c7\" data-id=\"50fe2c7\" data-element_type=\"column\">\n\t\t\t<div class=\"elementor-widget-wrap elementor-element-populated\">\n\t\t\t\t\t\t<div class=\"elementor-element elementor-element-ac3da17 elementor-widget elementor-widget-text-editor\" data-id=\"ac3da17\" data-element_type=\"widget\" data-widget_type=\"text-editor.default\">\n\t\t\t\t<div class=\"elementor-widget-container\">\n\t\t\t\t\t\t\t\t\t<p>Le projet Patiente Active avec Diab\u00e8te Gestationnel est dirig\u00e9 par Dr Kaberi Dasgupta et soutenu par la Fondation Lawson. Ce site Web a \u00e9t\u00e9 d\u00e9velopp\u00e9 dans le cadre de ce projet afin de combler un manque de ressources d\u2019information et de motivation pour les femmes atteintes de diab\u00e8te gestationnel et leurs familles.<\/p>\n<p>&nbsp;<\/p>\t\t\t\t\t\t\t\t<\/div>\n\t\t\t\t<\/div>\n\t\t\t\t\t<\/div>\n\t\t<\/div>\n\t\t\t\t<div class=\"elementor-column elementor-col-50 elementor-inner-column elementor-element elementor-element-e0c61a3\" data-id=\"e0c61a3\" data-element_type=\"column\">\n\t\t\t<div class=\"elementor-widget-wrap elementor-element-populated\">\n\t\t\t\t\t\t<div class=\"elementor-element elementor-element-a4786bd elementor-widget elementor-widget-image\" data-id=\"a4786bd\" data-element_type=\"widget\" data-widget_type=\"image.default\">\n\t\t\t\t<div class=\"elementor-widget-container\">\n\t\t\t\t\t\t\t\t\t\t\t\t\t\t\t<img fetchpriority=\"high\" decoding=\"async\" width=\"426\" height=\"118\" src=\"https:\/\/www.activepatient.ca\/wp-content\/uploads\/2019\/02\/Lawson-Blue-Logo-1.png\" class=\"attachment-large size-large wp-image-4126\" alt=\"\" srcset=\"https:\/\/www.activepatient.ca\/wp-content\/uploads\/2019\/02\/Lawson-Blue-Logo-1.png 426w, https:\/\/www.activepatient.ca\/wp-content\/uploads\/2019\/02\/Lawson-Blue-Logo-1-150x42.png 150w\" sizes=\"(max-width: 426px) 100vw, 426px\" \/>\t\t\t\t\t\t\t\t\t\t\t\t\t\t\t<\/div>\n\t\t\t\t<\/div>\n\t\t\t\t\t<\/div>\n\t\t<\/div>\n\t\t\t\t\t<\/div>\n\t\t<\/section>\n\t\t\t\t<section class=\"elementor-section elementor-inner-section elementor-element elementor-element-0139e68 elementor-section-boxed elementor-section-height-default elementor-section-height-default\" data-id=\"0139e68\" data-element_type=\"section\">\n\t\t\t\t\t\t<div class=\"elementor-container elementor-column-gap-default\">\n\t\t\t\t\t<div class=\"elementor-column elementor-col-50 elementor-inner-column elementor-element elementor-element-807d9e4\" data-id=\"807d9e4\" data-element_type=\"column\">\n\t\t\t<div class=\"elementor-widget-wrap elementor-element-populated\">\n\t\t\t\t\t\t<div class=\"elementor-element elementor-element-9b4dd64 elementor-widget elementor-widget-text-editor\" data-id=\"9b4dd64\" data-element_type=\"widget\" data-widget_type=\"text-editor.default\">\n\t\t\t\t<div class=\"elementor-widget-container\">\n\t\t\t\t\t\t\t\t\t<h3>\u00c9quipe de direction et de gestion<\/h3>\n<p>Dr. Kaberi Dasgupta, Chercheur principal &#8211; Institut de recherche du Centre universitaire de sant\u00e9 McGill<\/p>\n<p>Dr. Anne-Sophie Brazeau, L&rsquo;\u00c9cole de nutrition humaine &#8211; Universit\u00e9 McGill<\/p>\n<p>Deborah Chan,\u00a0Assistant de recherche &#8211; Institute de recherche du Centre universit\u00e9 de recherche McGill<\/p>\n<p>John Dowling, D\u00e9veloppeur web &#8211; Institute de recherche du Centre universit\u00e9 de recherche McGill<\/p>\n<p>\u00a0<\/p>\t\t\t\t\t\t\t\t<\/div>\n\t\t\t\t<\/div>\n\t\t\t\t\t<\/div>\n\t\t<\/div>\n\t\t\t\t<div class=\"elementor-column elementor-col-50 elementor-inner-column elementor-element elementor-element-244affb\" data-id=\"244affb\" data-element_type=\"column\">\n\t\t\t<div class=\"elementor-widget-wrap elementor-element-populated\">\n\t\t\t\t\t\t<div class=\"elementor-element elementor-element-b71b5c7 elementor-widget elementor-widget-image\" data-id=\"b71b5c7\" data-element_type=\"widget\" data-widget_type=\"image.default\">\n\t\t\t\t<div class=\"elementor-widget-container\">\n\t\t\t\t\t\t\t\t\t\t\t\t<figure class=\"wp-caption\">\n\t\t\t\t\t\t\t\t\t\t<img decoding=\"async\" width=\"600\" height=\"368\" src=\"https:\/\/www.activepatient.ca\/wp-content\/uploads\/2019\/02\/leadership-and-managementteam.jpg\" class=\"attachment-full size-full wp-image-4114\" alt=\"\" srcset=\"https:\/\/www.activepatient.ca\/wp-content\/uploads\/2019\/02\/leadership-and-managementteam.jpg 600w, https:\/\/www.activepatient.ca\/wp-content\/uploads\/2019\/02\/leadership-and-managementteam-150x92.jpg 150w\" sizes=\"(max-width: 600px) 100vw, 600px\" \/>\t\t\t\t\t\t\t\t\t\t\t<figcaption class=\"widget-image-caption wp-caption-text\"><\/figcaption>\n\t\t\t\t\t\t\t\t\t\t<\/figure>\n\t\t\t\t\t\t\t\t\t<\/div>\n\t\t\t\t<\/div>\n\t\t\t\t<div class=\"elementor-element elementor-element-65368a7 elementor-widget elementor-widget-image\" data-id=\"65368a7\" data-element_type=\"widget\" data-widget_type=\"image.default\">\n\t\t\t\t<div class=\"elementor-widget-container\">\n\t\t\t\t\t\t\t\t\t\t\t\t\t\t\t\t<a href=\"https:\/\/lawson.ca\/\">\n\t\t\t\t\t\t\t<img decoding=\"async\" src=\"http:\/\/www.activepatient.ca\/gdm\/wp-content\/uploads\/2018\/10\/Lawson_Navy2.png\" title=\"\" alt=\"\" loading=\"lazy\" \/>\t\t\t\t\t\t\t\t<\/a>\n\t\t\t\t\t\t\t\t\t\t\t\t\t\t\t<\/div>\n\t\t\t\t<\/div>\n\t\t\t\t\t<\/div>\n\t\t<\/div>\n\t\t\t\t\t<\/div>\n\t\t<\/section>\n\t\t\t\t<section class=\"elementor-section elementor-inner-section elementor-element elementor-element-f423196 elementor-section-boxed elementor-section-height-default elementor-section-height-default\" data-id=\"f423196\" data-element_type=\"section\">\n\t\t\t\t\t\t<div class=\"elementor-container elementor-column-gap-default\">\n\t\t\t\t\t<div class=\"elementor-column elementor-col-50 elementor-inner-column elementor-element elementor-element-2d9dab7\" data-id=\"2d9dab7\" data-element_type=\"column\">\n\t\t\t<div class=\"elementor-widget-wrap elementor-element-populated\">\n\t\t\t\t\t\t<div class=\"elementor-element elementor-element-9172269 elementor-widget elementor-widget-text-editor\" data-id=\"9172269\" data-element_type=\"widget\" data-widget_type=\"text-editor.default\">\n\t\t\t\t<div class=\"elementor-widget-container\">\n\t\t\t\t\t\t\t\t\t<h3>\u00c9quipe activit\u00e9 physique<\/h3>\n<p>Dr. Chris Shields &#8211; Kin\u00e9siologie &#8211; Universit\u00e9 Acadia<\/p>\n<p>Dr. Jonathon Fowles &#8211;\u00a0Kin\u00e9siologie &#8211; Universit\u00e9 Acadia<\/p>\n<p>Dr. Michelle Mottola &#8211;\u00a0Laboratoire d&rsquo;exercice et de grossesse &#8211; \u00c9cole de kin\u00e9siologie &#8211; Universit\u00e9 Western<\/p>\n<p>Taniya Singh Nagpal, MSc &#8211; Universit\u00e9 Western<\/p>\t\t\t\t\t\t\t\t<\/div>\n\t\t\t\t<\/div>\n\t\t\t\t\t<\/div>\n\t\t<\/div>\n\t\t\t\t<div class=\"elementor-column elementor-col-50 elementor-inner-column elementor-element elementor-element-2f18712\" data-id=\"2f18712\" data-element_type=\"column\">\n\t\t\t<div class=\"elementor-widget-wrap elementor-element-populated\">\n\t\t\t\t\t\t<div class=\"elementor-element elementor-element-858b97f elementor-widget elementor-widget-image\" data-id=\"858b97f\" data-element_type=\"widget\" data-widget_type=\"image.default\">\n\t\t\t\t<div class=\"elementor-widget-container\">\n\t\t\t\t\t\t\t\t\t\t\t\t\t\t\t<img decoding=\"async\" src=\"https:\/\/www.activepatient.ca\/wp-content\/uploads\/elementor\/thumbs\/RunnningShoeIcon.Blue_-o52awz5t0vhc4pu1jxvoqy5q1wpe45zhcx7pum0nz0.png\" title=\"RunnningShoeIcon.Blue\" alt=\"RunnningShoeIcon.Blue\" loading=\"lazy\" \/>\t\t\t\t\t\t\t\t\t\t\t\t\t\t\t<\/div>\n\t\t\t\t<\/div>\n\t\t\t\t\t<\/div>\n\t\t<\/div>\n\t\t\t\t\t<\/div>\n\t\t<\/section>\n\t\t\t\t<section class=\"elementor-section elementor-inner-section elementor-element elementor-element-9ba57e4 elementor-section-boxed elementor-section-height-default elementor-section-height-default\" data-id=\"9ba57e4\" data-element_type=\"section\">\n\t\t\t\t\t\t<div class=\"elementor-container elementor-column-gap-default\">\n\t\t\t\t\t<div class=\"elementor-column elementor-col-50 elementor-inner-column elementor-element elementor-element-73aeab8\" data-id=\"73aeab8\" data-element_type=\"column\">\n\t\t\t<div class=\"elementor-widget-wrap elementor-element-populated\">\n\t\t\t\t\t\t<div class=\"elementor-element elementor-element-027d8bd elementor-widget elementor-widget-text-editor\" data-id=\"027d8bd\" data-element_type=\"widget\" data-widget_type=\"text-editor.default\">\n\t\t\t\t<div class=\"elementor-widget-container\">\n\t\t\t\t\t\t\t\t\t<h3>\u00c9quipe Nutrition<\/h3>\n<p>Dr. Catherine Chan &#8211; Nutrition humaine &#8211; Universit\u00e9 de Alberta\u00a0<\/p>\n<p>Am\u00e9lie Roy-Fleming, MSc, RD &#8211; L&rsquo;\u00c9cole de nutrition humaine &#8211; Universit\u00e9 McGill<\/p>\n<p>Diala Reda, MSc &#8211; Di\u00e9t\u00e9ticienne &#8211; Centre universitaire de sant\u00e9 McGill<\/p>\n<p>Sedra Jundi, MSc &#8211; Di\u00e9t\u00e9ticienne &#8211;\u00a0 Universit\u00e9 McGill<\/p>\n<p>Dorsa Alavifard, \u00c9tudiant MSc &#8211; L&rsquo;\u00c9cole de nutrition humaine &#8211; Universit\u00e9 McGill<\/p>\n<p>Nam Nguyen, BSc &#8211;\u00a0 Universit\u00e9 de Alberta\u00a0<\/p>\t\t\t\t\t\t\t\t<\/div>\n\t\t\t\t<\/div>\n\t\t\t\t\t<\/div>\n\t\t<\/div>\n\t\t\t\t<div class=\"elementor-column elementor-col-50 elementor-inner-column elementor-element elementor-element-a75e11a\" data-id=\"a75e11a\" data-element_type=\"column\">\n\t\t\t<div class=\"elementor-widget-wrap elementor-element-populated\">\n\t\t\t\t\t\t<div class=\"elementor-element elementor-element-103a907 elementor-widget elementor-widget-image\" data-id=\"103a907\" data-element_type=\"widget\" data-widget_type=\"image.default\">\n\t\t\t\t<div class=\"elementor-widget-container\">\n\t\t\t\t\t\t\t\t\t\t\t\t\t\t\t<img decoding=\"async\" src=\"https:\/\/www.activepatient.ca\/wp-content\/uploads\/elementor\/thumbs\/noun_recipe_1884279_369fe1-o43ah8dozoveg614kc0ko6pfyn6dv12vurmkdp9tcg.png\" title=\"noun_recipe_1884279_369fe1\" alt=\"noun_recipe_1884279_369fe1\" loading=\"lazy\" \/>\t\t\t\t\t\t\t\t\t\t\t\t\t\t\t<\/div>\n\t\t\t\t<\/div>\n\t\t\t\t\t<\/div>\n\t\t<\/div>\n\t\t\t\t\t<\/div>\n\t\t<\/section>\n\t\t\t\t<section class=\"elementor-section elementor-inner-section elementor-element elementor-element-6cf2999 elementor-section-boxed elementor-section-height-default elementor-section-height-default\" data-id=\"6cf2999\" data-element_type=\"section\">\n\t\t\t\t\t\t<div class=\"elementor-container elementor-column-gap-default\">\n\t\t\t\t\t<div class=\"elementor-column elementor-col-50 elementor-inner-column elementor-element elementor-element-f3609a7\" data-id=\"f3609a7\" data-element_type=\"column\">\n\t\t\t<div class=\"elementor-widget-wrap elementor-element-populated\">\n\t\t\t\t\t\t<div class=\"elementor-element elementor-element-a3e37c7 elementor-widget elementor-widget-text-editor\" data-id=\"a3e37c7\" data-element_type=\"widget\" data-widget_type=\"text-editor.default\">\n\t\t\t\t<div class=\"elementor-widget-container\">\n\t\t\t\t\t\t\t\t\t<h3>M\u00e9decins<\/h3><p>Dr. Sonia Butalia &#8211;\u00a0Cumming School of Medicine &#8211; University of Calgary<\/p><p>Dr. Ilana Halperin &#8211; Sunnybrook Health Sciences Centre<\/p><p>Dr. Natasha Garfield &#8211; Centre universit\u00e9 de sant\u00e9 McGill<\/p><p>Dr. Rachel Bond\u00a0 &#8211; Centre universit\u00e9 de sant\u00e9 McGill<\/p><p>Dr. Sara Meltzer &#8211; Centre universit\u00e9 de sant\u00e9 McGill<\/p><p>Dr. Ariane Godbout &#8211;\u00a0Centre hospitalier de l&rsquo;Universit\u00e9 de Montr\u00e9al<\/p><p>Dr. Baiju Shah &#8211; Sunnybrook Health Sciences Centre<\/p><p>Dr. Lorraine Lipscombe &#8211;\u00a0Women&rsquo;s College Hospital &#8211; University of Toronto<\/p><p>Dr. Jillian Coolen &#8211; IWK Health Centre &#8211; Halifax<\/p><p>Dr. Thomas Ransom &#8211; Dalhousie University<\/p><p>Dr. Garry Shen &#8211; University of Manitoba<\/p><p>Dr. Jennifer Yamamoto \u2013 University of Manitoba<\/p>\t\t\t\t\t\t\t\t<\/div>\n\t\t\t\t<\/div>\n\t\t\t\t\t<\/div>\n\t\t<\/div>\n\t\t\t\t<div class=\"elementor-column elementor-col-50 elementor-inner-column elementor-element elementor-element-5d357e1\" data-id=\"5d357e1\" data-element_type=\"column\">\n\t\t\t<div class=\"elementor-widget-wrap\">\n\t\t\t\t\t\t\t<\/div>\n\t\t<\/div>\n\t\t\t\t\t<\/div>\n\t\t<\/section>\n\t\t\t\t<section class=\"elementor-section elementor-inner-section elementor-element elementor-element-14bc912 elementor-section-boxed elementor-section-height-default elementor-section-height-default\" data-id=\"14bc912\" data-element_type=\"section\">\n\t\t\t\t\t\t<div class=\"elementor-container elementor-column-gap-default\">\n\t\t\t\t\t<div class=\"elementor-column elementor-col-50 elementor-inner-column elementor-element elementor-element-b23f1d4\" data-id=\"b23f1d4\" data-element_type=\"column\">\n\t\t\t<div class=\"elementor-widget-wrap elementor-element-populated\">\n\t\t\t\t\t\t<div class=\"elementor-element elementor-element-6ed5839 elementor-widget elementor-widget-text-editor\" data-id=\"6ed5839\" data-element_type=\"widget\" data-widget_type=\"text-editor.default\">\n\t\t\t\t<div class=\"elementor-widget-container\">\n\t\t\t\t\t\t\t\t\t<h3>Psychologue de la sant\u00e9<\/h3>\n<p>Dr. Deborah Da Costa &#8211; Institut de recherche du Centre universitaire de sant\u00e9 McGill<\/p>\t\t\t\t\t\t\t\t<\/div>\n\t\t\t\t<\/div>\n\t\t\t\t\t<\/div>\n\t\t<\/div>\n\t\t\t\t<div class=\"elementor-column elementor-col-50 elementor-inner-column elementor-element elementor-element-37b439d\" data-id=\"37b439d\" data-element_type=\"column\">\n\t\t\t<div class=\"elementor-widget-wrap\">\n\t\t\t\t\t\t\t<\/div>\n\t\t<\/div>\n\t\t\t\t\t<\/div>\n\t\t<\/section>\n\t\t\t\t<section class=\"elementor-section elementor-inner-section elementor-element elementor-element-6b833c3 elementor-section-boxed elementor-section-height-default elementor-section-height-default\" data-id=\"6b833c3\" data-element_type=\"section\">\n\t\t\t\t\t\t<div class=\"elementor-container elementor-column-gap-default\">\n\t\t\t\t\t<div class=\"elementor-column elementor-col-50 elementor-inner-column elementor-element elementor-element-f245a2e\" data-id=\"f245a2e\" data-element_type=\"column\">\n\t\t\t<div class=\"elementor-widget-wrap elementor-element-populated\">\n\t\t\t\t\t\t<div class=\"elementor-element elementor-element-457f51b elementor-widget elementor-widget-text-editor\" data-id=\"457f51b\" data-element_type=\"widget\" data-widget_type=\"text-editor.default\">\n\t\t\t\t<div class=\"elementor-widget-container\">\n\t\t\t\t\t\t\t\t\t<h3>M\u00e9decin assistant<\/h3>\nSection Endocrine and Metabolism, St Boniface General Hospital, Winnipeg, Manitoba\t\t\t\t\t\t\t\t<\/div>\n\t\t\t\t<\/div>\n\t\t\t\t\t<\/div>\n\t\t<\/div>\n\t\t\t\t<div class=\"elementor-column elementor-col-50 elementor-inner-column elementor-element elementor-element-ebc124b\" data-id=\"ebc124b\" data-element_type=\"column\">\n\t\t\t<div class=\"elementor-widget-wrap\">\n\t\t\t\t\t\t\t<\/div>\n\t\t<\/div>\n\t\t\t\t\t<\/div>\n\t\t<\/section>\n\t\t\t\t<section class=\"elementor-section elementor-inner-section elementor-element elementor-element-197f05b elementor-section-boxed elementor-section-height-default elementor-section-height-default\" data-id=\"197f05b\" data-element_type=\"section\">\n\t\t\t\t\t\t<div class=\"elementor-container elementor-column-gap-default\">\n\t\t\t\t\t<div class=\"elementor-column elementor-col-50 elementor-inner-column elementor-element elementor-element-3d4ccf1\" data-id=\"3d4ccf1\" data-element_type=\"column\">\n\t\t\t<div class=\"elementor-widget-wrap elementor-element-populated\">\n\t\t\t\t\t\t<div class=\"elementor-element elementor-element-f918a1b elementor-widget elementor-widget-text-editor\" data-id=\"f918a1b\" data-element_type=\"widget\" data-widget_type=\"text-editor.default\">\n\t\t\t\t<div class=\"elementor-widget-container\">\n\t\t\t\t\t\t\t\t\t<h3>Patients-partenaires<\/h3><p>Crystal Mitchell\u00a0<br \/>Lisa Back\u00a0<\/p>\t\t\t\t\t\t\t\t<\/div>\n\t\t\t\t<\/div>\n\t\t\t\t\t<\/div>\n\t\t<\/div>\n\t\t\t\t<div class=\"elementor-column elementor-col-50 elementor-inner-column elementor-element elementor-element-03a0898\" data-id=\"03a0898\" data-element_type=\"column\">\n\t\t\t<div class=\"elementor-widget-wrap\">\n\t\t\t\t\t\t\t<\/div>\n\t\t<\/div>\n\t\t\t\t\t<\/div>\n\t\t<\/section>\n\t\t\t\t\t<\/div>\n\t\t<\/div>\n\t\t\t\t\t<\/div>\n\t\t<\/section>\n\t\t\t\t<\/div>\n\t\t","protected":false},"excerpt":{"rendered":"<p>Le projet Patiente Active avec Diab\u00e8te Gestationnel est dirig\u00e9 par Dr Kaberi Dasgupta et soutenu par la Fondation Lawson. Ce site Web a \u00e9t\u00e9 d\u00e9velopp\u00e9 dans le cadre de ce projet afin de combler un manque de ressources d\u2019information et de motivation pour les femmes atteintes de diab\u00e8te gestationnel et leurs familles. &nbsp; \u00c9quipe de &#8230; <a title=\"\u00c9quipe\" class=\"read-more\" href=\"https:\/\/www.activepatient.ca\/fr\/team\/\">Lire la suite <span class=\"screen-reader-text\">\u00c9quipe<\/span><\/a><\/p>\n","protected":false},"author":1,"featured_media":0,"parent":0,"menu_order":0,"comment_status":"closed","ping_status":"closed","template":"","meta":{"_acf_changed":false,"ngg_post_thumbnail":0,"h5ap_radio_sources":[],"footnotes":""},"class_list":["post-1985","page","type-page","status-publish"],"acf":[],"_links":{"self":[{"href":"https:\/\/www.activepatient.ca\/fr\/wp-json\/wp\/v2\/pages\/1985","targetHints":{"allow":["GET"]}}],"collection":[{"href":"https:\/\/www.activepatient.ca\/fr\/wp-json\/wp\/v2\/pages"}],"about":[{"href":"https:\/\/www.activepatient.ca\/fr\/wp-json\/wp\/v2\/types\/page"}],"author":[{"embeddable":true,"href":"https:\/\/www.activepatient.ca\/fr\/wp-json\/wp\/v2\/users\/1"}],"replies":[{"embeddable":true,"href":"https:\/\/www.activepatient.ca\/fr\/wp-json\/wp\/v2\/comments?post=1985"}],"version-history":[{"count":4,"href":"https:\/\/www.activepatient.ca\/fr\/wp-json\/wp\/v2\/pages\/1985\/revisions"}],"predecessor-version":[{"id":8073,"href":"https:\/\/www.activepatient.ca\/fr\/wp-json\/wp\/v2\/pages\/1985\/revisions\/8073"}],"wp:attachment":[{"href":"https:\/\/www.activepatient.ca\/fr\/wp-json\/wp\/v2\/media?parent=1985"}],"curies":[{"name":"wp","href":"https:\/\/api.w.org\/{rel}","templated":true}]}}